{"id":14971,"date":"2022-09-01T14:31:26","date_gmt":"2022-09-01T14:31:26","guid":{"rendered":"https:\/\/pronounce.com\/?page_id=14971"},"modified":"2024-02-02T13:59:24","modified_gmt":"2024-02-02T13:59:24","slug":"kontakt","status":"publish","type":"page","link":"https:\/\/pronounce.com\/pl\/o-nas\/kontakt\/","title":{"rendered":"Kontakt"},"content":{"rendered":"\t\t<div data-elementor-type=\"wp-page\" data-elementor-id=\"14971\" class=\"elementor elementor-14971 elementor-5730\" data-elementor-post-type=\"page\">\n\t\t\t\t\t\t<section class=\"elementor-section elementor-top-section elementor-element elementor-element-7255253 con-top elementor-section-boxed elementor-section-height-default elementor-section-height-default\" data-id=\"7255253\" data-element_type=\"section\" data-e-type=\"section\">\n\t\t\t\t\t\t<div class=\"elementor-container elementor-column-gap-default\">\n\t\t\t\t\t<div class=\"elementor-column elementor-col-100 elementor-top-column elementor-element elementor-element-23fc04b\" data-id=\"23fc04b\" data-element_type=\"column\" data-e-type=\"column\">\n\t\t\t<div class=\"elementor-widget-wrap elementor-element-populated\">\n\t\t\t\t\t\t<div class=\"elementor-element elementor-element-80d2109 elementor-widget elementor-widget-heading\" data-id=\"80d2109\" data-element_type=\"widget\" data-e-type=\"widget\" data-widget_type=\"heading.default\">\n\t\t\t\t<div class=\"elementor-widget-container\">\n\t\t\t\t\t<h1 class=\"elementor-heading-title elementor-size-default\">Irene i ca\u0142y zesp\u00f3\u0142 odpowiedz\u0105 najszybciej jak to mo\u017cliwe.<\/h1>\t\t\t\t<\/div>\n\t\t\t\t<\/div>\n\t\t\t\t<div class=\"elementor-element elementor-element-9ffb880 elementor-widget elementor-widget-text-editor\" data-id=\"9ffb880\" data-element_type=\"widget\" data-e-type=\"widget\" data-widget_type=\"text-editor.default\">\n\t\t\t\t<div class=\"elementor-widget-container\">\n\t\t\t\t\t\t\t\t\t<p>By\u0107 mo\u017ce odpowied\u017a na Twoje pytanie jest ju\u017c w FAQ. Zach\u0119camy do lektury:<\/p>\t\t\t\t\t\t\t\t<\/div>\n\t\t\t\t<\/div>\n\t\t\t\t<div class=\"elementor-element elementor-element-496e758 elementor-widget elementor-widget-text-editor\" data-id=\"496e758\" data-element_type=\"widget\" data-e-type=\"widget\" data-widget_type=\"text-editor.default\">\n\t\t\t\t<div class=\"elementor-widget-container\">\n\t\t\t\t\t\t\t\t\t<div class=\"cta-wrapper\"><a href=\"\/pl\/faq\">Zapoznaj si\u0119 z FAQ<\/a><\/div>\t\t\t\t\t\t\t\t<\/div>\n\t\t\t\t<\/div>\n\t\t\t\t\t<\/div>\n\t\t<\/div>\n\t\t\t\t\t<\/div>\n\t\t<\/section>\n\t\t\t\t<section class=\"elementor-section elementor-top-section elementor-element elementor-element-69399e2 que-form elementor-section-full_width elementor-reverse-mobile elementor-section-height-default elementor-section-height-default\" data-id=\"69399e2\" data-element_type=\"section\" data-e-type=\"section\">\n\t\t\t\t\t\t<div class=\"elementor-container elementor-column-gap-default\">\n\t\t\t\t\t<div class=\"elementor-column elementor-col-50 elementor-top-column elementor-element elementor-element-38ddcab rev-block\" data-id=\"38ddcab\" data-element_type=\"column\" data-e-type=\"column\">\n\t\t\t<div class=\"elementor-widget-wrap elementor-element-populated\">\n\t\t\t\t\t\t<div class=\"elementor-element elementor-element-21c2178 elementor-widget elementor-widget-text-editor\" data-id=\"21c2178\" data-element_type=\"widget\" data-e-type=\"widget\" data-widget_type=\"text-editor.default\">\n\t\t\t\t<div class=\"elementor-widget-container\">\n\t\t\t\t\t\t\t\t\t<div class=\"img-text\"><p class=\"img-text-p\">Zadaj pytanie. Odpowiemy na nie po polsku, francusku, angielsku lub hiszpa\u0144sku.<\/p><\/div>\t\t\t\t\t\t\t\t<\/div>\n\t\t\t\t<\/div>\n\t\t\t\t<div class=\"elementor-element elementor-element-a4b6b68 elementor-widget elementor-widget-image\" data-id=\"a4b6b68\" data-element_type=\"widget\" data-e-type=\"widget\" data-widget_type=\"image.default\">\n\t\t\t\t<div class=\"elementor-widget-container\">\n\t\t\t\t\t\t\t\t\t\t\t\t\t\t\t<img fetchpriority=\"high\" decoding=\"async\" width=\"464\" height=\"443\" src=\"https:\/\/pronounce.com\/app\/uploads\/2022\/03\/MG_6474_720x687px.png\" class=\"attachment-full size-full wp-image-6901\" alt=\"Irene Pronounce\" srcset=\"https:\/\/pronounce.com\/app\/uploads\/2022\/03\/MG_6474_720x687px.png 464w, https:\/\/pronounce.com\/app\/uploads\/2022\/03\/MG_6474_720x687px-300x286.png 300w\" sizes=\"(max-width: 464px) 100vw, 464px\" \/>\t\t\t\t\t\t\t\t\t\t\t\t\t\t\t<\/div>\n\t\t\t\t<\/div>\n\t\t\t\t\t<\/div>\n\t\t<\/div>\n\t\t\t\t<div class=\"elementor-column elementor-col-50 elementor-top-column elementor-element elementor-element-4f16c1c\" data-id=\"4f16c1c\" data-element_type=\"column\" data-e-type=\"column\">\n\t\t\t<div class=\"elementor-widget-wrap elementor-element-populated\">\n\t\t\t\t\t\t<div class=\"elementor-element elementor-element-7cdf1f5 elementor-widget elementor-widget-html\" data-id=\"7cdf1f5\" data-element_type=\"widget\" data-e-type=\"widget\" data-widget_type=\"html.default\">\n\t\t\t\t<div class=\"elementor-widget-container\">\n\t\t\t\t\t<!--[if lte IE 8]>\n<script charset=\"utf-8\" type=\"text\/javascript\" src=\"\/\/js-eu1.hsforms.net\/forms\/v2-legacy.js\"><\/script>\n<![endif]-->\n<script charset=\"utf-8\" type=\"text\/javascript\" src=\"\/\/js.hsforms.net\/forms\/embed\/v2.js\"><\/script>\n<script>\n  hbspt.forms.create({\n    region: \"na1\",\n    portalId: \"4540908\",\n    formId: \"61eb75a3-8e51-4948-8c17-df708a8dc6db\"\n  });\n<\/script>\t\t\t\t<\/div>\n\t\t\t\t<\/div>\n\t\t\t\t\t<\/div>\n\t\t<\/div>\n\t\t\t\t\t<\/div>\n\t\t<\/section>\n\t\t\t\t<section class=\"elementor-section elementor-top-section elementor-element elementor-element-4b90f1c3 elementor-section-height-min-height elementor-section-boxed elementor-section-height-default elementor-section-items-middle\" data-id=\"4b90f1c3\" data-element_type=\"section\" data-e-type=\"section\" data-settings=\"{&quot;background_background&quot;:&quot;classic&quot;}\">\n\t\t\t\t\t\t<div class=\"elementor-container elementor-column-gap-default\">\n\t\t\t\t\t<div class=\"elementor-column elementor-col-100 elementor-top-column elementor-element elementor-element-300a79a3\" data-id=\"300a79a3\" data-element_type=\"column\" data-e-type=\"column\">\n\t\t\t<div class=\"elementor-widget-wrap elementor-element-populated\">\n\t\t\t\t\t\t<section class=\"elementor-section elementor-inner-section elementor-element elementor-element-5514bd16 c-flex elementor-section-boxed elementor-section-height-default elementor-section-height-default\" data-id=\"5514bd16\" data-element_type=\"section\" data-e-type=\"section\">\n\t\t\t\t\t\t<div class=\"elementor-container elementor-column-gap-default\">\n\t\t\t\t\t<div class=\"elementor-column elementor-col-100 elementor-inner-column elementor-element elementor-element-1823a423\" data-id=\"1823a423\" data-element_type=\"column\" data-e-type=\"column\">\n\t\t\t<div class=\"elementor-widget-wrap elementor-element-populated\">\n\t\t\t\t\t\t<div class=\"elementor-element elementor-element-7e2e5931 elementor-widget elementor-widget-heading\" data-id=\"7e2e5931\" data-element_type=\"widget\" data-e-type=\"widget\" data-widget_type=\"heading.default\">\n\t\t\t\t<div class=\"elementor-widget-container\">\n\t\t\t\t\t<h2 class=\"elementor-heading-title elementor-size-default\">Potrzebujesz pomocy? Znajdziesz nas tutaj.<\/h2>\t\t\t\t<\/div>\n\t\t\t\t<\/div>\n\t\t\t\t\t<\/div>\n\t\t<\/div>\n\t\t\t\t\t<\/div>\n\t\t<\/section>\n\t\t\t\t<section class=\"elementor-section elementor-inner-section elementor-element elementor-element-3fa29d66 c-flex elementor-section-boxed elementor-section-height-default elementor-section-height-default\" data-id=\"3fa29d66\" data-element_type=\"section\" data-e-type=\"section\">\n\t\t\t\t\t\t<div class=\"elementor-container elementor-column-gap-default\">\n\t\t\t\t\t<div class=\"elementor-column elementor-col-33 elementor-inner-column elementor-element elementor-element-5b143a4c\" data-id=\"5b143a4c\" data-element_type=\"column\" data-e-type=\"column\">\n\t\t\t<div class=\"elementor-widget-wrap elementor-element-populated\">\n\t\t\t\t\t\t<div class=\"elementor-element elementor-element-9167621 beson_height elementor-widget__width-initial elementor-widget elementor-widget-html\" data-id=\"9167621\" data-element_type=\"widget\" data-e-type=\"widget\" data-widget_type=\"html.default\">\n\t\t\t\t<div class=\"elementor-widget-container\">\n\t\t\t\t\t<a href=\"mailto:contact@pronounce.com\">\r\n<div class=\"besion-daide\">\r\n<div class=\"beson_icon\"><img decoding=\"async\" src=\"\/app\/uploads\/2022\/03\/Ellipse-54.png\" alt=\"\" width=\"122px\" height=\"122px\" \/>\r\n<img decoding=\"async\" class=\"i2-i1\" src=\"\/app\/uploads\/2022\/03\/Pronounce-Email.png\" width=\"37px\" height=\"24px\" \/><\/div>\r\n<strong>Email<\/strong>\r\n<p class=\"\">Nasz zesp\u00f3\u0142 ch\u0119tnie\r\n<br class=\"\" \/>odpowie na pytania!<\/p>\r\n\r\n<\/div>\r\n<\/a>\t\t\t\t<\/div>\n\t\t\t\t<\/div>\n\t\t\t\t\t<\/div>\n\t\t<\/div>\n\t\t\t\t<div class=\"elementor-column elementor-col-33 elementor-inner-column elementor-element elementor-element-17c4c465\" data-id=\"17c4c465\" data-element_type=\"column\" data-e-type=\"column\">\n\t\t\t<div class=\"elementor-widget-wrap elementor-element-populated\">\n\t\t\t\t\t\t<div class=\"elementor-element elementor-element-7fec704 beson_height elementor-widget__width-initial elementor-widget elementor-widget-html\" data-id=\"7fec704\" data-element_type=\"widget\" data-e-type=\"widget\" data-widget_type=\"html.default\">\n\t\t\t\t<div class=\"elementor-widget-container\">\n\t\t\t\t\t<a href=\"#hs-chat-open\"><div class=\"besion-daide\">\r\n<div class=\"beson_icon\"><img decoding=\"async\" src=\"\/app\/uploads\/2022\/03\/Ellipse-54.png\" alt=\"\" width=\"122px\" height=\"122px\" \/>\r\n<img decoding=\"async\" class=\"i2\" src=\"\/app\/uploads\/2022\/03\/Pronounce-chat.png\" width=\"37px\" height=\"24px\" \/><\/div>\r\n<strong>Czat<\/strong>\r\n<p class=\"\">Poniedzia\u0142ek - pi\u0105tek<br class=\"\" \/> 9:00-17:00 (GMT+1)<\/p>\r\n<\/div><\/a>\t\t\t\t<\/div>\n\t\t\t\t<\/div>\n\t\t\t\t\t<\/div>\n\t\t<\/div>\n\t\t\t\t<div class=\"elementor-column elementor-col-33 elementor-inner-column elementor-element elementor-element-3f2f5f86\" data-id=\"3f2f5f86\" data-element_type=\"column\" data-e-type=\"column\">\n\t\t\t<div class=\"elementor-widget-wrap elementor-element-populated\">\n\t\t\t\t\t\t<div class=\"elementor-element elementor-element-2391c02 beson_height elementor-widget__width-initial elementor-widget elementor-widget-html\" data-id=\"2391c02\" data-element_type=\"widget\" data-e-type=\"widget\" data-widget_type=\"html.default\">\n\t\t\t\t<div class=\"elementor-widget-container\">\n\t\t\t\t\t<a href=\"https:\/\/pronounce.com\/faq\/\">\r\n<div class=\"besion-daide\">\r\n<div class=\"beson_icon\"><img decoding=\"async\" src=\"\/app\/uploads\/2022\/03\/Ellipse-54.png\" alt=\"\" width=\"122px\" height=\"122px\" \/>\r\n<img decoding=\"async\" class=\"i2\" src=\"\/app\/uploads\/2022\/03\/Pronounce-FAQ.png\" width=\"37px\" height=\"24px\" \/><\/div>\r\n<strong>FAQ online<\/strong>\r\n<p class=\"\">Bardzo mo\u017cliwe, \u017ce od razu znajdziesz tu odpowied\u017a na swoje pytanie<\/p>\r\n\r\n<\/div>\r\n<\/a>\t\t\t\t<\/div>\n\t\t\t\t<\/div>\n\t\t\t\t\t<\/div>\n\t\t<\/div>\n\t\t\t\t\t<\/div>\n\t\t<\/section>\n\t\t\t\t\t<\/div>\n\t\t<\/div>\n\t\t\t\t\t<\/div>\n\t\t<\/section>\n\t\t\t\t<section class=\"elementor-section elementor-top-section elementor-element elementor-element-7f92fed elementor-section-boxed elementor-section-height-default elementor-section-height-default\" data-id=\"7f92fed\" data-element_type=\"section\" data-e-type=\"section\">\n\t\t\t\t\t\t<div class=\"elementor-container elementor-column-gap-default\">\n\t\t\t\t\t<div class=\"elementor-column elementor-col-100 elementor-top-column elementor-element elementor-element-e2f3c91\" data-id=\"e2f3c91\" data-element_type=\"column\" data-e-type=\"column\">\n\t\t\t<div class=\"elementor-widget-wrap elementor-element-populated\">\n\t\t\t\t\t\t<div class=\"elementor-element elementor-element-77defac elementor-widget elementor-widget-html\" data-id=\"77defac\" data-element_type=\"widget\" data-e-type=\"widget\" data-widget_type=\"html.default\">\n\t\t\t\t<div class=\"elementor-widget-container\">\n\t\t\t\t\t<script>\nif ($(window).width() < 768) {\n   $('.image').children('img').remove();\n   $('.image').append(\"<img src='\/app\/uploads\/2022\/03\/resized2.jpg'\/>\");\n}\n\n$( window ).resize(function() {\n    \nif ($(window).width() > 768) {\n    $('.image').children('img').attr(\"src\", \"\/app\/uploads\/2022\/03\/Groupe-de-masques-2-2.jpg\")\n}\nelse if ($(window).width() < 768) {\n    $('.image').children('img').attr(\"src\", \"\/app\/uploads\/2022\/03\/resized2.jpg\")\n}\n});\n<\/script>\t\t\t\t<\/div>\n\t\t\t\t<\/div>\n\t\t\t\t\t<\/div>\n\t\t<\/div>\n\t\t\t\t\t<\/div>\n\t\t<\/section>\n\t\t\t\t<\/div>\n\t\t","protected":false},"excerpt":{"rendered":"<p>Irene i ca\u0142y zesp\u00f3\u0142 odpowiedz\u0105 najszybciej jak to mo\u017cliwe. By\u0107 mo\u017ce odpowied\u017a na Twoje pytanie jest ju\u017c w FAQ. Zach\u0119camy do lektury: Zapoznaj si\u0119 z FAQ Zadaj pytanie. Odpowiemy na nie po polsku, francusku, angielsku lub hiszpa\u0144sku. Potrzebujesz pomocy? Znajdziesz nas tutaj. Email Nasz zesp\u00f3\u0142 ch\u0119tnie odpowie na pytania! Czat Poniedzia\u0142ek &#8211; pi\u0105tek 9:00-17:00 (GMT+1) [&hellip;]<\/p>\n","protected":false},"author":22,"featured_media":0,"parent":14939,"menu_order":0,"comment_status":"closed","ping_status":"closed","template":"","meta":{"_acf_changed":false,"footnotes":""},"class_list":["post-14971","page","type-page","status-publish","hentry"],"acf":[],"yoast_head":"<!-- This site is optimized with the Yoast SEO plugin v27.5 - https:\/\/yoast.com\/product\/yoast-seo-wordpress\/ -->\n<title>Masz pytanie? Skontaktuj si\u0119 z nami! - Pronounce<\/title>\n<meta name=\"description\" content=\"Masz pytanie dotycz\u0105ce zestawu s\u0142uchawkowego Pronounce\u00ae? Skontaktuj si\u0119 z nami przez czat, e-mail lub telefon i uzyskaj szybk\u0105 odpowied\u017a!\" \/>\n<meta name=\"robots\" content=\"index, follow, max-snippet:-1, max-image-preview:large, max-video-preview:-1\" \/>\n<link rel=\"canonical\" href=\"https:\/\/pronounce.com\/pl\/o-nas\/kontakt\/\" \/>\n<meta property=\"og:locale\" content=\"pl_PL\" \/>\n<meta property=\"og:type\" content=\"article\" \/>\n<meta property=\"og:title\" content=\"Masz pytanie? Skontaktuj si\u0119 z nami! - Pronounce\" \/>\n<meta property=\"og:description\" content=\"Masz pytanie dotycz\u0105ce zestawu s\u0142uchawkowego Pronounce\u00ae? Skontaktuj si\u0119 z nami przez czat, e-mail lub telefon i uzyskaj szybk\u0105 odpowied\u017a!\" \/>\n<meta property=\"og:url\" content=\"https:\/\/pronounce.com\/pl\/o-nas\/kontakt\/\" \/>\n<meta property=\"og:site_name\" content=\"Pronounce\" \/>\n<meta property=\"article:modified_time\" content=\"2024-02-02T13:59:24+00:00\" \/>\n<meta property=\"og:image\" content=\"https:\/\/pronounce.com\/app\/uploads\/2022\/03\/MG_6474_720x687px.png\" \/>\n<meta name=\"twitter:card\" content=\"summary_large_image\" \/>\n<meta name=\"twitter:label1\" content=\"Est. reading time\" \/>\n\t<meta name=\"twitter:data1\" content=\"2 minutes\" \/>\n<script type=\"application\/ld+json\" class=\"yoast-schema-graph\">{\"@context\":\"https:\\\/\\\/schema.org\",\"@graph\":[{\"@type\":\"WebPage\",\"@id\":\"https:\\\/\\\/pronounce.com\\\/pl\\\/o-nas\\\/kontakt\\\/\",\"url\":\"https:\\\/\\\/pronounce.com\\\/pl\\\/o-nas\\\/kontakt\\\/\",\"name\":\"Masz pytanie? Skontaktuj si\u0119 z nami! - Pronounce\",\"isPartOf\":{\"@id\":\"https:\\\/\\\/pronounce.com\\\/pl\\\/#website\"},\"primaryImageOfPage\":{\"@id\":\"https:\\\/\\\/pronounce.com\\\/pl\\\/o-nas\\\/kontakt\\\/#primaryimage\"},\"image\":{\"@id\":\"https:\\\/\\\/pronounce.com\\\/pl\\\/o-nas\\\/kontakt\\\/#primaryimage\"},\"thumbnailUrl\":\"https:\\\/\\\/pronounce.com\\\/app\\\/uploads\\\/2022\\\/03\\\/MG_6474_720x687px.png\",\"datePublished\":\"2022-09-01T14:31:26+00:00\",\"dateModified\":\"2024-02-02T13:59:24+00:00\",\"description\":\"Masz pytanie dotycz\u0105ce zestawu s\u0142uchawkowego Pronounce\u00ae? Skontaktuj si\u0119 z nami przez czat, e-mail lub telefon i uzyskaj szybk\u0105 odpowied\u017a!\",\"breadcrumb\":{\"@id\":\"https:\\\/\\\/pronounce.com\\\/pl\\\/o-nas\\\/kontakt\\\/#breadcrumb\"},\"inLanguage\":\"pl-PL\",\"potentialAction\":[{\"@type\":\"ReadAction\",\"target\":[\"https:\\\/\\\/pronounce.com\\\/pl\\\/o-nas\\\/kontakt\\\/\"]}]},{\"@type\":\"ImageObject\",\"inLanguage\":\"pl-PL\",\"@id\":\"https:\\\/\\\/pronounce.com\\\/pl\\\/o-nas\\\/kontakt\\\/#primaryimage\",\"url\":\"https:\\\/\\\/pronounce.com\\\/app\\\/uploads\\\/2022\\\/03\\\/MG_6474_720x687px.png\",\"contentUrl\":\"https:\\\/\\\/pronounce.com\\\/app\\\/uploads\\\/2022\\\/03\\\/MG_6474_720x687px.png\"},{\"@type\":\"BreadcrumbList\",\"@id\":\"https:\\\/\\\/pronounce.com\\\/pl\\\/o-nas\\\/kontakt\\\/#breadcrumb\",\"itemListElement\":[{\"@type\":\"ListItem\",\"position\":1,\"name\":\"Home\",\"item\":\"https:\\\/\\\/pronounce.com\\\/pl\\\/\"},{\"@type\":\"ListItem\",\"position\":2,\"name\":\"O nas\",\"item\":\"https:\\\/\\\/pronounce.com\\\/pl\\\/o-nas\\\/\"},{\"@type\":\"ListItem\",\"position\":3,\"name\":\"Kontakt\"}]},{\"@type\":\"WebSite\",\"@id\":\"https:\\\/\\\/pronounce.com\\\/pl\\\/#website\",\"url\":\"https:\\\/\\\/pronounce.com\\\/pl\\\/\",\"name\":\"Pronounce\",\"description\":\"\",\"potentialAction\":[{\"@type\":\"SearchAction\",\"target\":{\"@type\":\"EntryPoint\",\"urlTemplate\":\"https:\\\/\\\/pronounce.com\\\/pl\\\/?s={search_term_string}\"},\"query-input\":{\"@type\":\"PropertyValueSpecification\",\"valueRequired\":true,\"valueName\":\"search_term_string\"}}],\"inLanguage\":\"pl-PL\"}]}<\/script>\n<!-- \/ Yoast SEO plugin. -->","yoast_head_json":{"title":"Masz pytanie? Skontaktuj si\u0119 z nami! - Pronounce","description":"Masz pytanie dotycz\u0105ce zestawu s\u0142uchawkowego Pronounce\u00ae? Skontaktuj si\u0119 z nami przez czat, e-mail lub telefon i uzyskaj szybk\u0105 odpowied\u017a!","robots":{"index":"index","follow":"follow","max-snippet":"max-snippet:-1","max-image-preview":"max-image-preview:large","max-video-preview":"max-video-preview:-1"},"canonical":"https:\/\/pronounce.com\/pl\/o-nas\/kontakt\/","og_locale":"pl_PL","og_type":"article","og_title":"Masz pytanie? Skontaktuj si\u0119 z nami! - Pronounce","og_description":"Masz pytanie dotycz\u0105ce zestawu s\u0142uchawkowego Pronounce\u00ae? Skontaktuj si\u0119 z nami przez czat, e-mail lub telefon i uzyskaj szybk\u0105 odpowied\u017a!","og_url":"https:\/\/pronounce.com\/pl\/o-nas\/kontakt\/","og_site_name":"Pronounce","article_modified_time":"2024-02-02T13:59:24+00:00","og_image":[{"url":"https:\/\/pronounce.com\/app\/uploads\/2022\/03\/MG_6474_720x687px.png","type":"","width":"","height":""}],"twitter_card":"summary_large_image","twitter_misc":{"Est. reading time":"2 minutes"},"schema":{"@context":"https:\/\/schema.org","@graph":[{"@type":"WebPage","@id":"https:\/\/pronounce.com\/pl\/o-nas\/kontakt\/","url":"https:\/\/pronounce.com\/pl\/o-nas\/kontakt\/","name":"Masz pytanie? Skontaktuj si\u0119 z nami! - Pronounce","isPartOf":{"@id":"https:\/\/pronounce.com\/pl\/#website"},"primaryImageOfPage":{"@id":"https:\/\/pronounce.com\/pl\/o-nas\/kontakt\/#primaryimage"},"image":{"@id":"https:\/\/pronounce.com\/pl\/o-nas\/kontakt\/#primaryimage"},"thumbnailUrl":"https:\/\/pronounce.com\/app\/uploads\/2022\/03\/MG_6474_720x687px.png","datePublished":"2022-09-01T14:31:26+00:00","dateModified":"2024-02-02T13:59:24+00:00","description":"Masz pytanie dotycz\u0105ce zestawu s\u0142uchawkowego Pronounce\u00ae? Skontaktuj si\u0119 z nami przez czat, e-mail lub telefon i uzyskaj szybk\u0105 odpowied\u017a!","breadcrumb":{"@id":"https:\/\/pronounce.com\/pl\/o-nas\/kontakt\/#breadcrumb"},"inLanguage":"pl-PL","potentialAction":[{"@type":"ReadAction","target":["https:\/\/pronounce.com\/pl\/o-nas\/kontakt\/"]}]},{"@type":"ImageObject","inLanguage":"pl-PL","@id":"https:\/\/pronounce.com\/pl\/o-nas\/kontakt\/#primaryimage","url":"https:\/\/pronounce.com\/app\/uploads\/2022\/03\/MG_6474_720x687px.png","contentUrl":"https:\/\/pronounce.com\/app\/uploads\/2022\/03\/MG_6474_720x687px.png"},{"@type":"BreadcrumbList","@id":"https:\/\/pronounce.com\/pl\/o-nas\/kontakt\/#breadcrumb","itemListElement":[{"@type":"ListItem","position":1,"name":"Home","item":"https:\/\/pronounce.com\/pl\/"},{"@type":"ListItem","position":2,"name":"O nas","item":"https:\/\/pronounce.com\/pl\/o-nas\/"},{"@type":"ListItem","position":3,"name":"Kontakt"}]},{"@type":"WebSite","@id":"https:\/\/pronounce.com\/pl\/#website","url":"https:\/\/pronounce.com\/pl\/","name":"Pronounce","description":"","potentialAction":[{"@type":"SearchAction","target":{"@type":"EntryPoint","urlTemplate":"https:\/\/pronounce.com\/pl\/?s={search_term_string}"},"query-input":{"@type":"PropertyValueSpecification","valueRequired":true,"valueName":"search_term_string"}}],"inLanguage":"pl-PL"}]}},"_links":{"self":[{"href":"https:\/\/pronounce.com\/pl\/wp-json\/wp\/v2\/pages\/14971","targetHints":{"allow":["GET"]}}],"collection":[{"href":"https:\/\/pronounce.com\/pl\/wp-json\/wp\/v2\/pages"}],"about":[{"href":"https:\/\/pronounce.com\/pl\/wp-json\/wp\/v2\/types\/page"}],"author":[{"embeddable":true,"href":"https:\/\/pronounce.com\/pl\/wp-json\/wp\/v2\/users\/22"}],"replies":[{"embeddable":true,"href":"https:\/\/pronounce.com\/pl\/wp-json\/wp\/v2\/comments?post=14971"}],"version-history":[{"count":6,"href":"https:\/\/pronounce.com\/pl\/wp-json\/wp\/v2\/pages\/14971\/revisions"}],"predecessor-version":[{"id":18593,"href":"https:\/\/pronounce.com\/pl\/wp-json\/wp\/v2\/pages\/14971\/revisions\/18593"}],"up":[{"embeddable":true,"href":"https:\/\/pronounce.com\/pl\/wp-json\/wp\/v2\/pages\/14939"}],"wp:attachment":[{"href":"https:\/\/pronounce.com\/pl\/wp-json\/wp\/v2\/media?parent=14971"}],"curies":[{"name":"wp","href":"https:\/\/api.w.org\/{rel}","templated":true}]}}