{"id":14958,"date":"2022-09-01T14:23:21","date_gmt":"2022-09-01T14:23:21","guid":{"rendered":"https:\/\/pronounce.com\/?page_id=14958"},"modified":"2022-09-01T14:30:16","modified_gmt":"2022-09-01T14:30:16","slug":"manifest","status":"publish","type":"page","link":"https:\/\/pronounce.com\/pl\/o-nas\/manifest\/","title":{"rendered":"Manifest"},"content":{"rendered":"\t\t<div data-elementor-type=\"wp-page\" data-elementor-id=\"14958\" class=\"elementor elementor-14958 elementor-3921\" data-elementor-post-type=\"page\">\n\t\t\t\t\t\t<section class=\"elementor-section elementor-top-section elementor-element elementor-element-5da43d0 elementor-section-height-min-height elementor-section-boxed elementor-section-height-default elementor-section-items-middle\" data-id=\"5da43d0\" data-element_type=\"section\" data-e-type=\"section\" data-settings=\"{&quot;background_background&quot;:&quot;classic&quot;}\">\n\t\t\t\t\t\t<div class=\"elementor-container elementor-column-gap-default\">\n\t\t\t\t\t<div class=\"elementor-column elementor-col-100 elementor-top-column elementor-element elementor-element-f675b68\" data-id=\"f675b68\" data-element_type=\"column\" data-e-type=\"column\">\n\t\t\t<div class=\"elementor-widget-wrap elementor-element-populated\">\n\t\t\t\t\t\t<div class=\"elementor-element elementor-element-b61e8a3 elementor-widget elementor-widget-heading\" data-id=\"b61e8a3\" data-element_type=\"widget\" data-e-type=\"widget\" data-widget_type=\"heading.default\">\n\t\t\t\t<div class=\"elementor-widget-container\">\n\t\t\t\t\t<h1 class=\"elementor-heading-title elementor-size-default\">Nasz manifest<span>.<\/span><\/h1>\t\t\t\t<\/div>\n\t\t\t\t<\/div>\n\t\t\t\t\t<\/div>\n\t\t<\/div>\n\t\t\t\t\t<\/div>\n\t\t<\/section>\n\t\t\t\t<section class=\"elementor-section elementor-top-section elementor-element elementor-element-b92ea23 elementor-section-boxed elementor-section-height-default elementor-section-height-default\" data-id=\"b92ea23\" data-element_type=\"section\" data-e-type=\"section\" data-settings=\"{&quot;background_background&quot;:&quot;classic&quot;}\">\n\t\t\t\t\t\t<div class=\"elementor-container elementor-column-gap-no\">\n\t\t\t\t\t<div class=\"elementor-column elementor-col-100 elementor-top-column elementor-element elementor-element-ce579cc\" data-id=\"ce579cc\" data-element_type=\"column\" data-e-type=\"column\" data-settings=\"{&quot;background_background&quot;:&quot;classic&quot;}\">\n\t\t\t<div class=\"elementor-widget-wrap elementor-element-populated\">\n\t\t\t\t\t\t<section class=\"elementor-section elementor-inner-section elementor-element elementor-element-a6e6992 elementor-section-boxed elementor-section-height-default elementor-section-height-default\" data-id=\"a6e6992\" data-element_type=\"section\" data-e-type=\"section\">\n\t\t\t\t\t\t<div class=\"elementor-container elementor-column-gap-no\">\n\t\t\t\t\t<div class=\"elementor-column elementor-col-100 elementor-inner-column elementor-element elementor-element-a4f3964\" data-id=\"a4f3964\" data-element_type=\"column\" data-e-type=\"column\">\n\t\t\t<div class=\"elementor-widget-wrap elementor-element-populated\">\n\t\t\t\t\t\t<div class=\"elementor-element elementor-element-d968b9b elementor-widget elementor-widget-heading\" data-id=\"d968b9b\" data-element_type=\"widget\" data-e-type=\"widget\" data-widget_type=\"heading.default\">\n\t\t\t\t<div class=\"elementor-widget-container\">\n\t\t\t\t\t<h2 class=\"elementor-heading-title elementor-size-default\">Spe\u0142nij swoje marzenia i m\u00f3w swobodnie po angielsku<span class=\"redDot\">.<\/span><\/h2>\t\t\t\t<\/div>\n\t\t\t\t<\/div>\n\t\t\t\t<div class=\"elementor-element elementor-element-dd2aab4 elementor-widget elementor-widget-heading\" data-id=\"dd2aab4\" data-element_type=\"widget\" data-e-type=\"widget\" data-widget_type=\"heading.default\">\n\t\t\t\t<div class=\"elementor-widget-container\">\n\t\t\t\t\t<h3 class=\"elementor-heading-title elementor-size-default\">Wizja<span class=\"redDot\">.<\/span><\/h3>\t\t\t\t<\/div>\n\t\t\t\t<\/div>\n\t\t\t\t<div class=\"elementor-element elementor-element-2037704 elementor-widget elementor-widget-text-editor\" data-id=\"2037704\" data-element_type=\"widget\" data-e-type=\"widget\" data-widget_type=\"text-editor.default\">\n\t\t\t\t<div class=\"elementor-widget-container\">\n\t\t\t\t\t\t\t\t\t<p>Prze\u0142amywanie barier j\u0119zykowych<\/p>\t\t\t\t\t\t\t\t<\/div>\n\t\t\t\t<\/div>\n\t\t\t\t<div class=\"elementor-element elementor-element-a35e32b elementor-widget elementor-widget-text-editor\" data-id=\"a35e32b\" data-element_type=\"widget\" data-e-type=\"widget\" data-widget_type=\"text-editor.default\">\n\t\t\t\t<div class=\"elementor-widget-container\">\n\t\t\t\t\t\t\t\t\t<p>Uwa\u017camy, \u017ce mowa to sedno cz\u0142owiecze\u0144stwa. G\u0142os jest zwierciad\u0142em duszy.<\/p><p>Pragniemy prze\u0142amywa\u0107 bariery j\u0119zykowe. Chcemy, \u017ceby ludzie z ca\u0142ego \u015bwiata mogli si\u0119 swobodnie komunikowa\u0107 i realizowa\u0107 sw\u00f3j potencja\u0142.<\/p><p>Chcemy zmienia\u0107 ich \u017cycie na lepsze, da\u0107 im zdolno\u015b\u0107 samodzielnego stwarzania szans.<\/p><p>Pragniemy, by m\u00f3wienie po angielsku umo\u017cliwi\u0142o tworzenie wi\u0119zi mi\u0119dzyludzkich i mi\u0119dzykulturowych pomi\u0119dzy lud\u017ami z ca\u0142ego \u015bwiata.<\/p>\t\t\t\t\t\t\t\t<\/div>\n\t\t\t\t<\/div>\n\t\t\t\t<div class=\"elementor-element elementor-element-d6b6a8a elementor-widget elementor-widget-heading\" data-id=\"d6b6a8a\" data-element_type=\"widget\" data-e-type=\"widget\" data-widget_type=\"heading.default\">\n\t\t\t\t<div class=\"elementor-widget-container\">\n\t\t\t\t\t<h3 class=\"elementor-heading-title elementor-size-default\">Koncepcja<span class=\"redDot\">.<\/span><\/h3>\t\t\t\t<\/div>\n\t\t\t\t<\/div>\n\t\t\t\t<div class=\"elementor-element elementor-element-34ac3c8 elementor-widget elementor-widget-text-editor\" data-id=\"34ac3c8\" data-element_type=\"widget\" data-e-type=\"widget\" data-widget_type=\"text-editor.default\">\n\t\t\t\t<div class=\"elementor-widget-container\">\n\t\t\t\t\t\t\t\t\t<p>P\u0142ynne m\u00f3wienie po angielsku przyjdzie Ci naturalnie<\/p>\t\t\t\t\t\t\t\t<\/div>\n\t\t\t\t<\/div>\n\t\t\t\t<div class=\"elementor-element elementor-element-589f1f7 elementor-widget elementor-widget-text-editor\" data-id=\"589f1f7\" data-element_type=\"widget\" data-e-type=\"widget\" data-widget_type=\"text-editor.default\">\n\t\t\t\t<div class=\"elementor-widget-container\">\n\t\t\t\t\t\t\t\t\t<p>Wszyscy rodzimy si\u0119 potencjalnymi poliglotami, z mo\u017cliwo\u015bci\u0105 rozr\u00f3\u017cniania d\u017awi\u0119k\u00f3w ka\u017cdego j\u0119zyka. Ale gdy tylko przyswoimy sobie j\u0119zyk ojczysty, tracimy zdolno\u015b\u0107 do s\u0142yszenia pewnych d\u017awi\u0119k\u00f3w, a szczeg\u00f3lnie tych, kt\u00f3re nie istniej\u0105 w naszym j\u0119zyku.<\/p><p>Uwa\u017camy, \u017ce obecny system nauczania j\u0119zyk\u00f3w jest skostnia\u0142y i opiera si\u0119 na mechanizmach, kt\u00f3re raczej blokuj\u0105 ni\u017c doskonal\u0105 umiej\u0119tno\u015bci i percepcj\u0119. Oferta nauczania angielskiego jest bardzo szeroka, ale brak jej innowacyjno\u015bci, zar\u00f3wno w materia\u0142ach edukacyjnych, jak w metodach nauczania.<\/p><p>Jeste\u015bmy przekonani, \u017ce brak przyswojenia rytmu j\u0119zyka i p\u0142ynno\u015bci wypowiedzi pozbawia nas pewno\u015bci siebie pozwalaj\u0105cej w pe\u0142ni opanowa\u0107 s\u0142ownictwo i sk\u0142adni\u0119.<\/p><p>Wiemy r\u00f3wnie\u017c, \u017ce technologie bazuj\u0105ce na neuronauce oraz innowacyjny proces uczenia si\u0119 pozwol\u0105 ka\u017cdemu rozumie\u0107 angielski i biegle m\u00f3wi\u0107 w tym j\u0119zyku.<\/p>\t\t\t\t\t\t\t\t<\/div>\n\t\t\t\t<\/div>\n\t\t\t\t<div class=\"elementor-element elementor-element-ff7934c elementor-widget elementor-widget-heading\" data-id=\"ff7934c\" data-element_type=\"widget\" data-e-type=\"widget\" data-widget_type=\"heading.default\">\n\t\t\t\t<div class=\"elementor-widget-container\">\n\t\t\t\t\t<h3 class=\"elementor-heading-title elementor-size-default\">Nasze DNA<span class=\"redDot\">.<\/span><\/h3>\t\t\t\t<\/div>\n\t\t\t\t<\/div>\n\t\t\t\t<div class=\"elementor-element elementor-element-6784c65 elementor-widget elementor-widget-text-editor\" data-id=\"6784c65\" data-element_type=\"widget\" data-e-type=\"widget\" data-widget_type=\"text-editor.default\">\n\t\t\t\t<div class=\"elementor-widget-container\">\n\t\t\t\t\t\t\t\t\t<p>Najbardziej naturalny spos\u00f3b na odblokowanie p\u0142ynno\u015bci j\u0119zyka angielskiego.<\/p>\t\t\t\t\t\t\t\t<\/div>\n\t\t\t\t<\/div>\n\t\t\t\t<div class=\"elementor-element elementor-element-0b9afce elementor-widget elementor-widget-text-editor\" data-id=\"0b9afce\" data-element_type=\"widget\" data-e-type=\"widget\" data-widget_type=\"text-editor.default\">\n\t\t\t\t<div class=\"elementor-widget-container\">\n\t\t\t\t\t\t\t\t\t<p>Nie musimy si\u0119 na si\u0142\u0119 odr\u00f3\u017cnia\u0107 od innych firm w tej bran\u017cy, bo po prostu z natury rzeczy jeste\u015bmy inni.\u00a0 Od 60 lat neuronauka jest w centrum naszej metody. Post\u0119py naszych klient\u00f3w s\u0105 najlepszym dowodem na jej skuteczno\u015b\u0107.<\/p><p>Korzystanie z dziedzictwa naukowego wpisuje si\u0119 w nasz\u0105 codzienn\u0105 prac\u0119. Dowodzimy skuteczno\u015bci metody, mierzymy jej efekty i sprawiamy, by sta\u0142a si\u0119 bardziej dost\u0119pna.\u00a0<\/p><p>Nie staramy si\u0119 szuka\u0107 przychylno\u015bci wa\u017cnych os\u00f3b, ale przekona\u0107 szerokie grono odbiorc\u00f3w.\u00a0<\/p><p>Anga\u017cujemy si\u0119 w nasz\u0105 prac\u0119 z g\u0142\u0119bokim przekonaniem, \u017ce w ten spos\u00f3b zmieniamy \u017cycie wielu ludzi na lepsze.<\/p>\t\t\t\t\t\t\t\t<\/div>\n\t\t\t\t<\/div>\n\t\t\t\t<div class=\"elementor-element elementor-element-7647f6c elementor-widget elementor-widget-heading\" data-id=\"7647f6c\" data-element_type=\"widget\" data-e-type=\"widget\" data-widget_type=\"heading.default\">\n\t\t\t\t<div class=\"elementor-widget-container\">\n\t\t\t\t\t<h3 class=\"elementor-heading-title elementor-size-default\">Nasza obietnica<span class=\"redDot\">.<\/span><\/h3>\t\t\t\t<\/div>\n\t\t\t\t<\/div>\n\t\t\t\t<div class=\"elementor-element elementor-element-004550f elementor-widget elementor-widget-text-editor\" data-id=\"004550f\" data-element_type=\"widget\" data-e-type=\"widget\" data-widget_type=\"text-editor.default\">\n\t\t\t\t<div class=\"elementor-widget-container\">\n\t\t\t\t\t\t\t\t\t<p>Wysi\u0142ek, kt\u00f3ry si\u0119 op\u0142aca.<\/p>\t\t\t\t\t\t\t\t<\/div>\n\t\t\t\t<\/div>\n\t\t\t\t<div class=\"elementor-element elementor-element-1e2970d elementor-widget elementor-widget-text-editor\" data-id=\"1e2970d\" data-element_type=\"widget\" data-e-type=\"widget\" data-widget_type=\"text-editor.default\">\n\t\t\t\t<div class=\"elementor-widget-container\">\n\t\t\t\t\t\t\t\t\t<p>\u201cMagic happens when you don\u2019t give up\u201d<\/p><p>W kwestii skuteczno\u015bci nie idziemy na kompromis. Uwa\u017camy, \u017ce to \u017cadna tajemnica \u2013 bez pracy nie ma post\u0119p\u00f3w.<\/p><p>Nie lubimy marketingu, kt\u00f3ry wy\u0142\u0105cza krytyczne my\u015blenie i stawia na lenistwo. Nie przepadamy za subskrypcjami, obietnicami natychmiastowych efekt\u00f3w, bezp\u0142atnymi ofertami, za kt\u00f3re i tak trzeba p\u0142aci\u0107. Uwa\u017camy, \u017ce licz\u0105 si\u0119 tylko efekty.<\/p>\t\t\t\t\t\t\t\t<\/div>\n\t\t\t\t<\/div>\n\t\t\t\t<div class=\"elementor-element elementor-element-26050e7 elementor-hidden-phone elementor-widget elementor-widget-image\" data-id=\"26050e7\" data-element_type=\"widget\" data-e-type=\"widget\" data-widget_type=\"image.default\">\n\t\t\t\t<div class=\"elementor-widget-container\">\n\t\t\t\t\t\t\t\t\t\t\t\t\t\t\t<img fetchpriority=\"high\" decoding=\"async\" width=\"1753\" height=\"1806\" src=\"https:\/\/pronounce.com\/app\/uploads\/2022\/03\/Asset-1-1.jpg\" class=\"attachment-full size-full wp-image-3777\" alt=\"\" srcset=\"https:\/\/pronounce.com\/app\/uploads\/2022\/03\/Asset-1-1.jpg 1753w, https:\/\/pronounce.com\/app\/uploads\/2022\/03\/Asset-1-1-600x618.jpg 600w, https:\/\/pronounce.com\/app\/uploads\/2022\/03\/Asset-1-1-291x300.jpg 291w, https:\/\/pronounce.com\/app\/uploads\/2022\/03\/Asset-1-1-994x1024.jpg 994w, https:\/\/pronounce.com\/app\/uploads\/2022\/03\/Asset-1-1-768x791.jpg 768w, https:\/\/pronounce.com\/app\/uploads\/2022\/03\/Asset-1-1-1491x1536.jpg 1491w, https:\/\/pronounce.com\/app\/uploads\/2022\/03\/Asset-1-1-1200x1236.jpg 1200w\" sizes=\"(max-width: 1753px) 100vw, 1753px\" \/>\t\t\t\t\t\t\t\t\t\t\t\t\t\t\t<\/div>\n\t\t\t\t<\/div>\n\t\t\t\t\t<\/div>\n\t\t<\/div>\n\t\t\t\t\t<\/div>\n\t\t<\/section>\n\t\t\t\t\t<\/div>\n\t\t<\/div>\n\t\t\t\t\t<\/div>\n\t\t<\/section>\n\t\t\t\t<\/div>\n\t\t","protected":false},"excerpt":{"rendered":"<p>Nasz manifest. Spe\u0142nij swoje marzenia i m\u00f3w swobodnie po angielsku. Wizja. Prze\u0142amywanie barier j\u0119zykowych Uwa\u017camy, \u017ce mowa to sedno cz\u0142owiecze\u0144stwa. G\u0142os jest zwierciad\u0142em duszy. Pragniemy prze\u0142amywa\u0107 bariery j\u0119zykowe. Chcemy, \u017ceby ludzie z ca\u0142ego \u015bwiata mogli si\u0119 swobodnie komunikowa\u0107 i realizowa\u0107 sw\u00f3j potencja\u0142. Chcemy zmienia\u0107 ich \u017cycie na lepsze, da\u0107 im zdolno\u015b\u0107 samodzielnego stwarzania szans. Pragniemy, [&hellip;]<\/p>\n","protected":false},"author":22,"featured_media":0,"parent":14939,"menu_order":0,"comment_status":"closed","ping_status":"closed","template":"templates\/template-custom.php","meta":{"_acf_changed":false,"footnotes":""},"class_list":["post-14958","page","type-page","status-publish","hentry"],"acf":[],"yoast_head":"<!-- This site is optimized with the Yoast SEO plugin v27.4 - https:\/\/yoast.com\/product\/yoast-seo-wordpress\/ -->\n<title>Manifest - Pronounce<\/title>\n<meta name=\"robots\" content=\"index, follow, max-snippet:-1, max-image-preview:large, max-video-preview:-1\" \/>\n<link rel=\"canonical\" href=\"https:\/\/pronounce.com\/pl\/o-nas\/manifest\/\" \/>\n<meta property=\"og:locale\" content=\"pl_PL\" \/>\n<meta property=\"og:type\" content=\"article\" \/>\n<meta property=\"og:title\" content=\"Manifest - Pronounce\" \/>\n<meta property=\"og:description\" content=\"Nasz manifest. Spe\u0142nij swoje marzenia i m\u00f3w swobodnie po angielsku. Wizja. Prze\u0142amywanie barier j\u0119zykowych Uwa\u017camy, \u017ce mowa to sedno cz\u0142owiecze\u0144stwa. G\u0142os jest zwierciad\u0142em duszy. Pragniemy prze\u0142amywa\u0107 bariery j\u0119zykowe. Chcemy, \u017ceby ludzie z ca\u0142ego \u015bwiata mogli si\u0119 swobodnie komunikowa\u0107 i realizowa\u0107 sw\u00f3j potencja\u0142. Chcemy zmienia\u0107 ich \u017cycie na lepsze, da\u0107 im zdolno\u015b\u0107 samodzielnego stwarzania szans. Pragniemy, [&hellip;]\" \/>\n<meta property=\"og:url\" content=\"https:\/\/pronounce.com\/pl\/o-nas\/manifest\/\" \/>\n<meta property=\"og:site_name\" content=\"Pronounce\" \/>\n<meta property=\"article:modified_time\" content=\"2022-09-01T14:30:16+00:00\" \/>\n<meta name=\"twitter:card\" content=\"summary_large_image\" \/>\n<meta name=\"twitter:label1\" content=\"Est. reading time\" \/>\n\t<meta name=\"twitter:data1\" content=\"2 minutes\" \/>\n<script type=\"application\/ld+json\" class=\"yoast-schema-graph\">{\"@context\":\"https:\\\/\\\/schema.org\",\"@graph\":[{\"@type\":\"WebPage\",\"@id\":\"https:\\\/\\\/pronounce.com\\\/pl\\\/o-nas\\\/manifest\\\/\",\"url\":\"https:\\\/\\\/pronounce.com\\\/pl\\\/o-nas\\\/manifest\\\/\",\"name\":\"Manifest - Pronounce\",\"isPartOf\":{\"@id\":\"https:\\\/\\\/pronounce.com\\\/pl\\\/#website\"},\"primaryImageOfPage\":{\"@id\":\"https:\\\/\\\/pronounce.com\\\/pl\\\/o-nas\\\/manifest\\\/#primaryimage\"},\"image\":{\"@id\":\"https:\\\/\\\/pronounce.com\\\/pl\\\/o-nas\\\/manifest\\\/#primaryimage\"},\"thumbnailUrl\":\"https:\\\/\\\/pronounce.com\\\/app\\\/uploads\\\/2022\\\/03\\\/Asset-1-1.jpg\",\"datePublished\":\"2022-09-01T14:23:21+00:00\",\"dateModified\":\"2022-09-01T14:30:16+00:00\",\"breadcrumb\":{\"@id\":\"https:\\\/\\\/pronounce.com\\\/pl\\\/o-nas\\\/manifest\\\/#breadcrumb\"},\"inLanguage\":\"pl-PL\",\"potentialAction\":[{\"@type\":\"ReadAction\",\"target\":[\"https:\\\/\\\/pronounce.com\\\/pl\\\/o-nas\\\/manifest\\\/\"]}]},{\"@type\":\"ImageObject\",\"inLanguage\":\"pl-PL\",\"@id\":\"https:\\\/\\\/pronounce.com\\\/pl\\\/o-nas\\\/manifest\\\/#primaryimage\",\"url\":\"https:\\\/\\\/pronounce.com\\\/app\\\/uploads\\\/2022\\\/03\\\/Asset-1-1.jpg\",\"contentUrl\":\"https:\\\/\\\/pronounce.com\\\/app\\\/uploads\\\/2022\\\/03\\\/Asset-1-1.jpg\"},{\"@type\":\"BreadcrumbList\",\"@id\":\"https:\\\/\\\/pronounce.com\\\/pl\\\/o-nas\\\/manifest\\\/#breadcrumb\",\"itemListElement\":[{\"@type\":\"ListItem\",\"position\":1,\"name\":\"Home\",\"item\":\"https:\\\/\\\/pronounce.com\\\/pl\\\/\"},{\"@type\":\"ListItem\",\"position\":2,\"name\":\"O nas\",\"item\":\"https:\\\/\\\/pronounce.com\\\/pl\\\/o-nas\\\/\"},{\"@type\":\"ListItem\",\"position\":3,\"name\":\"Manifest\"}]},{\"@type\":\"WebSite\",\"@id\":\"https:\\\/\\\/pronounce.com\\\/pl\\\/#website\",\"url\":\"https:\\\/\\\/pronounce.com\\\/pl\\\/\",\"name\":\"Pronounce\",\"description\":\"\",\"potentialAction\":[{\"@type\":\"SearchAction\",\"target\":{\"@type\":\"EntryPoint\",\"urlTemplate\":\"https:\\\/\\\/pronounce.com\\\/pl\\\/?s={search_term_string}\"},\"query-input\":{\"@type\":\"PropertyValueSpecification\",\"valueRequired\":true,\"valueName\":\"search_term_string\"}}],\"inLanguage\":\"pl-PL\"}]}<\/script>\n<!-- \/ Yoast SEO plugin. -->","yoast_head_json":{"title":"Manifest - Pronounce","robots":{"index":"index","follow":"follow","max-snippet":"max-snippet:-1","max-image-preview":"max-image-preview:large","max-video-preview":"max-video-preview:-1"},"canonical":"https:\/\/pronounce.com\/pl\/o-nas\/manifest\/","og_locale":"pl_PL","og_type":"article","og_title":"Manifest - Pronounce","og_description":"Nasz manifest. Spe\u0142nij swoje marzenia i m\u00f3w swobodnie po angielsku. Wizja. Prze\u0142amywanie barier j\u0119zykowych Uwa\u017camy, \u017ce mowa to sedno cz\u0142owiecze\u0144stwa. G\u0142os jest zwierciad\u0142em duszy. Pragniemy prze\u0142amywa\u0107 bariery j\u0119zykowe. Chcemy, \u017ceby ludzie z ca\u0142ego \u015bwiata mogli si\u0119 swobodnie komunikowa\u0107 i realizowa\u0107 sw\u00f3j potencja\u0142. Chcemy zmienia\u0107 ich \u017cycie na lepsze, da\u0107 im zdolno\u015b\u0107 samodzielnego stwarzania szans. Pragniemy, [&hellip;]","og_url":"https:\/\/pronounce.com\/pl\/o-nas\/manifest\/","og_site_name":"Pronounce","article_modified_time":"2022-09-01T14:30:16+00:00","twitter_card":"summary_large_image","twitter_misc":{"Est. reading time":"2 minutes"},"schema":{"@context":"https:\/\/schema.org","@graph":[{"@type":"WebPage","@id":"https:\/\/pronounce.com\/pl\/o-nas\/manifest\/","url":"https:\/\/pronounce.com\/pl\/o-nas\/manifest\/","name":"Manifest - Pronounce","isPartOf":{"@id":"https:\/\/pronounce.com\/pl\/#website"},"primaryImageOfPage":{"@id":"https:\/\/pronounce.com\/pl\/o-nas\/manifest\/#primaryimage"},"image":{"@id":"https:\/\/pronounce.com\/pl\/o-nas\/manifest\/#primaryimage"},"thumbnailUrl":"https:\/\/pronounce.com\/app\/uploads\/2022\/03\/Asset-1-1.jpg","datePublished":"2022-09-01T14:23:21+00:00","dateModified":"2022-09-01T14:30:16+00:00","breadcrumb":{"@id":"https:\/\/pronounce.com\/pl\/o-nas\/manifest\/#breadcrumb"},"inLanguage":"pl-PL","potentialAction":[{"@type":"ReadAction","target":["https:\/\/pronounce.com\/pl\/o-nas\/manifest\/"]}]},{"@type":"ImageObject","inLanguage":"pl-PL","@id":"https:\/\/pronounce.com\/pl\/o-nas\/manifest\/#primaryimage","url":"https:\/\/pronounce.com\/app\/uploads\/2022\/03\/Asset-1-1.jpg","contentUrl":"https:\/\/pronounce.com\/app\/uploads\/2022\/03\/Asset-1-1.jpg"},{"@type":"BreadcrumbList","@id":"https:\/\/pronounce.com\/pl\/o-nas\/manifest\/#breadcrumb","itemListElement":[{"@type":"ListItem","position":1,"name":"Home","item":"https:\/\/pronounce.com\/pl\/"},{"@type":"ListItem","position":2,"name":"O nas","item":"https:\/\/pronounce.com\/pl\/o-nas\/"},{"@type":"ListItem","position":3,"name":"Manifest"}]},{"@type":"WebSite","@id":"https:\/\/pronounce.com\/pl\/#website","url":"https:\/\/pronounce.com\/pl\/","name":"Pronounce","description":"","potentialAction":[{"@type":"SearchAction","target":{"@type":"EntryPoint","urlTemplate":"https:\/\/pronounce.com\/pl\/?s={search_term_string}"},"query-input":{"@type":"PropertyValueSpecification","valueRequired":true,"valueName":"search_term_string"}}],"inLanguage":"pl-PL"}]}},"_links":{"self":[{"href":"https:\/\/pronounce.com\/pl\/wp-json\/wp\/v2\/pages\/14958","targetHints":{"allow":["GET"]}}],"collection":[{"href":"https:\/\/pronounce.com\/pl\/wp-json\/wp\/v2\/pages"}],"about":[{"href":"https:\/\/pronounce.com\/pl\/wp-json\/wp\/v2\/types\/page"}],"author":[{"embeddable":true,"href":"https:\/\/pronounce.com\/pl\/wp-json\/wp\/v2\/users\/22"}],"replies":[{"embeddable":true,"href":"https:\/\/pronounce.com\/pl\/wp-json\/wp\/v2\/comments?post=14958"}],"version-history":[{"count":0,"href":"https:\/\/pronounce.com\/pl\/wp-json\/wp\/v2\/pages\/14958\/revisions"}],"up":[{"embeddable":true,"href":"https:\/\/pronounce.com\/pl\/wp-json\/wp\/v2\/pages\/14939"}],"wp:attachment":[{"href":"https:\/\/pronounce.com\/pl\/wp-json\/wp\/v2\/media?parent=14958"}],"curies":[{"name":"wp","href":"https:\/\/api.w.org\/{rel}","templated":true}]}}