{"id":5732,"date":"2022-03-25T10:16:23","date_gmt":"2022-03-25T10:16:23","guid":{"rendered":"https:\/\/pronounce.com\/?page_id=5732"},"modified":"2024-02-02T10:38:50","modified_gmt":"2024-02-02T10:38:50","slug":"retours","status":"publish","type":"page","link":"https:\/\/pronounce.com\/fr\/legal\/retours\/","title":{"rendered":"Garantie et retours"},"content":{"rendered":"\t\t<div data-elementor-type=\"wp-page\" data-elementor-id=\"5732\" class=\"elementor elementor-5732\" data-elementor-post-type=\"page\">\n\t\t\t\t\t\t<section class=\"elementor-section elementor-top-section elementor-element elementor-element-5cdaa91 con-frs elementor-section-boxed elementor-section-height-default elementor-section-height-default\" data-id=\"5cdaa91\" data-element_type=\"section\" data-e-type=\"section\">\n\t\t\t\t\t\t<div class=\"elementor-container elementor-column-gap-default\">\n\t\t\t\t\t<div class=\"elementor-column elementor-col-100 elementor-top-column elementor-element elementor-element-b69b890\" data-id=\"b69b890\" data-element_type=\"column\" data-e-type=\"column\">\n\t\t\t<div class=\"elementor-widget-wrap elementor-element-populated\">\n\t\t\t\t\t\t<div class=\"elementor-element elementor-element-08d445c elementor-widget elementor-widget-heading\" data-id=\"08d445c\" data-element_type=\"widget\" data-e-type=\"widget\" data-widget_type=\"heading.default\">\n\t\t\t\t<div class=\"elementor-widget-container\">\n\t\t\t\t\t<h1 class=\"elementor-heading-title elementor-size-default\">Garantie limit\u00e9e de 2 ans.<\/h1>\t\t\t\t<\/div>\n\t\t\t\t<\/div>\n\t\t\t\t<div class=\"elementor-element elementor-element-df21e6c elementor-widget elementor-widget-text-editor\" data-id=\"df21e6c\" data-element_type=\"widget\" data-e-type=\"widget\" data-widget_type=\"text-editor.default\">\n\t\t\t\t<div class=\"elementor-widget-container\">\n\t\t\t\t\t\t\t\t\t<p>Pronounce a une garantie limit\u00e9e de 2 ans qui couvre l\u2019utilisation normale du produit. Nous garantissons que l\u2019appareil Pronounce est exempt de tout d\u00e9faut de fabrication. Si une panne ou une d\u00e9faillance li\u00e9e \u00e0 un d\u00e9faut de conformit\u00e9 appara\u00eet pendant la dur\u00e9e de vie du produit, nous corrigerons cette non-conformit\u00e9 par r\u00e9paration ou remplacement.<\/p>\t\t\t\t\t\t\t\t<\/div>\n\t\t\t\t<\/div>\n\t\t\t\t\t<\/div>\n\t\t<\/div>\n\t\t\t\t\t<\/div>\n\t\t<\/section>\n\t\t\t\t<section class=\"elementor-section elementor-top-section elementor-element elementor-element-3b7c871 con-frs elementor-section-boxed elementor-section-height-default elementor-section-height-default\" data-id=\"3b7c871\" data-element_type=\"section\" data-e-type=\"section\">\n\t\t\t\t\t\t<div class=\"elementor-container elementor-column-gap-default\">\n\t\t\t\t\t<div class=\"elementor-column elementor-col-100 elementor-top-column elementor-element elementor-element-c7d55e7\" data-id=\"c7d55e7\" data-element_type=\"column\" data-e-type=\"column\">\n\t\t\t<div class=\"elementor-widget-wrap elementor-element-populated\">\n\t\t\t\t\t\t<div class=\"elementor-element elementor-element-658b8a7 elementor-widget elementor-widget-heading\" data-id=\"658b8a7\" data-element_type=\"widget\" data-e-type=\"widget\" data-widget_type=\"heading.default\">\n\t\t\t\t<div class=\"elementor-widget-container\">\n\t\t\t\t\t<h3 class=\"elementor-heading-title elementor-size-default\">Garantie de remboursement de 30 jours.<\/h3>\t\t\t\t<\/div>\n\t\t\t\t<\/div>\n\t\t\t\t<div class=\"elementor-element elementor-element-10583f9 elementor-widget elementor-widget-text-editor\" data-id=\"10583f9\" data-element_type=\"widget\" data-e-type=\"widget\" data-widget_type=\"text-editor.default\">\n\t\t\t\t<div class=\"elementor-widget-container\">\n\t\t\t\t\t\t\t\t\t<p>Pronounce offre une garantie de remboursement de 30 jours. Si, pour quelque raison que ce soit, vous souhaitez retourner le casque Pronounce, faites-le nous savoir dans les 30 jours suivant la r\u00e9ception du produit, et nous vous rembourserons int\u00e9gralement. Pour initier la proc\u00e9dure de retour, veuillez remplir le formulaire de garantie de remboursement de 30 jours ci-dessous.<\/p>\t\t\t\t\t\t\t\t<\/div>\n\t\t\t\t<\/div>\n\t\t\t\t\t<\/div>\n\t\t<\/div>\n\t\t\t\t\t<\/div>\n\t\t<\/section>\n\t\t\t\t<section class=\"elementor-section elementor-top-section elementor-element elementor-element-e6d620d con-tabs elementor-section-boxed elementor-section-height-default elementor-section-height-default\" data-id=\"e6d620d\" data-element_type=\"section\" data-e-type=\"section\">\n\t\t\t\t\t\t<div class=\"elementor-container elementor-column-gap-default\">\n\t\t\t\t\t<div class=\"elementor-column elementor-col-100 elementor-top-column elementor-element elementor-element-9bcd59a\" data-id=\"9bcd59a\" data-element_type=\"column\" data-e-type=\"column\">\n\t\t\t<div class=\"elementor-widget-wrap elementor-element-populated\">\n\t\t\t\t\t\t<div class=\"elementor-element elementor-element-d24914a elementor-tabs-alignment-center elementor-tabs-view-horizontal elementor-widget elementor-widget-tabs\" data-id=\"d24914a\" data-element_type=\"widget\" data-e-type=\"widget\" data-widget_type=\"tabs.default\">\n\t\t\t\t<div class=\"elementor-widget-container\">\n\t\t\t\t\t\t\t<div class=\"elementor-tabs\">\n\t\t\t<div class=\"elementor-tabs-wrapper\" role=\"tablist\" >\n\t\t\t\t\t\t\t\t\t<div id=\"elementor-tab-title-2201\" class=\"elementor-tab-title elementor-tab-desktop-title\" aria-selected=\"true\" data-tab=\"1\" role=\"tab\" tabindex=\"0\" aria-controls=\"elementor-tab-content-2201\" aria-expanded=\"false\">Garantie limit\u00e9e de 2 ans<\/div>\n\t\t\t\t\t\t\t\t\t<div id=\"elementor-tab-title-2202\" class=\"elementor-tab-title elementor-tab-desktop-title\" aria-selected=\"false\" data-tab=\"2\" role=\"tab\" tabindex=\"-1\" aria-controls=\"elementor-tab-content-2202\" aria-expanded=\"false\">Garantie de remboursement de 30 jours<\/div>\n\t\t\t\t\t\t\t<\/div>\n\t\t\t<div class=\"elementor-tabs-content-wrapper\" role=\"tablist\" aria-orientation=\"vertical\">\n\t\t\t\t\t\t\t\t\t<div class=\"elementor-tab-title elementor-tab-mobile-title\" aria-selected=\"true\" data-tab=\"1\" role=\"tab\" tabindex=\"0\" aria-controls=\"elementor-tab-content-2201\" aria-expanded=\"false\">Garantie limit\u00e9e de 2 ans<\/div>\n\t\t\t\t\t<div id=\"elementor-tab-content-2201\" class=\"elementor-tab-content elementor-clearfix\" data-tab=\"1\" role=\"tabpanel\" aria-labelledby=\"elementor-tab-title-2201\" tabindex=\"0\" hidden=\"false\"><p class=\"con-t-p1\">Demande de r\u00e9paration Pronounce (garantie de 2 ans) :<\/p>\n<p class=\"con-t-p2\">Veuillez remplir ce formulaire si votre casque Pronounce a cess\u00e9 de fonctionner de mani\u00e8re inattendue et si vous souhaitez renvoyer le casque et obtenir une r\u00e9paration ou un remplacement.<\/p>\n\n<div class=\"con-t-forms\">\n\n<!-- [if lte IE 8]&gt;-->\n\n<script charset=\"utf-8\" type=\"text\/javascript\" src=\"\/\/js.hsforms.net\/forms\/embed\/v2.js\"><\/script>\n<script>\n  hbspt.forms.create({\n    region: \"na1\",\n    portalId: \"4540908\",\n    formId: \"f7281439-3b62-45a9-874b-69fb3f2a7db2\"\n  });\n<\/script>\n\n<\/div><\/div>\n\t\t\t\t\t\t\t\t\t<div class=\"elementor-tab-title elementor-tab-mobile-title\" aria-selected=\"false\" data-tab=\"2\" role=\"tab\" tabindex=\"-1\" aria-controls=\"elementor-tab-content-2202\" aria-expanded=\"false\">Garantie de remboursement de 30 jours<\/div>\n\t\t\t\t\t<div id=\"elementor-tab-content-2202\" class=\"elementor-tab-content elementor-clearfix\" data-tab=\"2\" role=\"tabpanel\" aria-labelledby=\"elementor-tab-title-2202\" tabindex=\"0\" hidden=\"hidden\"><p class=\"con-t-p1\">Soumettre ma demande de remboursement int\u00e9gral (garantie de remboursement de 30 jours) :<\/p>\n<p class=\"con-t-p2\">Veuillez remplir ce formulaire si vous souhaitez retourner le casque et \u00eatre rembours\u00e9. Ceci s\u2019applique uniquement aux commandes livr\u00e9es il y a moins de 30 jours.<\/p>\n\n<div class=\"con-t-forms\">\n\n<!-- [if lte IE 8]&gt;-->\n\n<script charset=\"utf-8\" type=\"text\/javascript\" src=\"\/\/js.hsforms.net\/forms\/embed\/v2.js\"><\/script>\n<script>\n  hbspt.forms.create({\n    region: \"na1\",\n    portalId: \"4540908\",\n    formId: \"a8f3a28a-e99f-45c7-a491-c5bb59e5b963\"\n  });\n<\/script>\n\n<\/div><\/div>\n\t\t\t\t\t\t\t<\/div>\n\t\t<\/div>\n\t\t\t\t\t\t<\/div>\n\t\t\t\t<\/div>\n\t\t\t\t\t<\/div>\n\t\t<\/div>\n\t\t\t\t\t<\/div>\n\t\t<\/section>\n\t\t\t\t<section class=\"elementor-section elementor-top-section elementor-element elementor-element-1798c10d elementor-section-height-min-height elementor-section-boxed elementor-section-height-default elementor-section-items-middle\" data-id=\"1798c10d\" data-element_type=\"section\" data-e-type=\"section\" data-settings=\"{&quot;background_background&quot;:&quot;classic&quot;}\">\n\t\t\t\t\t\t<div class=\"elementor-container elementor-column-gap-default\">\n\t\t\t\t\t<div class=\"elementor-column elementor-col-100 elementor-top-column elementor-element elementor-element-6404f453\" data-id=\"6404f453\" data-element_type=\"column\" data-e-type=\"column\">\n\t\t\t<div class=\"elementor-widget-wrap elementor-element-populated\">\n\t\t\t\t\t\t<section class=\"elementor-section elementor-inner-section elementor-element elementor-element-17d32f7c c-flex elementor-section-boxed elementor-section-height-default elementor-section-height-default\" data-id=\"17d32f7c\" data-element_type=\"section\" data-e-type=\"section\">\n\t\t\t\t\t\t<div class=\"elementor-container elementor-column-gap-default\">\n\t\t\t\t\t<div class=\"elementor-column elementor-col-100 elementor-inner-column elementor-element elementor-element-2b3c161\" data-id=\"2b3c161\" data-element_type=\"column\" data-e-type=\"column\">\n\t\t\t<div class=\"elementor-widget-wrap elementor-element-populated\">\n\t\t\t\t\t\t<div class=\"elementor-element elementor-element-49466283 elementor-widget elementor-widget-heading\" data-id=\"49466283\" data-element_type=\"widget\" data-e-type=\"widget\" data-widget_type=\"heading.default\">\n\t\t\t\t<div class=\"elementor-widget-container\">\n\t\t\t\t\t<h2 class=\"elementor-heading-title elementor-size-default\">Besoin d\u2019aide ? Nous sommes l\u00e0<span class=\"red-span\">.<\/span><\/h2>\t\t\t\t<\/div>\n\t\t\t\t<\/div>\n\t\t\t\t\t<\/div>\n\t\t<\/div>\n\t\t\t\t\t<\/div>\n\t\t<\/section>\n\t\t\t\t<section class=\"elementor-section elementor-inner-section elementor-element elementor-element-7d073fb5 c-flex elementor-section-boxed elementor-section-height-default elementor-section-height-default\" data-id=\"7d073fb5\" data-element_type=\"section\" data-e-type=\"section\">\n\t\t\t\t\t\t<div class=\"elementor-container elementor-column-gap-default\">\n\t\t\t\t\t<div class=\"elementor-column elementor-col-33 elementor-inner-column elementor-element elementor-element-650b4ca5\" data-id=\"650b4ca5\" data-element_type=\"column\" data-e-type=\"column\">\n\t\t\t<div class=\"elementor-widget-wrap elementor-element-populated\">\n\t\t\t\t\t\t<div class=\"elementor-element elementor-element-385e15c beson_height elementor-widget__width-initial elementor-widget elementor-widget-html\" data-id=\"385e15c\" data-element_type=\"widget\" data-e-type=\"widget\" data-widget_type=\"html.default\">\n\t\t\t\t<div class=\"elementor-widget-container\">\n\t\t\t\t\t<a href=\"#contact@pronounce.com\">\r\n<div class=\"besion-daide\">\r\n<div class=\"beson_icon\"><img decoding=\"async\" src=\"\/app\/uploads\/2022\/03\/Ellipse-54.png\" alt=\"\" width=\"122px\" height=\"122px\" \/>\r\n<img decoding=\"async\" class=\"i2-i1\" src=\"\/app\/uploads\/2022\/03\/Pronounce-Email.png\" width=\"37px\" height=\"24px\" \/><\/div>\r\n<strong>Par e-mail<\/strong>\r\n<p class=\"\">Notre service client sera\r\nravi<br class=\"\" \/>de vous aider!<\/p>\r\n\r\n<\/div>\r\n<\/a>\t\t\t\t<\/div>\n\t\t\t\t<\/div>\n\t\t\t\t\t<\/div>\n\t\t<\/div>\n\t\t\t\t<div class=\"elementor-column elementor-col-33 elementor-inner-column elementor-element elementor-element-3e31054f\" data-id=\"3e31054f\" data-element_type=\"column\" data-e-type=\"column\">\n\t\t\t<div class=\"elementor-widget-wrap elementor-element-populated\">\n\t\t\t\t\t\t<div class=\"elementor-element elementor-element-6032fb4 beson_height elementor-widget__width-initial elementor-widget elementor-widget-html\" data-id=\"6032fb4\" data-element_type=\"widget\" data-e-type=\"widget\" data-widget_type=\"html.default\">\n\t\t\t\t<div class=\"elementor-widget-container\">\n\t\t\t\t\t<a href=\"#hs-chat-open\">\r\n<div class=\"besion-daide\">\r\n<div class=\"beson_icon\"><img decoding=\"async\" src=\"\/app\/uploads\/2022\/03\/Ellipse-54.png\" alt=\"\" width=\"122px\" height=\"122px\" \/>\r\n<img decoding=\"async\" class=\"i2\" src=\"\/app\/uploads\/2022\/03\/Pronounce-chat.png\" width=\"37px\" height=\"24px\" \/><\/div>\r\n<strong>Par chat<\/strong>\r\n<p class=\"\">Du lundi au vendredi<br class=\"\" \/>de 9h \u00e0 17h<\/p>\r\n\r\n<\/div>\r\n<\/a>\t\t\t\t<\/div>\n\t\t\t\t<\/div>\n\t\t\t\t\t<\/div>\n\t\t<\/div>\n\t\t\t\t<div class=\"elementor-column elementor-col-33 elementor-inner-column elementor-element elementor-element-11ca7898\" data-id=\"11ca7898\" data-element_type=\"column\" data-e-type=\"column\">\n\t\t\t<div class=\"elementor-widget-wrap elementor-element-populated\">\n\t\t\t\t\t\t<div class=\"elementor-element elementor-element-08668d5 beson_height elementor-widget__width-initial elementor-widget elementor-widget-html\" data-id=\"08668d5\" data-element_type=\"widget\" data-e-type=\"widget\" data-widget_type=\"html.default\">\n\t\t\t\t<div class=\"elementor-widget-container\">\n\t\t\t\t\t<a href=\"\/fr\/faq\/\">\r\n<div class=\"besion-daide\">\r\n<div class=\"beson_icon\"><img decoding=\"async\" src=\"\/app\/uploads\/2022\/03\/Ellipse-54.png\" alt=\"\" width=\"122px\" height=\"122px\" \/>\r\n<img decoding=\"async\" class=\"i2\" src=\"\/app\/uploads\/2022\/03\/Pronounce-FAQ.png\" width=\"37px\" height=\"24px\" \/><\/div>\r\n<strong>FAQ en ligne<\/strong>\r\n<p class=\"\">La r\u00e9ponse \u00e0 votre question<br class=\"\" \/>est probablement l\u00e0 !<\/p>\r\n\r\n<\/div>\r\n<\/a>\t\t\t\t<\/div>\n\t\t\t\t<\/div>\n\t\t\t\t\t<\/div>\n\t\t<\/div>\n\t\t\t\t\t<\/div>\n\t\t<\/section>\n\t\t\t\t\t<\/div>\n\t\t<\/div>\n\t\t\t\t\t<\/div>\n\t\t<\/section>\n\t\t\t\t<\/div>\n\t\t","protected":false},"excerpt":{"rendered":"<p>Garantie limit\u00e9e de 2 ans. Pronounce a une garantie limit\u00e9e de 2 ans qui couvre l\u2019utilisation normale du produit. Nous garantissons que l\u2019appareil Pronounce est exempt de tout d\u00e9faut de fabrication. Si une panne ou une d\u00e9faillance li\u00e9e \u00e0 un d\u00e9faut de conformit\u00e9 appara\u00eet pendant la dur\u00e9e de vie du produit, nous corrigerons cette non-conformit\u00e9 [&hellip;]<\/p>\n","protected":false},"author":2,"featured_media":0,"parent":12725,"menu_order":0,"comment_status":"closed","ping_status":"closed","template":"","meta":{"_acf_changed":false,"footnotes":""},"class_list":["post-5732","page","type-page","status-publish","hentry"],"acf":[],"yoast_head":"<!-- This site is optimized with the Yoast SEO plugin v27.4 - https:\/\/yoast.com\/product\/yoast-seo-wordpress\/ -->\n<title>Garantie et retours - Pronounce<\/title>\n<meta name=\"robots\" content=\"noindex, follow\" \/>\n<meta property=\"og:locale\" content=\"fr_FR\" \/>\n<meta property=\"og:type\" content=\"article\" \/>\n<meta property=\"og:title\" content=\"Garantie et retours - Pronounce\" \/>\n<meta property=\"og:description\" content=\"Garantie limit\u00e9e de 2 ans. Pronounce a une garantie limit\u00e9e de 2 ans qui couvre l\u2019utilisation normale du produit. Nous garantissons que l\u2019appareil Pronounce est exempt de tout d\u00e9faut de fabrication. Si une panne ou une d\u00e9faillance li\u00e9e \u00e0 un d\u00e9faut de conformit\u00e9 appara\u00eet pendant la dur\u00e9e de vie du produit, nous corrigerons cette non-conformit\u00e9 [&hellip;]\" \/>\n<meta property=\"og:url\" content=\"https:\/\/pronounce.com\/fr\/legal\/retours\/\" \/>\n<meta property=\"og:site_name\" content=\"Pronounce\" \/>\n<meta property=\"article:modified_time\" content=\"2024-02-02T10:38:50+00:00\" \/>\n<meta name=\"twitter:card\" content=\"summary_large_image\" \/>\n<meta name=\"twitter:label1\" content=\"Est. reading time\" \/>\n\t<meta name=\"twitter:data1\" content=\"3 minutes\" \/>\n<script type=\"application\/ld+json\" class=\"yoast-schema-graph\">{\"@context\":\"https:\\\/\\\/schema.org\",\"@graph\":[{\"@type\":\"WebPage\",\"@id\":\"https:\\\/\\\/pronounce.com\\\/fr\\\/legal\\\/retours\\\/\",\"url\":\"https:\\\/\\\/pronounce.com\\\/fr\\\/legal\\\/retours\\\/\",\"name\":\"Garantie et retours - Pronounce\",\"isPartOf\":{\"@id\":\"https:\\\/\\\/pronounce.com\\\/fr\\\/#website\"},\"datePublished\":\"2022-03-25T10:16:23+00:00\",\"dateModified\":\"2024-02-02T10:38:50+00:00\",\"breadcrumb\":{\"@id\":\"https:\\\/\\\/pronounce.com\\\/fr\\\/legal\\\/retours\\\/#breadcrumb\"},\"inLanguage\":\"fr-FR\",\"potentialAction\":[{\"@type\":\"ReadAction\",\"target\":[\"https:\\\/\\\/pronounce.com\\\/fr\\\/legal\\\/retours\\\/\"]}]},{\"@type\":\"BreadcrumbList\",\"@id\":\"https:\\\/\\\/pronounce.com\\\/fr\\\/legal\\\/retours\\\/#breadcrumb\",\"itemListElement\":[{\"@type\":\"ListItem\",\"position\":1,\"name\":\"Home\",\"item\":\"https:\\\/\\\/pronounce.com\\\/fr\\\/\"},{\"@type\":\"ListItem\",\"position\":2,\"name\":\"L\u00e9gal\",\"item\":\"https:\\\/\\\/pronounce.com\\\/fr\\\/legal\\\/\"},{\"@type\":\"ListItem\",\"position\":3,\"name\":\"Garantie et retours\"}]},{\"@type\":\"WebSite\",\"@id\":\"https:\\\/\\\/pronounce.com\\\/fr\\\/#website\",\"url\":\"https:\\\/\\\/pronounce.com\\\/fr\\\/\",\"name\":\"Pronounce\",\"description\":\"\",\"potentialAction\":[{\"@type\":\"SearchAction\",\"target\":{\"@type\":\"EntryPoint\",\"urlTemplate\":\"https:\\\/\\\/pronounce.com\\\/fr\\\/?s={search_term_string}\"},\"query-input\":{\"@type\":\"PropertyValueSpecification\",\"valueRequired\":true,\"valueName\":\"search_term_string\"}}],\"inLanguage\":\"fr-FR\"}]}<\/script>\n<!-- \/ Yoast SEO plugin. -->","yoast_head_json":{"title":"Garantie et retours - Pronounce","robots":{"index":"noindex","follow":"follow"},"og_locale":"fr_FR","og_type":"article","og_title":"Garantie et retours - Pronounce","og_description":"Garantie limit\u00e9e de 2 ans. Pronounce a une garantie limit\u00e9e de 2 ans qui couvre l\u2019utilisation normale du produit. Nous garantissons que l\u2019appareil Pronounce est exempt de tout d\u00e9faut de fabrication. Si une panne ou une d\u00e9faillance li\u00e9e \u00e0 un d\u00e9faut de conformit\u00e9 appara\u00eet pendant la dur\u00e9e de vie du produit, nous corrigerons cette non-conformit\u00e9 [&hellip;]","og_url":"https:\/\/pronounce.com\/fr\/legal\/retours\/","og_site_name":"Pronounce","article_modified_time":"2024-02-02T10:38:50+00:00","twitter_card":"summary_large_image","twitter_misc":{"Est. reading time":"3 minutes"},"schema":{"@context":"https:\/\/schema.org","@graph":[{"@type":"WebPage","@id":"https:\/\/pronounce.com\/fr\/legal\/retours\/","url":"https:\/\/pronounce.com\/fr\/legal\/retours\/","name":"Garantie et retours - Pronounce","isPartOf":{"@id":"https:\/\/pronounce.com\/fr\/#website"},"datePublished":"2022-03-25T10:16:23+00:00","dateModified":"2024-02-02T10:38:50+00:00","breadcrumb":{"@id":"https:\/\/pronounce.com\/fr\/legal\/retours\/#breadcrumb"},"inLanguage":"fr-FR","potentialAction":[{"@type":"ReadAction","target":["https:\/\/pronounce.com\/fr\/legal\/retours\/"]}]},{"@type":"BreadcrumbList","@id":"https:\/\/pronounce.com\/fr\/legal\/retours\/#breadcrumb","itemListElement":[{"@type":"ListItem","position":1,"name":"Home","item":"https:\/\/pronounce.com\/fr\/"},{"@type":"ListItem","position":2,"name":"L\u00e9gal","item":"https:\/\/pronounce.com\/fr\/legal\/"},{"@type":"ListItem","position":3,"name":"Garantie et retours"}]},{"@type":"WebSite","@id":"https:\/\/pronounce.com\/fr\/#website","url":"https:\/\/pronounce.com\/fr\/","name":"Pronounce","description":"","potentialAction":[{"@type":"SearchAction","target":{"@type":"EntryPoint","urlTemplate":"https:\/\/pronounce.com\/fr\/?s={search_term_string}"},"query-input":{"@type":"PropertyValueSpecification","valueRequired":true,"valueName":"search_term_string"}}],"inLanguage":"fr-FR"}]}},"_links":{"self":[{"href":"https:\/\/pronounce.com\/fr\/wp-json\/wp\/v2\/pages\/5732","targetHints":{"allow":["GET"]}}],"collection":[{"href":"https:\/\/pronounce.com\/fr\/wp-json\/wp\/v2\/pages"}],"about":[{"href":"https:\/\/pronounce.com\/fr\/wp-json\/wp\/v2\/types\/page"}],"author":[{"embeddable":true,"href":"https:\/\/pronounce.com\/fr\/wp-json\/wp\/v2\/users\/2"}],"replies":[{"embeddable":true,"href":"https:\/\/pronounce.com\/fr\/wp-json\/wp\/v2\/comments?post=5732"}],"version-history":[{"count":27,"href":"https:\/\/pronounce.com\/fr\/wp-json\/wp\/v2\/pages\/5732\/revisions"}],"predecessor-version":[{"id":18550,"href":"https:\/\/pronounce.com\/fr\/wp-json\/wp\/v2\/pages\/5732\/revisions\/18550"}],"up":[{"embeddable":true,"href":"https:\/\/pronounce.com\/fr\/wp-json\/wp\/v2\/pages\/12725"}],"wp:attachment":[{"href":"https:\/\/pronounce.com\/fr\/wp-json\/wp\/v2\/media?parent=5732"}],"curies":[{"name":"wp","href":"https:\/\/api.w.org\/{rel}","templated":true}]}}