{"id":5730,"date":"2022-03-25T10:15:53","date_gmt":"2022-03-25T10:15:53","guid":{"rendered":"https:\/\/pronounce.com\/?page_id=5730"},"modified":"2024-02-02T13:45:32","modified_gmt":"2024-02-02T13:45:32","slug":"contact","status":"publish","type":"page","link":"https:\/\/pronounce.com\/fr\/a-propos\/contact\/","title":{"rendered":"Une question ? Contactez-nous !"},"content":{"rendered":"\t\t<div data-elementor-type=\"wp-page\" data-elementor-id=\"5730\" class=\"elementor elementor-5730\" data-elementor-post-type=\"page\">\n\t\t\t\t\t\t<section class=\"elementor-section elementor-top-section elementor-element elementor-element-7255253 con-top elementor-section-boxed elementor-section-height-default elementor-section-height-default\" data-id=\"7255253\" data-element_type=\"section\" data-e-type=\"section\">\n\t\t\t\t\t\t<div class=\"elementor-container elementor-column-gap-default\">\n\t\t\t\t\t<div class=\"elementor-column elementor-col-100 elementor-top-column elementor-element elementor-element-23fc04b\" data-id=\"23fc04b\" data-element_type=\"column\" data-e-type=\"column\">\n\t\t\t<div class=\"elementor-widget-wrap elementor-element-populated\">\n\t\t\t\t\t\t<div class=\"elementor-element elementor-element-80d2109 elementor-widget elementor-widget-heading\" data-id=\"80d2109\" data-element_type=\"widget\" data-e-type=\"widget\" data-widget_type=\"heading.default\">\n\t\t\t\t<div class=\"elementor-widget-container\">\n\t\t\t\t\t<h1 class=\"elementor-heading-title elementor-size-default\">Ir\u00e8ne et son \u00e9quipe vous r\u00e9pondent au plus vite.<\/h1>\t\t\t\t<\/div>\n\t\t\t\t<\/div>\n\t\t\t\t<div class=\"elementor-element elementor-element-9ffb880 elementor-widget elementor-widget-text-editor\" data-id=\"9ffb880\" data-element_type=\"widget\" data-e-type=\"widget\" data-widget_type=\"text-editor.default\">\n\t\t\t\t<div class=\"elementor-widget-container\">\n\t\t\t\t\t\t\t\t\t<p>Votre question a peut-\u00eatre sa r\u00e9ponse dans notre FAQ, n\u2019h\u00e9sitez pas \u00e0 la parcourir :<\/p>\t\t\t\t\t\t\t\t<\/div>\n\t\t\t\t<\/div>\n\t\t\t\t<div class=\"elementor-element elementor-element-496e758 elementor-widget elementor-widget-text-editor\" data-id=\"496e758\" data-element_type=\"widget\" data-e-type=\"widget\" data-widget_type=\"text-editor.default\">\n\t\t\t\t<div class=\"elementor-widget-container\">\n\t\t\t\t\t\t\t\t\t<div class=\"cta-wrapper\"><a class=\"cta icon-logo\" href=\"https:\/\/pronounce.com\/fr\/faq\/\">Acc\u00e9der \u00e0 la FAQ<\/a><\/div>\t\t\t\t\t\t\t\t<\/div>\n\t\t\t\t<\/div>\n\t\t\t\t\t<\/div>\n\t\t<\/div>\n\t\t\t\t\t<\/div>\n\t\t<\/section>\n\t\t\t\t<section class=\"elementor-section elementor-top-section elementor-element elementor-element-69399e2 que-form elementor-section-full_width elementor-reverse-mobile elementor-section-height-default elementor-section-height-default\" data-id=\"69399e2\" data-element_type=\"section\" data-e-type=\"section\">\n\t\t\t\t\t\t<div class=\"elementor-container elementor-column-gap-default\">\n\t\t\t\t\t<div class=\"elementor-column elementor-col-50 elementor-top-column elementor-element elementor-element-38ddcab rev-block\" data-id=\"38ddcab\" data-element_type=\"column\" data-e-type=\"column\">\n\t\t\t<div class=\"elementor-widget-wrap elementor-element-populated\">\n\t\t\t\t\t\t<div class=\"elementor-element elementor-element-21c2178 elementor-widget elementor-widget-text-editor\" data-id=\"21c2178\" data-element_type=\"widget\" data-e-type=\"widget\" data-widget_type=\"text-editor.default\">\n\t\t\t\t<div class=\"elementor-widget-container\">\n\t\t\t\t\t\t\t\t\t<div class=\"img-text\">\n<p class=\"img-text-p\">N&#8217;h\u00e9sitez pas \u00e0 partager votre question, mon \u00e9quipe et moi-m\u00eame vous r\u00e9pondons en fran\u00e7ais, anglais, et espagnol.<\/p>\n<\/div>\t\t\t\t\t\t\t\t<\/div>\n\t\t\t\t<\/div>\n\t\t\t\t<div class=\"elementor-element elementor-element-a4b6b68 elementor-widget elementor-widget-image\" data-id=\"a4b6b68\" data-element_type=\"widget\" data-e-type=\"widget\" data-widget_type=\"image.default\">\n\t\t\t\t<div class=\"elementor-widget-container\">\n\t\t\t\t\t\t\t\t\t\t\t\t\t\t\t<img fetchpriority=\"high\" decoding=\"async\" width=\"464\" height=\"443\" src=\"https:\/\/pronounce.com\/app\/uploads\/2022\/03\/MG_6474_720x687px.png\" class=\"attachment-full size-full wp-image-6901\" alt=\"Irene Pronounce\" srcset=\"https:\/\/pronounce.com\/app\/uploads\/2022\/03\/MG_6474_720x687px.png 464w, https:\/\/pronounce.com\/app\/uploads\/2022\/03\/MG_6474_720x687px-300x286.png 300w\" sizes=\"(max-width: 464px) 100vw, 464px\" \/>\t\t\t\t\t\t\t\t\t\t\t\t\t\t\t<\/div>\n\t\t\t\t<\/div>\n\t\t\t\t\t<\/div>\n\t\t<\/div>\n\t\t\t\t<div class=\"elementor-column elementor-col-50 elementor-top-column elementor-element elementor-element-4f16c1c\" data-id=\"4f16c1c\" data-element_type=\"column\" data-e-type=\"column\">\n\t\t\t<div class=\"elementor-widget-wrap elementor-element-populated\">\n\t\t\t\t\t\t<div class=\"elementor-element elementor-element-7cdf1f5 elementor-widget elementor-widget-html\" data-id=\"7cdf1f5\" data-element_type=\"widget\" data-e-type=\"widget\" data-widget_type=\"html.default\">\n\t\t\t\t<div class=\"elementor-widget-container\">\n\t\t\t\t\t<!--[if lte IE 8]>\r\n<script charset=\"utf-8\" type=\"text\/javascript\" src=\"\/\/js-eu1.hsforms.net\/forms\/v2-legacy.js\"><\/script>\r\n<![endif]-->\r\n<script charset=\"utf-8\" type=\"text\/javascript\" src=\"\/\/js.hsforms.net\/forms\/embed\/v2.js\"><\/script>\r\n<script>\r\n  hbspt.forms.create({\r\n    region: \"na1\",\r\n    portalId: \"4540908\",\r\n    formId: \"fdd25477-6554-4f2e-ad6b-e853cc8f138c\"\r\n  });\r\n<\/script>\t\t\t\t<\/div>\n\t\t\t\t<\/div>\n\t\t\t\t\t<\/div>\n\t\t<\/div>\n\t\t\t\t\t<\/div>\n\t\t<\/section>\n\t\t\t\t<section class=\"elementor-section elementor-top-section elementor-element elementor-element-4b90f1c3 elementor-section-height-min-height elementor-section-boxed elementor-section-height-default elementor-section-items-middle\" data-id=\"4b90f1c3\" data-element_type=\"section\" data-e-type=\"section\" data-settings=\"{&quot;background_background&quot;:&quot;classic&quot;}\">\n\t\t\t\t\t\t<div class=\"elementor-container elementor-column-gap-default\">\n\t\t\t\t\t<div class=\"elementor-column elementor-col-100 elementor-top-column elementor-element elementor-element-300a79a3\" data-id=\"300a79a3\" data-element_type=\"column\" data-e-type=\"column\">\n\t\t\t<div class=\"elementor-widget-wrap elementor-element-populated\">\n\t\t\t\t\t\t<section class=\"elementor-section elementor-inner-section elementor-element elementor-element-5514bd16 c-flex elementor-section-boxed elementor-section-height-default elementor-section-height-default\" data-id=\"5514bd16\" data-element_type=\"section\" data-e-type=\"section\">\n\t\t\t\t\t\t<div class=\"elementor-container elementor-column-gap-default\">\n\t\t\t\t\t<div class=\"elementor-column elementor-col-100 elementor-inner-column elementor-element elementor-element-1823a423\" data-id=\"1823a423\" data-element_type=\"column\" data-e-type=\"column\">\n\t\t\t<div class=\"elementor-widget-wrap elementor-element-populated\">\n\t\t\t\t\t\t<div class=\"elementor-element elementor-element-7e2e5931 elementor-widget elementor-widget-heading\" data-id=\"7e2e5931\" data-element_type=\"widget\" data-e-type=\"widget\" data-widget_type=\"heading.default\">\n\t\t\t\t<div class=\"elementor-widget-container\">\n\t\t\t\t\t<h2 class=\"elementor-heading-title elementor-size-default\">Besoin d\u2019aide ? Nous sommes l\u00e0<span class=\"red-span\">.<\/span><\/h2>\t\t\t\t<\/div>\n\t\t\t\t<\/div>\n\t\t\t\t\t<\/div>\n\t\t<\/div>\n\t\t\t\t\t<\/div>\n\t\t<\/section>\n\t\t\t\t<section class=\"elementor-section elementor-inner-section elementor-element elementor-element-3fa29d66 c-flex elementor-section-boxed elementor-section-height-default elementor-section-height-default\" data-id=\"3fa29d66\" data-element_type=\"section\" data-e-type=\"section\">\n\t\t\t\t\t\t<div class=\"elementor-container elementor-column-gap-default\">\n\t\t\t\t\t<div class=\"elementor-column elementor-col-33 elementor-inner-column elementor-element elementor-element-5b143a4c\" data-id=\"5b143a4c\" data-element_type=\"column\" data-e-type=\"column\">\n\t\t\t<div class=\"elementor-widget-wrap elementor-element-populated\">\n\t\t\t\t\t\t<div class=\"elementor-element elementor-element-9167621 beson_height elementor-widget__width-initial elementor-widget elementor-widget-html\" data-id=\"9167621\" data-element_type=\"widget\" data-e-type=\"widget\" data-widget_type=\"html.default\">\n\t\t\t\t<div class=\"elementor-widget-container\">\n\t\t\t\t\t<a href=\"mailto:contact@pronounce.com\">\r\n<div class=\"besion-daide\">\r\n<div class=\"beson_icon\"><img decoding=\"async\" src=\"\/app\/uploads\/2022\/03\/Ellipse-54.png\" alt=\"\" width=\"122px\" height=\"122px\" \/>\r\n<img decoding=\"async\" class=\"i2-i1\" src=\"\/app\/uploads\/2022\/03\/Pronounce-Email.png\" width=\"37px\" height=\"24px\" \/><\/div>\r\n<strong>Par e-mail<\/strong>\r\n<p class=\"\">Notre service client sera\r\nravi<br class=\"\" \/>de vous aider!<\/p>\r\n\r\n<\/div>\r\n<\/a>\t\t\t\t<\/div>\n\t\t\t\t<\/div>\n\t\t\t\t\t<\/div>\n\t\t<\/div>\n\t\t\t\t<div class=\"elementor-column elementor-col-33 elementor-inner-column elementor-element elementor-element-17c4c465\" data-id=\"17c4c465\" data-element_type=\"column\" data-e-type=\"column\">\n\t\t\t<div class=\"elementor-widget-wrap elementor-element-populated\">\n\t\t\t\t\t\t<div class=\"elementor-element elementor-element-7fec704 beson_height elementor-widget__width-initial elementor-widget elementor-widget-html\" data-id=\"7fec704\" data-element_type=\"widget\" data-e-type=\"widget\" data-widget_type=\"html.default\">\n\t\t\t\t<div class=\"elementor-widget-container\">\n\t\t\t\t\t<a href=\"#hs-chat-open\"><div class=\"besion-daide\">\r\n<div class=\"beson_icon\"><img decoding=\"async\" src=\"\/app\/uploads\/2022\/03\/Ellipse-54.png\" alt=\"\" width=\"122px\" height=\"122px\" \/>\r\n<img decoding=\"async\" class=\"i2\" src=\"\/app\/uploads\/2022\/03\/Pronounce-chat.png\" width=\"37px\" height=\"24px\" \/><\/div>\r\n<strong>Par chat<\/strong>\r\n<p class=\"\">Du lundi au vendredi<br class=\"\" \/>de 9h \u00e0 17h<\/p>\r\n<\/div><\/a>\t\t\t\t<\/div>\n\t\t\t\t<\/div>\n\t\t\t\t\t<\/div>\n\t\t<\/div>\n\t\t\t\t<div class=\"elementor-column elementor-col-33 elementor-inner-column elementor-element elementor-element-3f2f5f86\" data-id=\"3f2f5f86\" data-element_type=\"column\" data-e-type=\"column\">\n\t\t\t<div class=\"elementor-widget-wrap elementor-element-populated\">\n\t\t\t\t\t\t<div class=\"elementor-element elementor-element-2391c02 beson_height elementor-widget__width-initial elementor-widget elementor-widget-html\" data-id=\"2391c02\" data-element_type=\"widget\" data-e-type=\"widget\" data-widget_type=\"html.default\">\n\t\t\t\t<div class=\"elementor-widget-container\">\n\t\t\t\t\t<a href=\"https:\/\/pronounce.com\/fr\/faq\/\">\r\n<div class=\"besion-daide\">\r\n<div class=\"beson_icon\"><img decoding=\"async\" src=\"\/app\/uploads\/2022\/03\/Ellipse-54.png\" alt=\"\" width=\"122px\" height=\"122px\" \/>\r\n<img decoding=\"async\" class=\"i2\" src=\"\/app\/uploads\/2022\/03\/Pronounce-FAQ.png\" width=\"37px\" height=\"24px\" \/><\/div>\r\n<strong>FAQ en ligne<\/strong>\r\n<p class=\"\">La r\u00e9ponse \u00e0 votre question<br class=\"\" \/>est probablement l\u00e0 !<\/p>\r\n\r\n<\/div>\r\n<\/a>\t\t\t\t<\/div>\n\t\t\t\t<\/div>\n\t\t\t\t\t<\/div>\n\t\t<\/div>\n\t\t\t\t\t<\/div>\n\t\t<\/section>\n\t\t\t\t\t<\/div>\n\t\t<\/div>\n\t\t\t\t\t<\/div>\n\t\t<\/section>\n\t\t\t\t<section class=\"elementor-section elementor-top-section elementor-element elementor-element-7f92fed elementor-section-boxed elementor-section-height-default elementor-section-height-default\" data-id=\"7f92fed\" data-element_type=\"section\" data-e-type=\"section\">\n\t\t\t\t\t\t<div class=\"elementor-container elementor-column-gap-default\">\n\t\t\t\t\t<div class=\"elementor-column elementor-col-100 elementor-top-column elementor-element elementor-element-e2f3c91\" data-id=\"e2f3c91\" data-element_type=\"column\" data-e-type=\"column\">\n\t\t\t<div class=\"elementor-widget-wrap elementor-element-populated\">\n\t\t\t\t\t\t<div class=\"elementor-element elementor-element-77defac elementor-widget elementor-widget-html\" data-id=\"77defac\" data-element_type=\"widget\" data-e-type=\"widget\" data-widget_type=\"html.default\">\n\t\t\t\t<div class=\"elementor-widget-container\">\n\t\t\t\t\t<script>\nif ($(window).width() < 768) {\n   $('.image').children('img').remove();\n   $('.image').append(\"<img src='\/app\/uploads\/2022\/03\/resized2.jpg'\/>\");\n}\n\n$( window ).resize(function() {\n    \nif ($(window).width() > 768) {\n    $('.image').children('img').attr(\"src\", \"\/app\/uploads\/2022\/03\/Groupe-de-masques-2-2.jpg\")\n}\nelse if ($(window).width() < 768) {\n    $('.image').children('img').attr(\"src\", \"\/app\/uploads\/2022\/03\/resized2.jpg\")\n}\n});\n<\/script>\t\t\t\t<\/div>\n\t\t\t\t<\/div>\n\t\t\t\t\t<\/div>\n\t\t<\/div>\n\t\t\t\t\t<\/div>\n\t\t<\/section>\n\t\t\t\t<\/div>\n\t\t","protected":false},"excerpt":{"rendered":"<p>Ir\u00e8ne et son \u00e9quipe vous r\u00e9pondent au plus vite. Votre question a peut-\u00eatre sa r\u00e9ponse dans notre FAQ, n\u2019h\u00e9sitez pas \u00e0 la parcourir : Acc\u00e9der \u00e0 la FAQ N&#8217;h\u00e9sitez pas \u00e0 partager votre question, mon \u00e9quipe et moi-m\u00eame vous r\u00e9pondons en fran\u00e7ais, anglais, et espagnol. Besoin d\u2019aide ? Nous sommes l\u00e0. Par e-mail Notre service [&hellip;]<\/p>\n","protected":false},"author":2,"featured_media":0,"parent":3824,"menu_order":0,"comment_status":"closed","ping_status":"closed","template":"","meta":{"_acf_changed":false,"footnotes":""},"class_list":["post-5730","page","type-page","status-publish","hentry"],"acf":[],"yoast_head":"<!-- This site is optimized with the Yoast SEO plugin v27.4 - https:\/\/yoast.com\/product\/yoast-seo-wordpress\/ -->\n<title>Une question ? Contactez-nous ! - Pronounce<\/title>\n<meta name=\"description\" content=\"Une question sur le casque Pronounce\u00ae ? Contactez-nous par chat, email, ou t\u00e9l\u00e9phone et obtenez une r\u00e9ponse rapide !\" \/>\n<meta name=\"robots\" content=\"index, follow, max-snippet:-1, max-image-preview:large, max-video-preview:-1\" \/>\n<link rel=\"canonical\" href=\"https:\/\/pronounce.com\/fr\/a-propos\/contact\/\" \/>\n<meta property=\"og:locale\" content=\"fr_FR\" \/>\n<meta property=\"og:type\" content=\"article\" \/>\n<meta property=\"og:title\" content=\"Une question ? Contactez-nous ! - Pronounce\" \/>\n<meta property=\"og:description\" content=\"Une question sur le casque Pronounce\u00ae ? Contactez-nous par chat, email, ou t\u00e9l\u00e9phone et obtenez une r\u00e9ponse rapide !\" \/>\n<meta property=\"og:url\" content=\"https:\/\/pronounce.com\/fr\/a-propos\/contact\/\" \/>\n<meta property=\"og:site_name\" content=\"Pronounce\" \/>\n<meta property=\"article:modified_time\" content=\"2024-02-02T13:45:32+00:00\" \/>\n<meta property=\"og:image\" content=\"https:\/\/pronounce.com\/app\/uploads\/2022\/03\/MG_6474_720x687px.png\" \/>\n<meta name=\"twitter:card\" content=\"summary_large_image\" \/>\n<meta name=\"twitter:label1\" content=\"Est. reading time\" \/>\n\t<meta name=\"twitter:data1\" content=\"2 minutes\" \/>\n<script type=\"application\/ld+json\" class=\"yoast-schema-graph\">{\"@context\":\"https:\\\/\\\/schema.org\",\"@graph\":[{\"@type\":\"WebPage\",\"@id\":\"https:\\\/\\\/pronounce.com\\\/fr\\\/a-propos\\\/contact\\\/\",\"url\":\"https:\\\/\\\/pronounce.com\\\/fr\\\/a-propos\\\/contact\\\/\",\"name\":\"Une question ? Contactez-nous ! - Pronounce\",\"isPartOf\":{\"@id\":\"https:\\\/\\\/pronounce.com\\\/fr\\\/#website\"},\"primaryImageOfPage\":{\"@id\":\"https:\\\/\\\/pronounce.com\\\/fr\\\/a-propos\\\/contact\\\/#primaryimage\"},\"image\":{\"@id\":\"https:\\\/\\\/pronounce.com\\\/fr\\\/a-propos\\\/contact\\\/#primaryimage\"},\"thumbnailUrl\":\"https:\\\/\\\/pronounce.com\\\/app\\\/uploads\\\/2022\\\/03\\\/MG_6474_720x687px.png\",\"datePublished\":\"2022-03-25T10:15:53+00:00\",\"dateModified\":\"2024-02-02T13:45:32+00:00\",\"description\":\"Une question sur le casque Pronounce\u00ae ? Contactez-nous par chat, email, ou t\u00e9l\u00e9phone et obtenez une r\u00e9ponse rapide !\",\"breadcrumb\":{\"@id\":\"https:\\\/\\\/pronounce.com\\\/fr\\\/a-propos\\\/contact\\\/#breadcrumb\"},\"inLanguage\":\"fr-FR\",\"potentialAction\":[{\"@type\":\"ReadAction\",\"target\":[\"https:\\\/\\\/pronounce.com\\\/fr\\\/a-propos\\\/contact\\\/\"]}]},{\"@type\":\"ImageObject\",\"inLanguage\":\"fr-FR\",\"@id\":\"https:\\\/\\\/pronounce.com\\\/fr\\\/a-propos\\\/contact\\\/#primaryimage\",\"url\":\"https:\\\/\\\/pronounce.com\\\/app\\\/uploads\\\/2022\\\/03\\\/MG_6474_720x687px.png\",\"contentUrl\":\"https:\\\/\\\/pronounce.com\\\/app\\\/uploads\\\/2022\\\/03\\\/MG_6474_720x687px.png\"},{\"@type\":\"BreadcrumbList\",\"@id\":\"https:\\\/\\\/pronounce.com\\\/fr\\\/a-propos\\\/contact\\\/#breadcrumb\",\"itemListElement\":[{\"@type\":\"ListItem\",\"position\":1,\"name\":\"Home\",\"item\":\"https:\\\/\\\/pronounce.com\\\/fr\\\/\"},{\"@type\":\"ListItem\",\"position\":2,\"name\":\"A propos\",\"item\":\"https:\\\/\\\/pronounce.com\\\/fr\\\/a-propos\\\/\"},{\"@type\":\"ListItem\",\"position\":3,\"name\":\"Une question ? Contactez-nous !\"}]},{\"@type\":\"WebSite\",\"@id\":\"https:\\\/\\\/pronounce.com\\\/fr\\\/#website\",\"url\":\"https:\\\/\\\/pronounce.com\\\/fr\\\/\",\"name\":\"Pronounce\",\"description\":\"\",\"potentialAction\":[{\"@type\":\"SearchAction\",\"target\":{\"@type\":\"EntryPoint\",\"urlTemplate\":\"https:\\\/\\\/pronounce.com\\\/fr\\\/?s={search_term_string}\"},\"query-input\":{\"@type\":\"PropertyValueSpecification\",\"valueRequired\":true,\"valueName\":\"search_term_string\"}}],\"inLanguage\":\"fr-FR\"}]}<\/script>\n<!-- \/ Yoast SEO plugin. -->","yoast_head_json":{"title":"Une question ? Contactez-nous ! - Pronounce","description":"Une question sur le casque Pronounce\u00ae ? Contactez-nous par chat, email, ou t\u00e9l\u00e9phone et obtenez une r\u00e9ponse rapide !","robots":{"index":"index","follow":"follow","max-snippet":"max-snippet:-1","max-image-preview":"max-image-preview:large","max-video-preview":"max-video-preview:-1"},"canonical":"https:\/\/pronounce.com\/fr\/a-propos\/contact\/","og_locale":"fr_FR","og_type":"article","og_title":"Une question ? Contactez-nous ! - Pronounce","og_description":"Une question sur le casque Pronounce\u00ae ? Contactez-nous par chat, email, ou t\u00e9l\u00e9phone et obtenez une r\u00e9ponse rapide !","og_url":"https:\/\/pronounce.com\/fr\/a-propos\/contact\/","og_site_name":"Pronounce","article_modified_time":"2024-02-02T13:45:32+00:00","og_image":[{"url":"https:\/\/pronounce.com\/app\/uploads\/2022\/03\/MG_6474_720x687px.png","type":"","width":"","height":""}],"twitter_card":"summary_large_image","twitter_misc":{"Est. reading time":"2 minutes"},"schema":{"@context":"https:\/\/schema.org","@graph":[{"@type":"WebPage","@id":"https:\/\/pronounce.com\/fr\/a-propos\/contact\/","url":"https:\/\/pronounce.com\/fr\/a-propos\/contact\/","name":"Une question ? Contactez-nous ! - Pronounce","isPartOf":{"@id":"https:\/\/pronounce.com\/fr\/#website"},"primaryImageOfPage":{"@id":"https:\/\/pronounce.com\/fr\/a-propos\/contact\/#primaryimage"},"image":{"@id":"https:\/\/pronounce.com\/fr\/a-propos\/contact\/#primaryimage"},"thumbnailUrl":"https:\/\/pronounce.com\/app\/uploads\/2022\/03\/MG_6474_720x687px.png","datePublished":"2022-03-25T10:15:53+00:00","dateModified":"2024-02-02T13:45:32+00:00","description":"Une question sur le casque Pronounce\u00ae ? Contactez-nous par chat, email, ou t\u00e9l\u00e9phone et obtenez une r\u00e9ponse rapide !","breadcrumb":{"@id":"https:\/\/pronounce.com\/fr\/a-propos\/contact\/#breadcrumb"},"inLanguage":"fr-FR","potentialAction":[{"@type":"ReadAction","target":["https:\/\/pronounce.com\/fr\/a-propos\/contact\/"]}]},{"@type":"ImageObject","inLanguage":"fr-FR","@id":"https:\/\/pronounce.com\/fr\/a-propos\/contact\/#primaryimage","url":"https:\/\/pronounce.com\/app\/uploads\/2022\/03\/MG_6474_720x687px.png","contentUrl":"https:\/\/pronounce.com\/app\/uploads\/2022\/03\/MG_6474_720x687px.png"},{"@type":"BreadcrumbList","@id":"https:\/\/pronounce.com\/fr\/a-propos\/contact\/#breadcrumb","itemListElement":[{"@type":"ListItem","position":1,"name":"Home","item":"https:\/\/pronounce.com\/fr\/"},{"@type":"ListItem","position":2,"name":"A propos","item":"https:\/\/pronounce.com\/fr\/a-propos\/"},{"@type":"ListItem","position":3,"name":"Une question ? Contactez-nous !"}]},{"@type":"WebSite","@id":"https:\/\/pronounce.com\/fr\/#website","url":"https:\/\/pronounce.com\/fr\/","name":"Pronounce","description":"","potentialAction":[{"@type":"SearchAction","target":{"@type":"EntryPoint","urlTemplate":"https:\/\/pronounce.com\/fr\/?s={search_term_string}"},"query-input":{"@type":"PropertyValueSpecification","valueRequired":true,"valueName":"search_term_string"}}],"inLanguage":"fr-FR"}]}},"_links":{"self":[{"href":"https:\/\/pronounce.com\/fr\/wp-json\/wp\/v2\/pages\/5730","targetHints":{"allow":["GET"]}}],"collection":[{"href":"https:\/\/pronounce.com\/fr\/wp-json\/wp\/v2\/pages"}],"about":[{"href":"https:\/\/pronounce.com\/fr\/wp-json\/wp\/v2\/types\/page"}],"author":[{"embeddable":true,"href":"https:\/\/pronounce.com\/fr\/wp-json\/wp\/v2\/users\/2"}],"replies":[{"embeddable":true,"href":"https:\/\/pronounce.com\/fr\/wp-json\/wp\/v2\/comments?post=5730"}],"version-history":[{"count":9,"href":"https:\/\/pronounce.com\/fr\/wp-json\/wp\/v2\/pages\/5730\/revisions"}],"predecessor-version":[{"id":18587,"href":"https:\/\/pronounce.com\/fr\/wp-json\/wp\/v2\/pages\/5730\/revisions\/18587"}],"up":[{"embeddable":true,"href":"https:\/\/pronounce.com\/fr\/wp-json\/wp\/v2\/pages\/3824"}],"wp:attachment":[{"href":"https:\/\/pronounce.com\/fr\/wp-json\/wp\/v2\/media?parent=5730"}],"curies":[{"name":"wp","href":"https:\/\/api.w.org\/{rel}","templated":true}]}}