{"id":3921,"date":"2022-03-21T19:05:39","date_gmt":"2022-03-21T19:05:39","guid":{"rendered":"https:\/\/pronounce.com\/?page_id=3921"},"modified":"2022-05-05T15:02:27","modified_gmt":"2022-05-05T15:02:27","slug":"manifeste","status":"publish","type":"page","link":"https:\/\/pronounce.com\/fr\/a-propos\/manifeste\/","title":{"rendered":"Manifeste"},"content":{"rendered":"\t\t<div data-elementor-type=\"wp-page\" data-elementor-id=\"3921\" class=\"elementor elementor-3921 elementor-9912\" data-elementor-post-type=\"page\">\n\t\t\t\t\t\t<section class=\"elementor-section elementor-top-section elementor-element elementor-element-5da43d0 elementor-section-height-min-height elementor-section-boxed elementor-section-height-default elementor-section-items-middle\" data-id=\"5da43d0\" data-element_type=\"section\" data-e-type=\"section\" data-settings=\"{&quot;background_background&quot;:&quot;classic&quot;}\">\n\t\t\t\t\t\t<div class=\"elementor-container elementor-column-gap-default\">\n\t\t\t\t\t<div class=\"elementor-column elementor-col-100 elementor-top-column elementor-element elementor-element-f675b68\" data-id=\"f675b68\" data-element_type=\"column\" data-e-type=\"column\">\n\t\t\t<div class=\"elementor-widget-wrap elementor-element-populated\">\n\t\t\t\t\t\t<div class=\"elementor-element elementor-element-b61e8a3 elementor-widget elementor-widget-heading\" data-id=\"b61e8a3\" data-element_type=\"widget\" data-e-type=\"widget\" data-widget_type=\"heading.default\">\n\t\t\t\t<div class=\"elementor-widget-container\">\n\t\t\t\t\t<h1 class=\"elementor-heading-title elementor-size-default\">Manifeste<span>.<\/span><\/h1>\t\t\t\t<\/div>\n\t\t\t\t<\/div>\n\t\t\t\t\t<\/div>\n\t\t<\/div>\n\t\t\t\t\t<\/div>\n\t\t<\/section>\n\t\t\t\t<section class=\"elementor-section elementor-top-section elementor-element elementor-element-b92ea23 elementor-section-boxed elementor-section-height-default elementor-section-height-default\" data-id=\"b92ea23\" data-element_type=\"section\" data-e-type=\"section\" data-settings=\"{&quot;background_background&quot;:&quot;classic&quot;}\">\n\t\t\t\t\t\t<div class=\"elementor-container elementor-column-gap-no\">\n\t\t\t\t\t<div class=\"elementor-column elementor-col-100 elementor-top-column elementor-element elementor-element-ce579cc\" data-id=\"ce579cc\" data-element_type=\"column\" data-e-type=\"column\" data-settings=\"{&quot;background_background&quot;:&quot;classic&quot;}\">\n\t\t\t<div class=\"elementor-widget-wrap elementor-element-populated\">\n\t\t\t\t\t\t<section class=\"elementor-section elementor-inner-section elementor-element elementor-element-a6e6992 elementor-section-boxed elementor-section-height-default elementor-section-height-default\" data-id=\"a6e6992\" data-element_type=\"section\" data-e-type=\"section\">\n\t\t\t\t\t\t<div class=\"elementor-container elementor-column-gap-no\">\n\t\t\t\t\t<div class=\"elementor-column elementor-col-100 elementor-inner-column elementor-element elementor-element-a4f3964\" data-id=\"a4f3964\" data-element_type=\"column\" data-e-type=\"column\">\n\t\t\t<div class=\"elementor-widget-wrap elementor-element-populated\">\n\t\t\t\t\t\t<div class=\"elementor-element elementor-element-d968b9b elementor-widget elementor-widget-heading\" data-id=\"d968b9b\" data-element_type=\"widget\" data-e-type=\"widget\" data-widget_type=\"heading.default\">\n\t\t\t\t<div class=\"elementor-widget-container\">\n\t\t\t\t\t<h2 class=\"elementor-heading-title elementor-size-default\">Faites de vos r\u00eaves une r\u00e9alit\u00e9 en parlant anglais naturellement<span class=\"redDot\">.<\/span><\/h2>\t\t\t\t<\/div>\n\t\t\t\t<\/div>\n\t\t\t\t<div class=\"elementor-element elementor-element-dd2aab4 elementor-widget elementor-widget-heading\" data-id=\"dd2aab4\" data-element_type=\"widget\" data-e-type=\"widget\" data-widget_type=\"heading.default\">\n\t\t\t\t<div class=\"elementor-widget-container\">\n\t\t\t\t\t<h3 class=\"elementor-heading-title elementor-size-default\">Notre Vision<span class=\"redDot\">.<\/span><\/h3>\t\t\t\t<\/div>\n\t\t\t\t<\/div>\n\t\t\t\t<div class=\"elementor-element elementor-element-2037704 elementor-widget elementor-widget-text-editor\" data-id=\"2037704\" data-element_type=\"widget\" data-e-type=\"widget\" data-widget_type=\"text-editor.default\">\n\t\t\t\t<div class=\"elementor-widget-container\">\n\t\t\t\t\t\t\t\t\t<p>Briser les barri\u00e8res de la langue.<\/p>\t\t\t\t\t\t\t\t<\/div>\n\t\t\t\t<\/div>\n\t\t\t\t<div class=\"elementor-element elementor-element-a35e32b elementor-widget elementor-widget-text-editor\" data-id=\"a35e32b\" data-element_type=\"widget\" data-e-type=\"widget\" data-widget_type=\"text-editor.default\">\n\t\t\t\t<div class=\"elementor-widget-container\">\n\t\t\t\t\t\t\t\t\t<p>Nous sommes convaincus que la parole est le propre de l\u2019Homme, et que la voix est le reflet de qui nous sommes.<\/p><p>Notre ambition est de briser les barri\u00e8res de la langue, pour permettre aux gens du monde entier de communiquer simplement et naturellement, et ainsi exprimer leur potentiel.<\/p><p>Nous voulons changer la vie des gens et leur donner la possibilit\u00e9 d\u2019\u00eatre leurs propres cr\u00e9ateurs d\u2019opportunit\u00e9s.<br \/>Nous voulons cr\u00e9er des liens interpersonnels et interculturels entre les citoyens du monde \u00e0 travers l\u2019anglais oral.<\/p>\t\t\t\t\t\t\t\t<\/div>\n\t\t\t\t<\/div>\n\t\t\t\t<div class=\"elementor-element elementor-element-d6b6a8a elementor-widget elementor-widget-heading\" data-id=\"d6b6a8a\" data-element_type=\"widget\" data-e-type=\"widget\" data-widget_type=\"heading.default\">\n\t\t\t\t<div class=\"elementor-widget-container\">\n\t\t\t\t\t<h3 class=\"elementor-heading-title elementor-size-default\">Notre Concept<span class=\"redDot\">.<\/span><\/h3>\t\t\t\t<\/div>\n\t\t\t\t<\/div>\n\t\t\t\t<div class=\"elementor-element elementor-element-34ac3c8 elementor-widget elementor-widget-text-editor\" data-id=\"34ac3c8\" data-element_type=\"widget\" data-e-type=\"widget\" data-widget_type=\"text-editor.default\">\n\t\t\t\t<div class=\"elementor-widget-container\">\n\t\t\t\t\t\t\t\t\t<p>Le moyen le plus naturel de parler anglais avec fluidit\u00e9.<\/p>\t\t\t\t\t\t\t\t<\/div>\n\t\t\t\t<\/div>\n\t\t\t\t<div class=\"elementor-element elementor-element-589f1f7 elementor-widget elementor-widget-text-editor\" data-id=\"589f1f7\" data-element_type=\"widget\" data-e-type=\"widget\" data-widget_type=\"text-editor.default\">\n\t\t\t\t<div class=\"elementor-widget-container\">\n\t\t\t\t\t\t\t\t\t<p>Nous sommes tous n\u00e9s polyglottes, capables de diff\u00e9rencier l\u2019ensemble des sons dans chaque langue. Mais au fur et \u00e0 mesure que nous nous enracinons dans notre langue maternelle, nous perdons la capacit\u00e9 de comprendre l\u2019ensemble des sonorit\u00e9s, et en particulier celles qui n\u2019existent pas dans notre langue maternelle.<\/p><p>Nous croyons que le syst\u00e8me \u00e9ducatif en mati\u00e8re de langues \u00e9trang\u00e8res est tr\u00e8s acad\u00e9mique et repose sur des m\u00e9canismes qui nous bloquent davantage qu\u2019ils ne nous permettent d\u2019affiner nos capacit\u00e9s et nos sens.<br \/>L\u2019offre pour l\u2019apprentissage de l\u2019anglais est importante, mais n\u2019est que peu innovante, que cela soit dans l\u2019approche des contenus p\u00e9dagogiques mais \u00e9galement sur le volet technique.<\/p><p>Nous sommes convaincus que c\u2019est l\u2019absence de l\u2019apprentissage du rythme et de la musicalit\u00e9 de la langue qui nous emp\u00eache d\u2019avoir suffisamment d\u2019aisance pour ma\u00eetriser pleinement son vocabulaire et la syntaxe.<\/p><p>Alors qu\u2019en combinant les technologies de neurosciences et un processus d\u2019apprentissage innovant bas\u00e9 sur la pratique, nous aurons un impact durable et r\u00e9el sur la capacit\u00e9 de chaque apprenant \u00e0 comprendre et \u00e0 parler couramment l\u2019anglais.<\/p>\t\t\t\t\t\t\t\t<\/div>\n\t\t\t\t<\/div>\n\t\t\t\t<div class=\"elementor-element elementor-element-ff7934c elementor-widget elementor-widget-heading\" data-id=\"ff7934c\" data-element_type=\"widget\" data-e-type=\"widget\" data-widget_type=\"heading.default\">\n\t\t\t\t<div class=\"elementor-widget-container\">\n\t\t\t\t\t<h3 class=\"elementor-heading-title elementor-size-default\">Notre ADN<span class=\"redDot\">.<\/span><\/h3>\t\t\t\t<\/div>\n\t\t\t\t<\/div>\n\t\t\t\t<div class=\"elementor-element elementor-element-6784c65 elementor-widget elementor-widget-text-editor\" data-id=\"6784c65\" data-element_type=\"widget\" data-e-type=\"widget\" data-widget_type=\"text-editor.default\">\n\t\t\t\t<div class=\"elementor-widget-container\">\n\t\t\t\t\t\t\t\t\t<p>La culture du r\u00e9sultat.<\/p>\t\t\t\t\t\t\t\t<\/div>\n\t\t\t\t<\/div>\n\t\t\t\t<div class=\"elementor-element elementor-element-0b9afce elementor-widget elementor-widget-text-editor\" data-id=\"0b9afce\" data-element_type=\"widget\" data-e-type=\"widget\" data-widget_type=\"text-editor.default\">\n\t\t\t\t<div class=\"elementor-widget-container\">\n\t\t\t\t\t\t\t\t\t<p>Nous ne cherchons pas \u00e0 nous diff\u00e9rencier des autres acteurs du secteur, car nous sommes par nature diff\u00e9rents et compl\u00e9mentaires.<\/p><p>Depuis 60 ans, nous mettons les neurosciences au c\u0153ur de notre p\u00e9dagogie. Nous nous appuyons sur les r\u00e9sultats de ceux que nous accompagnons comme preuve de l\u2019efficacit\u00e9 de notre approche.<\/p><p>D\u00e9velopper le patrimoine scientifique dont nous avons h\u00e9rit\u00e9 fait partie de notre travail du quotidien. Il est ainsi fondamental pour nous de d\u00e9montrer son efficacit\u00e9, mesurer son impact et de surcro\u00eet, le rendre plus accessible.<\/p><p>Nous nous engageons dans notre travail parce que nous sommes convaincus que notre travail a le pouvoir extraordinaire de changer des vies.<\/p>\t\t\t\t\t\t\t\t<\/div>\n\t\t\t\t<\/div>\n\t\t\t\t<div class=\"elementor-element elementor-element-7647f6c elementor-widget elementor-widget-heading\" data-id=\"7647f6c\" data-element_type=\"widget\" data-e-type=\"widget\" data-widget_type=\"heading.default\">\n\t\t\t\t<div class=\"elementor-widget-container\">\n\t\t\t\t\t<h3 class=\"elementor-heading-title elementor-size-default\">Notre Promesse<span class=\"redDot\">.<\/span><\/h3>\t\t\t\t<\/div>\n\t\t\t\t<\/div>\n\t\t\t\t<div class=\"elementor-element elementor-element-004550f elementor-widget elementor-widget-text-editor\" data-id=\"004550f\" data-element_type=\"widget\" data-e-type=\"widget\" data-widget_type=\"text-editor.default\">\n\t\t\t\t<div class=\"elementor-widget-container\">\n\t\t\t\t\t\t\t\t\t<p>Des efforts qui payent.<\/p>\t\t\t\t\t\t\t\t<\/div>\n\t\t\t\t<\/div>\n\t\t\t\t<div class=\"elementor-element elementor-element-1e2970d elementor-widget elementor-widget-text-editor\" data-id=\"1e2970d\" data-element_type=\"widget\" data-e-type=\"widget\" data-widget_type=\"text-editor.default\">\n\t\t\t\t<div class=\"elementor-widget-container\">\n\t\t\t\t\t\t\t\t\t<p>\u201cMagic happens when you don\u2019t give up\u201d<\/p>\n<p><span style=\"font-size: inherit; text-align: inherit; letter-spacing: inherit;\">L\u2019excellence et la performance sont au c\u0153ur de notre d\u00e9marche. C\u2019est en combinant nos efforts et les v\u00f4tres que nous r\u00e9ussirons ensemble : seul le travail paye.<\/span><\/p>\n<p>La motivation et l\u2019engagement de nos utilisateurs sont la cl\u00e9 de leur succ\u00e8s.<\/p>\n<p>Notre histoire et notre ADN scientifique nous interdisent toutes promesses irr\u00e9alisables ou d\u2019adopter des techniques commerciales s\u00e9ductrices et trompeuses : promesses de r\u00e9sultats imm\u00e9diats, formules avec des frais cach\u00e9s, abonnements\u2026 Seul le r\u00e9sultat compte pour nous.<\/p>\t\t\t\t\t\t\t\t<\/div>\n\t\t\t\t<\/div>\n\t\t\t\t<div class=\"elementor-element elementor-element-26050e7 elementor-hidden-phone elementor-widget elementor-widget-image\" data-id=\"26050e7\" data-element_type=\"widget\" data-e-type=\"widget\" data-widget_type=\"image.default\">\n\t\t\t\t<div class=\"elementor-widget-container\">\n\t\t\t\t\t\t\t\t\t\t\t\t\t\t\t<img fetchpriority=\"high\" decoding=\"async\" width=\"1753\" height=\"1806\" src=\"https:\/\/pronounce.com\/app\/uploads\/2022\/03\/Asset-1-1.jpg\" class=\"attachment-full size-full wp-image-3777\" alt=\"\" srcset=\"https:\/\/pronounce.com\/app\/uploads\/2022\/03\/Asset-1-1.jpg 1753w, https:\/\/pronounce.com\/app\/uploads\/2022\/03\/Asset-1-1-600x618.jpg 600w, https:\/\/pronounce.com\/app\/uploads\/2022\/03\/Asset-1-1-291x300.jpg 291w, https:\/\/pronounce.com\/app\/uploads\/2022\/03\/Asset-1-1-994x1024.jpg 994w, https:\/\/pronounce.com\/app\/uploads\/2022\/03\/Asset-1-1-768x791.jpg 768w, https:\/\/pronounce.com\/app\/uploads\/2022\/03\/Asset-1-1-1491x1536.jpg 1491w, https:\/\/pronounce.com\/app\/uploads\/2022\/03\/Asset-1-1-1200x1236.jpg 1200w\" sizes=\"(max-width: 1753px) 100vw, 1753px\" \/>\t\t\t\t\t\t\t\t\t\t\t\t\t\t\t<\/div>\n\t\t\t\t<\/div>\n\t\t\t\t\t<\/div>\n\t\t<\/div>\n\t\t\t\t\t<\/div>\n\t\t<\/section>\n\t\t\t\t\t<\/div>\n\t\t<\/div>\n\t\t\t\t\t<\/div>\n\t\t<\/section>\n\t\t\t\t<\/div>\n\t\t","protected":false},"excerpt":{"rendered":"<p>Manifeste. Faites de vos r\u00eaves une r\u00e9alit\u00e9 en parlant anglais naturellement. Notre Vision. Briser les barri\u00e8res de la langue. Nous sommes convaincus que la parole est le propre de l\u2019Homme, et que la voix est le reflet de qui nous sommes. Notre ambition est de briser les barri\u00e8res de la langue, pour permettre aux gens [&hellip;]<\/p>\n","protected":false},"author":7,"featured_media":0,"parent":3824,"menu_order":0,"comment_status":"closed","ping_status":"closed","template":"templates\/template-custom.php","meta":{"_acf_changed":false,"footnotes":""},"class_list":["post-3921","page","type-page","status-publish","hentry"],"acf":[],"yoast_head":"<!-- This site is optimized with the Yoast SEO plugin v27.6 - https:\/\/yoast.com\/product\/yoast-seo-wordpress\/ -->\n<title>Manifeste - Pronounce<\/title>\n<meta name=\"description\" content=\"L&#039;objectif de l&#039;\u00e9quipe Pronounce\u00ae est de vous aider \u00e0 parler anglais naturellement. Ensemble, brisons les barri\u00e8res de la langue anglaise.\" \/>\n<meta name=\"robots\" content=\"index, follow, max-snippet:-1, max-image-preview:large, max-video-preview:-1\" \/>\n<link rel=\"canonical\" href=\"https:\/\/pronounce.com\/fr\/a-propos\/manifeste\/\" \/>\n<meta property=\"og:locale\" content=\"fr_FR\" \/>\n<meta property=\"og:type\" content=\"article\" \/>\n<meta property=\"og:title\" content=\"Manifeste - Pronounce\" \/>\n<meta property=\"og:description\" content=\"L&#039;objectif de l&#039;\u00e9quipe Pronounce\u00ae est de vous aider \u00e0 parler anglais naturellement. Ensemble, brisons les barri\u00e8res de la langue anglaise.\" \/>\n<meta property=\"og:url\" content=\"https:\/\/pronounce.com\/fr\/a-propos\/manifeste\/\" \/>\n<meta property=\"og:site_name\" content=\"Pronounce\" \/>\n<meta property=\"article:modified_time\" content=\"2022-05-05T15:02:27+00:00\" \/>\n<meta property=\"og:image\" content=\"https:\/\/pronounce.com\/app\/uploads\/2022\/03\/Asset-1-1.jpg\" \/>\n<meta name=\"twitter:card\" content=\"summary_large_image\" \/>\n<meta name=\"twitter:label1\" content=\"Est. reading time\" \/>\n\t<meta name=\"twitter:data1\" content=\"3 minutes\" \/>\n<script type=\"application\/ld+json\" class=\"yoast-schema-graph\">{\"@context\":\"https:\\\/\\\/schema.org\",\"@graph\":[{\"@type\":\"WebPage\",\"@id\":\"https:\\\/\\\/pronounce.com\\\/fr\\\/a-propos\\\/manifeste\\\/\",\"url\":\"https:\\\/\\\/pronounce.com\\\/fr\\\/a-propos\\\/manifeste\\\/\",\"name\":\"Manifeste - Pronounce\",\"isPartOf\":{\"@id\":\"https:\\\/\\\/pronounce.com\\\/fr\\\/#website\"},\"primaryImageOfPage\":{\"@id\":\"https:\\\/\\\/pronounce.com\\\/fr\\\/a-propos\\\/manifeste\\\/#primaryimage\"},\"image\":{\"@id\":\"https:\\\/\\\/pronounce.com\\\/fr\\\/a-propos\\\/manifeste\\\/#primaryimage\"},\"thumbnailUrl\":\"https:\\\/\\\/pronounce.com\\\/app\\\/uploads\\\/2022\\\/03\\\/Asset-1-1.jpg\",\"datePublished\":\"2022-03-21T19:05:39+00:00\",\"dateModified\":\"2022-05-05T15:02:27+00:00\",\"description\":\"L'objectif de l'\u00e9quipe Pronounce\u00ae est de vous aider \u00e0 parler anglais naturellement. Ensemble, brisons les barri\u00e8res de la langue anglaise.\",\"breadcrumb\":{\"@id\":\"https:\\\/\\\/pronounce.com\\\/fr\\\/a-propos\\\/manifeste\\\/#breadcrumb\"},\"inLanguage\":\"fr-FR\",\"potentialAction\":[{\"@type\":\"ReadAction\",\"target\":[\"https:\\\/\\\/pronounce.com\\\/fr\\\/a-propos\\\/manifeste\\\/\"]}]},{\"@type\":\"ImageObject\",\"inLanguage\":\"fr-FR\",\"@id\":\"https:\\\/\\\/pronounce.com\\\/fr\\\/a-propos\\\/manifeste\\\/#primaryimage\",\"url\":\"https:\\\/\\\/pronounce.com\\\/app\\\/uploads\\\/2022\\\/03\\\/Asset-1-1.jpg\",\"contentUrl\":\"https:\\\/\\\/pronounce.com\\\/app\\\/uploads\\\/2022\\\/03\\\/Asset-1-1.jpg\"},{\"@type\":\"BreadcrumbList\",\"@id\":\"https:\\\/\\\/pronounce.com\\\/fr\\\/a-propos\\\/manifeste\\\/#breadcrumb\",\"itemListElement\":[{\"@type\":\"ListItem\",\"position\":1,\"name\":\"Home\",\"item\":\"https:\\\/\\\/pronounce.com\\\/fr\\\/\"},{\"@type\":\"ListItem\",\"position\":2,\"name\":\"A propos\",\"item\":\"https:\\\/\\\/pronounce.com\\\/fr\\\/a-propos\\\/\"},{\"@type\":\"ListItem\",\"position\":3,\"name\":\"Manifeste\"}]},{\"@type\":\"WebSite\",\"@id\":\"https:\\\/\\\/pronounce.com\\\/fr\\\/#website\",\"url\":\"https:\\\/\\\/pronounce.com\\\/fr\\\/\",\"name\":\"Pronounce\",\"description\":\"\",\"potentialAction\":[{\"@type\":\"SearchAction\",\"target\":{\"@type\":\"EntryPoint\",\"urlTemplate\":\"https:\\\/\\\/pronounce.com\\\/fr\\\/?s={search_term_string}\"},\"query-input\":{\"@type\":\"PropertyValueSpecification\",\"valueRequired\":true,\"valueName\":\"search_term_string\"}}],\"inLanguage\":\"fr-FR\"}]}<\/script>\n<!-- \/ Yoast SEO plugin. -->","yoast_head_json":{"title":"Manifeste - Pronounce","description":"L'objectif de l'\u00e9quipe Pronounce\u00ae est de vous aider \u00e0 parler anglais naturellement. Ensemble, brisons les barri\u00e8res de la langue anglaise.","robots":{"index":"index","follow":"follow","max-snippet":"max-snippet:-1","max-image-preview":"max-image-preview:large","max-video-preview":"max-video-preview:-1"},"canonical":"https:\/\/pronounce.com\/fr\/a-propos\/manifeste\/","og_locale":"fr_FR","og_type":"article","og_title":"Manifeste - Pronounce","og_description":"L'objectif de l'\u00e9quipe Pronounce\u00ae est de vous aider \u00e0 parler anglais naturellement. Ensemble, brisons les barri\u00e8res de la langue anglaise.","og_url":"https:\/\/pronounce.com\/fr\/a-propos\/manifeste\/","og_site_name":"Pronounce","article_modified_time":"2022-05-05T15:02:27+00:00","og_image":[{"url":"https:\/\/pronounce.com\/app\/uploads\/2022\/03\/Asset-1-1.jpg","type":"","width":"","height":""}],"twitter_card":"summary_large_image","twitter_misc":{"Est. reading time":"3 minutes"},"schema":{"@context":"https:\/\/schema.org","@graph":[{"@type":"WebPage","@id":"https:\/\/pronounce.com\/fr\/a-propos\/manifeste\/","url":"https:\/\/pronounce.com\/fr\/a-propos\/manifeste\/","name":"Manifeste - Pronounce","isPartOf":{"@id":"https:\/\/pronounce.com\/fr\/#website"},"primaryImageOfPage":{"@id":"https:\/\/pronounce.com\/fr\/a-propos\/manifeste\/#primaryimage"},"image":{"@id":"https:\/\/pronounce.com\/fr\/a-propos\/manifeste\/#primaryimage"},"thumbnailUrl":"https:\/\/pronounce.com\/app\/uploads\/2022\/03\/Asset-1-1.jpg","datePublished":"2022-03-21T19:05:39+00:00","dateModified":"2022-05-05T15:02:27+00:00","description":"L'objectif de l'\u00e9quipe Pronounce\u00ae est de vous aider \u00e0 parler anglais naturellement. Ensemble, brisons les barri\u00e8res de la langue anglaise.","breadcrumb":{"@id":"https:\/\/pronounce.com\/fr\/a-propos\/manifeste\/#breadcrumb"},"inLanguage":"fr-FR","potentialAction":[{"@type":"ReadAction","target":["https:\/\/pronounce.com\/fr\/a-propos\/manifeste\/"]}]},{"@type":"ImageObject","inLanguage":"fr-FR","@id":"https:\/\/pronounce.com\/fr\/a-propos\/manifeste\/#primaryimage","url":"https:\/\/pronounce.com\/app\/uploads\/2022\/03\/Asset-1-1.jpg","contentUrl":"https:\/\/pronounce.com\/app\/uploads\/2022\/03\/Asset-1-1.jpg"},{"@type":"BreadcrumbList","@id":"https:\/\/pronounce.com\/fr\/a-propos\/manifeste\/#breadcrumb","itemListElement":[{"@type":"ListItem","position":1,"name":"Home","item":"https:\/\/pronounce.com\/fr\/"},{"@type":"ListItem","position":2,"name":"A propos","item":"https:\/\/pronounce.com\/fr\/a-propos\/"},{"@type":"ListItem","position":3,"name":"Manifeste"}]},{"@type":"WebSite","@id":"https:\/\/pronounce.com\/fr\/#website","url":"https:\/\/pronounce.com\/fr\/","name":"Pronounce","description":"","potentialAction":[{"@type":"SearchAction","target":{"@type":"EntryPoint","urlTemplate":"https:\/\/pronounce.com\/fr\/?s={search_term_string}"},"query-input":{"@type":"PropertyValueSpecification","valueRequired":true,"valueName":"search_term_string"}}],"inLanguage":"fr-FR"}]}},"_links":{"self":[{"href":"https:\/\/pronounce.com\/fr\/wp-json\/wp\/v2\/pages\/3921","targetHints":{"allow":["GET"]}}],"collection":[{"href":"https:\/\/pronounce.com\/fr\/wp-json\/wp\/v2\/pages"}],"about":[{"href":"https:\/\/pronounce.com\/fr\/wp-json\/wp\/v2\/types\/page"}],"author":[{"embeddable":true,"href":"https:\/\/pronounce.com\/fr\/wp-json\/wp\/v2\/users\/7"}],"replies":[{"embeddable":true,"href":"https:\/\/pronounce.com\/fr\/wp-json\/wp\/v2\/comments?post=3921"}],"version-history":[{"count":0,"href":"https:\/\/pronounce.com\/fr\/wp-json\/wp\/v2\/pages\/3921\/revisions"}],"up":[{"embeddable":true,"href":"https:\/\/pronounce.com\/fr\/wp-json\/wp\/v2\/pages\/3824"}],"wp:attachment":[{"href":"https:\/\/pronounce.com\/fr\/wp-json\/wp\/v2\/media?parent=3921"}],"curies":[{"name":"wp","href":"https:\/\/api.w.org\/{rel}","templated":true}]}}