{"id":163,"date":"2022-01-06T03:51:14","date_gmt":"2022-01-06T03:51:14","guid":{"rendered":"https:\/\/dev.pronounce.com\/?page_id=163"},"modified":"2023-08-11T08:43:15","modified_gmt":"2023-08-11T08:43:15","slug":"faq","status":"publish","type":"page","link":"https:\/\/pronounce.com\/fr\/faq\/","title":{"rendered":"FAQ"},"content":{"rendered":"","protected":false},"excerpt":{"rendered":"","protected":false},"author":1,"featured_media":0,"parent":0,"menu_order":0,"comment_status":"closed","ping_status":"closed","template":"templates\/template-faq.php","meta":{"_acf_changed":false,"footnotes":""},"class_list":["post-163","page","type-page","status-publish","hentry"],"acf":[],"yoast_head":"<!-- This site is optimized with the Yoast SEO plugin v27.4 - https:\/\/yoast.com\/product\/yoast-seo-wordpress\/ -->\n<title>Perfectionnement en anglais : comment parler anglais couramment ?<\/title>\n<meta name=\"description\" content=\"Pronounce\u00ae vous permet de perfectionner votre anglais et de gagner en spontan\u00e9it\u00e9 et fluidit\u00e9. Parlez anglais couramment d\u00e8s maintenant avec Pronounce\u00ae !\" \/>\n<meta name=\"robots\" content=\"index, follow, max-snippet:-1, max-image-preview:large, max-video-preview:-1\" \/>\n<link rel=\"canonical\" href=\"https:\/\/pronounce.com\/fr\/faq\/\" \/>\n<meta property=\"og:locale\" content=\"fr_FR\" \/>\n<meta property=\"og:type\" content=\"article\" \/>\n<meta property=\"og:title\" content=\"Perfectionnement en anglais : comment parler anglais couramment ?\" \/>\n<meta property=\"og:description\" content=\"Pronounce\u00ae vous permet de perfectionner votre anglais et de gagner en spontan\u00e9it\u00e9 et fluidit\u00e9. Parlez anglais couramment d\u00e8s maintenant avec Pronounce\u00ae !\" \/>\n<meta property=\"og:url\" content=\"https:\/\/pronounce.com\/fr\/faq\/\" \/>\n<meta property=\"og:site_name\" content=\"Pronounce\" \/>\n<meta property=\"article:modified_time\" content=\"2023-08-11T08:43:15+00:00\" \/>\n<meta name=\"twitter:card\" content=\"summary_large_image\" \/>\n<script type=\"application\/ld+json\" class=\"yoast-schema-graph\">{\"@context\":\"https:\\\/\\\/schema.org\",\"@graph\":[{\"@type\":\"WebPage\",\"@id\":\"https:\\\/\\\/pronounce.com\\\/fr\\\/faq\\\/\",\"url\":\"https:\\\/\\\/pronounce.com\\\/fr\\\/faq\\\/\",\"name\":\"Perfectionnement en anglais : comment parler anglais couramment ?\",\"isPartOf\":{\"@id\":\"https:\\\/\\\/pronounce.com\\\/fr\\\/#website\"},\"datePublished\":\"2022-01-06T03:51:14+00:00\",\"dateModified\":\"2023-08-11T08:43:15+00:00\",\"description\":\"Pronounce\u00ae vous permet de perfectionner votre anglais et de gagner en spontan\u00e9it\u00e9 et fluidit\u00e9. Parlez anglais couramment d\u00e8s maintenant avec Pronounce\u00ae !\",\"breadcrumb\":{\"@id\":\"https:\\\/\\\/pronounce.com\\\/fr\\\/faq\\\/#breadcrumb\"},\"inLanguage\":\"fr-FR\",\"potentialAction\":[{\"@type\":\"ReadAction\",\"target\":[\"https:\\\/\\\/pronounce.com\\\/fr\\\/faq\\\/\"]}]},{\"@type\":\"BreadcrumbList\",\"@id\":\"https:\\\/\\\/pronounce.com\\\/fr\\\/faq\\\/#breadcrumb\",\"itemListElement\":[{\"@type\":\"ListItem\",\"position\":1,\"name\":\"Home\",\"item\":\"https:\\\/\\\/pronounce.com\\\/fr\\\/\"},{\"@type\":\"ListItem\",\"position\":2,\"name\":\"FAQ\"}]},{\"@type\":\"WebSite\",\"@id\":\"https:\\\/\\\/pronounce.com\\\/fr\\\/#website\",\"url\":\"https:\\\/\\\/pronounce.com\\\/fr\\\/\",\"name\":\"Pronounce\",\"description\":\"\",\"potentialAction\":[{\"@type\":\"SearchAction\",\"target\":{\"@type\":\"EntryPoint\",\"urlTemplate\":\"https:\\\/\\\/pronounce.com\\\/fr\\\/?s={search_term_string}\"},\"query-input\":{\"@type\":\"PropertyValueSpecification\",\"valueRequired\":true,\"valueName\":\"search_term_string\"}}],\"inLanguage\":\"fr-FR\"}]}<\/script>\n<!-- \/ Yoast SEO plugin. -->","yoast_head_json":{"title":"Perfectionnement en anglais : comment parler anglais couramment ?","description":"Pronounce\u00ae vous permet de perfectionner votre anglais et de gagner en spontan\u00e9it\u00e9 et fluidit\u00e9. Parlez anglais couramment d\u00e8s maintenant avec Pronounce\u00ae !","robots":{"index":"index","follow":"follow","max-snippet":"max-snippet:-1","max-image-preview":"max-image-preview:large","max-video-preview":"max-video-preview:-1"},"canonical":"https:\/\/pronounce.com\/fr\/faq\/","og_locale":"fr_FR","og_type":"article","og_title":"Perfectionnement en anglais : comment parler anglais couramment ?","og_description":"Pronounce\u00ae vous permet de perfectionner votre anglais et de gagner en spontan\u00e9it\u00e9 et fluidit\u00e9. Parlez anglais couramment d\u00e8s maintenant avec Pronounce\u00ae !","og_url":"https:\/\/pronounce.com\/fr\/faq\/","og_site_name":"Pronounce","article_modified_time":"2023-08-11T08:43:15+00:00","twitter_card":"summary_large_image","schema":{"@context":"https:\/\/schema.org","@graph":[{"@type":"WebPage","@id":"https:\/\/pronounce.com\/fr\/faq\/","url":"https:\/\/pronounce.com\/fr\/faq\/","name":"Perfectionnement en anglais : comment parler anglais couramment ?","isPartOf":{"@id":"https:\/\/pronounce.com\/fr\/#website"},"datePublished":"2022-01-06T03:51:14+00:00","dateModified":"2023-08-11T08:43:15+00:00","description":"Pronounce\u00ae vous permet de perfectionner votre anglais et de gagner en spontan\u00e9it\u00e9 et fluidit\u00e9. Parlez anglais couramment d\u00e8s maintenant avec Pronounce\u00ae !","breadcrumb":{"@id":"https:\/\/pronounce.com\/fr\/faq\/#breadcrumb"},"inLanguage":"fr-FR","potentialAction":[{"@type":"ReadAction","target":["https:\/\/pronounce.com\/fr\/faq\/"]}]},{"@type":"BreadcrumbList","@id":"https:\/\/pronounce.com\/fr\/faq\/#breadcrumb","itemListElement":[{"@type":"ListItem","position":1,"name":"Home","item":"https:\/\/pronounce.com\/fr\/"},{"@type":"ListItem","position":2,"name":"FAQ"}]},{"@type":"WebSite","@id":"https:\/\/pronounce.com\/fr\/#website","url":"https:\/\/pronounce.com\/fr\/","name":"Pronounce","description":"","potentialAction":[{"@type":"SearchAction","target":{"@type":"EntryPoint","urlTemplate":"https:\/\/pronounce.com\/fr\/?s={search_term_string}"},"query-input":{"@type":"PropertyValueSpecification","valueRequired":true,"valueName":"search_term_string"}}],"inLanguage":"fr-FR"}]}},"_links":{"self":[{"href":"https:\/\/pronounce.com\/fr\/wp-json\/wp\/v2\/pages\/163","targetHints":{"allow":["GET"]}}],"collection":[{"href":"https:\/\/pronounce.com\/fr\/wp-json\/wp\/v2\/pages"}],"about":[{"href":"https:\/\/pronounce.com\/fr\/wp-json\/wp\/v2\/types\/page"}],"author":[{"embeddable":true,"href":"https:\/\/pronounce.com\/fr\/wp-json\/wp\/v2\/users\/1"}],"replies":[{"embeddable":true,"href":"https:\/\/pronounce.com\/fr\/wp-json\/wp\/v2\/comments?post=163"}],"version-history":[{"count":2,"href":"https:\/\/pronounce.com\/fr\/wp-json\/wp\/v2\/pages\/163\/revisions"}],"predecessor-version":[{"id":18192,"href":"https:\/\/pronounce.com\/fr\/wp-json\/wp\/v2\/pages\/163\/revisions\/18192"}],"wp:attachment":[{"href":"https:\/\/pronounce.com\/fr\/wp-json\/wp\/v2\/media?parent=163"}],"curies":[{"name":"wp","href":"https:\/\/api.w.org\/{rel}","templated":true}]}}