{"id":13,"date":"2021-08-06T09:06:15","date_gmt":"2021-08-06T09:06:15","guid":{"rendered":"http:\/\/wppoc.docksal\/homepage\/"},"modified":"2023-08-11T08:02:24","modified_gmt":"2023-08-11T08:02:24","slug":"accueil","status":"publish","type":"page","link":"https:\/\/pronounce.com\/fr\/","title":{"rendered":"Accueil"},"content":{"rendered":"\t\t<div data-elementor-type=\"wp-page\" data-elementor-id=\"13\" class=\"elementor elementor-13\" data-elementor-post-type=\"page\">\n\t\t\t\t\t\t<section class=\"elementor-section elementor-top-section elementor-element elementor-element-6da771ec elementor-section-boxed elementor-section-height-default elementor-section-height-default\" data-id=\"6da771ec\" data-element_type=\"section\" data-e-type=\"section\">\n\t\t\t\t\t\t<div class=\"elementor-container elementor-column-gap-default\">\n\t\t\t\t\t<div class=\"elementor-column elementor-col-100 elementor-top-column elementor-element elementor-element-3080b93c\" data-id=\"3080b93c\" data-element_type=\"column\" data-e-type=\"column\">\n\t\t\t<div class=\"elementor-widget-wrap elementor-element-populated\">\n\t\t\t\t\t\t<div class=\"elementor-element elementor-element-52863410 elementor-widget elementor-widget-text-editor\" data-id=\"52863410\" data-element_type=\"widget\" data-e-type=\"widget\" data-widget_type=\"text-editor.default\">\n\t\t\t\t<div class=\"elementor-widget-container\">\n\t\t\t\t\t\t\t\t\t\n\t\t\t<div class=\"wp-block-cover\" style=\"background-image:url(http:\/\/wppoc.docksal\/app\/uploads\/2021\/08\/other-small.jpg)\"><div class=\"wp-block-cover__inner-container\">\n\t\t\t<p class=\"has-text-align-center has-large-font-size\">Welcome to the store<\/p>\n\t\t\t\n\n\t\t\t\n\t\t\t<p class=\"has-text-color has-text-align-center\">Write a short welcome message here<\/p>\n\t\t\t\n\n\t\t\t\n\t\t\t<div class=\"wp-block-button aligncenter\"><a href=\"http:\/\/wppoc.docksal\/shop\/\" class=\"wp-block-button__link\">Go shopping<\/a><\/div>\n\t\t\t<\/div><\/div>\n\t\t\t\n\t\t\n\t\t<h2 style=\"text-align:center\">New Products<\/h2>\n\t\t\n\n\t\t \n\t\t\t<div class=\"wp-block-media-text alignwide has-media-on-the-right\"\"><figure class=\"wp-block-media-text__media\"><img fetchpriority=\"high\" decoding=\"async\" width=\"1920\" height=\"1280\" src=\"http:\/\/wppoc.docksal\/app\/uploads\/2021\/08\/other-small.jpg\" alt=\"\" class=\"wp-image-14\" srcset=\"https:\/\/pronounce.com\/app\/uploads\/2021\/08\/other-small.jpg 1920w, https:\/\/pronounce.com\/app\/uploads\/2021\/08\/other-small-600x400.jpg 600w, https:\/\/pronounce.com\/app\/uploads\/2021\/08\/other-small-300x200.jpg 300w, https:\/\/pronounce.com\/app\/uploads\/2021\/08\/other-small-1024x683.jpg 1024w, https:\/\/pronounce.com\/app\/uploads\/2021\/08\/other-small-768x512.jpg 768w, https:\/\/pronounce.com\/app\/uploads\/2021\/08\/other-small-1536x1024.jpg 1536w, https:\/\/pronounce.com\/app\/uploads\/2021\/08\/other-small-1568x1045.jpg 1568w\" sizes=\"(max-width: 1920px) 100vw, 1920px\" \/><\/figure><div class=\"wp-block-media-text__content\">\n\t\t\t<p class=\"has-large-font-size\"><\/p>\n\t\t\t<\/div><\/div>\n\t\t\t\n\t\t\t<div class=\"wp-block-media-text alignwide\"\"><figure class=\"wp-block-media-text__media\"><img fetchpriority=\"high\" decoding=\"async\" width=\"1920\" height=\"1280\" src=\"http:\/\/wppoc.docksal\/app\/uploads\/2021\/08\/other-small.jpg\" alt=\"\" class=\"wp-image-14\" srcset=\"https:\/\/pronounce.com\/app\/uploads\/2021\/08\/other-small.jpg 1920w, https:\/\/pronounce.com\/app\/uploads\/2021\/08\/other-small-600x400.jpg 600w, https:\/\/pronounce.com\/app\/uploads\/2021\/08\/other-small-300x200.jpg 300w, https:\/\/pronounce.com\/app\/uploads\/2021\/08\/other-small-1024x683.jpg 1024w, https:\/\/pronounce.com\/app\/uploads\/2021\/08\/other-small-768x512.jpg 768w, https:\/\/pronounce.com\/app\/uploads\/2021\/08\/other-small-1536x1024.jpg 1536w, https:\/\/pronounce.com\/app\/uploads\/2021\/08\/other-small-1568x1045.jpg 1568w\" sizes=\"(max-width: 1920px) 100vw, 1920px\" \/><\/figure><div class=\"wp-block-media-text__content\">\n\t\t\t<p class=\"has-large-font-size\"><\/p>\n\t\t\t<\/div><\/div>\n\t\t\t\n\t\t\t<div class=\"wp-block-media-text alignwide has-media-on-the-right\"\"><figure class=\"wp-block-media-text__media\"><img fetchpriority=\"high\" decoding=\"async\" width=\"1920\" height=\"1280\" src=\"http:\/\/wppoc.docksal\/app\/uploads\/2021\/08\/other-small.jpg\" alt=\"\" class=\"wp-image-14\" srcset=\"https:\/\/pronounce.com\/app\/uploads\/2021\/08\/other-small.jpg 1920w, https:\/\/pronounce.com\/app\/uploads\/2021\/08\/other-small-600x400.jpg 600w, https:\/\/pronounce.com\/app\/uploads\/2021\/08\/other-small-300x200.jpg 300w, https:\/\/pronounce.com\/app\/uploads\/2021\/08\/other-small-1024x683.jpg 1024w, https:\/\/pronounce.com\/app\/uploads\/2021\/08\/other-small-768x512.jpg 768w, https:\/\/pronounce.com\/app\/uploads\/2021\/08\/other-small-1536x1024.jpg 1536w, https:\/\/pronounce.com\/app\/uploads\/2021\/08\/other-small-1568x1045.jpg 1568w\" sizes=\"(max-width: 1920px) 100vw, 1920px\" \/><\/figure><div class=\"wp-block-media-text__content\">\n\t\t\t<p class=\"has-large-font-size\"><\/p>\n\t\t\t<\/div><\/div>\n\t\t\t\n\n\t\t\t\t\t\t\t\t\t\t<\/div>\n\t\t\t\t<\/div>\n\t\t\t\t\t<\/div>\n\t\t<\/div>\n\t\t\t\t\t<\/div>\n\t\t<\/section>\n\t\t\t\t<section class=\"elementor-section elementor-top-section elementor-element elementor-element-db245f3 elementor-section-boxed elementor-section-height-default elementor-section-height-default\" data-id=\"db245f3\" data-element_type=\"section\" data-e-type=\"section\">\n\t\t\t\t\t\t<div class=\"elementor-container elementor-column-gap-default\">\n\t\t\t\t\t<div class=\"elementor-column elementor-col-100 elementor-top-column elementor-element elementor-element-6b71684\" data-id=\"6b71684\" data-element_type=\"column\" data-e-type=\"column\">\n\t\t\t<div class=\"elementor-widget-wrap elementor-element-populated\">\n\t\t\t\t\t\t<div class=\"elementor-element elementor-element-1d60408 elementor-arrows-position-inside elementor-pagination-position-outside elementor-widget elementor-widget-image-carousel\" data-id=\"1d60408\" data-element_type=\"widget\" data-e-type=\"widget\" data-settings=\"{&quot;navigation&quot;:&quot;both&quot;,&quot;autoplay&quot;:&quot;yes&quot;,&quot;pause_on_hover&quot;:&quot;yes&quot;,&quot;pause_on_interaction&quot;:&quot;yes&quot;,&quot;autoplay_speed&quot;:5000,&quot;infinite&quot;:&quot;yes&quot;,&quot;speed&quot;:500}\" data-widget_type=\"image-carousel.default\">\n\t\t\t\t<div class=\"elementor-widget-container\">\n\t\t\t\t\t\t\t<div class=\"elementor-image-carousel-wrapper swiper\" role=\"region\" aria-roledescription=\"carousel\" aria-label=\"Image Carousel\" dir=\"ltr\">\n\t\t\t<div class=\"elementor-image-carousel swiper-wrapper\" aria-live=\"off\">\n\t\t\t\t\t\t\t\t<div class=\"swiper-slide\" role=\"group\" aria-roledescription=\"slide\" aria-label=\"1 of 5\"><figure class=\"swiper-slide-inner\"><img decoding=\"async\" class=\"swiper-slide-image\" src=\"https:\/\/pronounce.com\/app\/uploads\/2021\/08\/112755-150x150.jpg\" alt=\"112755\" \/><\/figure><\/div><div class=\"swiper-slide\" role=\"group\" aria-roledescription=\"slide\" aria-label=\"2 of 5\"><figure class=\"swiper-slide-inner\"><img decoding=\"async\" class=\"swiper-slide-image\" src=\"https:\/\/pronounce.com\/app\/uploads\/2021\/08\/256000-150x150.jpg\" alt=\"256000\" \/><\/figure><\/div><div class=\"swiper-slide\" role=\"group\" aria-roledescription=\"slide\" aria-label=\"3 of 5\"><figure class=\"swiper-slide-inner\"><img decoding=\"async\" class=\"swiper-slide-image\" src=\"https:\/\/pronounce.com\/app\/uploads\/2021\/08\/255971-150x150.jpg\" alt=\"255971\" \/><\/figure><\/div><div class=\"swiper-slide\" role=\"group\" aria-roledescription=\"slide\" aria-label=\"4 of 5\"><figure class=\"swiper-slide-inner\"><img decoding=\"async\" class=\"swiper-slide-image\" src=\"https:\/\/pronounce.com\/app\/uploads\/2021\/08\/255965-150x150.jpg\" alt=\"255965\" \/><\/figure><\/div><div class=\"swiper-slide\" role=\"group\" aria-roledescription=\"slide\" aria-label=\"5 of 5\"><figure class=\"swiper-slide-inner\"><img decoding=\"async\" class=\"swiper-slide-image\" src=\"https:\/\/pronounce.com\/app\/uploads\/2021\/08\/255964-150x150.jpg\" alt=\"255964\" \/><\/figure><\/div>\t\t\t<\/div>\n\t\t\t\t\t\t\t\t\t\t\t\t<div class=\"elementor-swiper-button elementor-swiper-button-prev\" role=\"button\" tabindex=\"0\">\n\t\t\t\t\t\t<i aria-hidden=\"true\" class=\"eicon-chevron-left\"><\/i>\t\t\t\t\t<\/div>\n\t\t\t\t\t<div class=\"elementor-swiper-button elementor-swiper-button-next\" role=\"button\" tabindex=\"0\">\n\t\t\t\t\t\t<i aria-hidden=\"true\" class=\"eicon-chevron-right\"><\/i>\t\t\t\t\t<\/div>\n\t\t\t\t\n\t\t\t\t\t\t\t\t\t<div class=\"swiper-pagination\"><\/div>\n\t\t\t\t\t\t\t\t\t<\/div>\n\t\t\t\t\t\t<\/div>\n\t\t\t\t<\/div>\n\t\t\t\t<div class=\"elementor-element elementor-element-1a35e95 elementor-widget elementor-widget-image\" data-id=\"1a35e95\" data-element_type=\"widget\" data-e-type=\"widget\" data-widget_type=\"image.default\">\n\t\t\t\t<div class=\"elementor-widget-container\">\n\t\t\t\t\t\t\t\t\t\t\t\t\t\t\t<img decoding=\"async\" src=\"https:\/\/pronounce.com\/app\/plugins\/elementor\/assets\/images\/placeholder.png\" title=\"\" alt=\"\" loading=\"lazy\" \/>\t\t\t\t\t\t\t\t\t\t\t\t\t\t\t<\/div>\n\t\t\t\t<\/div>\n\t\t\t\t\t<\/div>\n\t\t<\/div>\n\t\t\t\t\t<\/div>\n\t\t<\/section>\n\t\t\t\t<\/div>\n\t\t","protected":false},"excerpt":{"rendered":"","protected":false},"author":1,"featured_media":0,"parent":0,"menu_order":0,"comment_status":"closed","ping_status":"closed","template":"","meta":{"_acf_changed":false,"footnotes":""},"class_list":["post-13","page","type-page","status-publish","hentry"],"acf":[],"yoast_head":"<!-- This site is optimized with the Yoast SEO plugin v27.5 - https:\/\/yoast.com\/product\/yoast-seo-wordpress\/ -->\n<title>Am\u00e9liorez votre Anglais oral et votre prononciation avec Pronounce\u00ae<\/title>\n<meta name=\"description\" content=\"D\u00e9couvrez le casque Pronounce\u00ae, la toute nouvelle m\u00e9thode pour perfectionner votre Anglais oral. Technologie issue des Neurosciences. R\u00e9sultats certifi\u00e9s.\" \/>\n<meta name=\"robots\" content=\"index, follow, max-snippet:-1, max-image-preview:large, max-video-preview:-1\" \/>\n<link rel=\"canonical\" href=\"https:\/\/pronounce.com\/fr\/\" \/>\n<meta property=\"og:locale\" content=\"fr_FR\" \/>\n<meta property=\"og:type\" content=\"article\" \/>\n<meta property=\"og:title\" content=\"Parler anglais naturellement\" \/>\n<meta property=\"og:description\" content=\"Am\u00e9liorez votre prononciation et gagnez en fluidit\u00e9 en anglais avec le casque Pronounce. Profitez de notre offre de remboursement de 30 jours et essayez Pronounce par vous-m\u00eame.\" \/>\n<meta property=\"og:url\" content=\"https:\/\/pronounce.com\/fr\/\" \/>\n<meta property=\"og:site_name\" content=\"Pronounce\" \/>\n<meta property=\"article:modified_time\" content=\"2023-08-11T08:02:24+00:00\" \/>\n<meta name=\"twitter:card\" content=\"summary_large_image\" \/>\n<meta name=\"twitter:title\" content=\"Parler anglais naturellement\" \/>\n<meta name=\"twitter:description\" content=\"Am\u00e9liorez votre prononciation et gagnez en fluidit\u00e9 en anglais avec le casque Pronounce. Profitez de notre offre de remboursement de 30 jours et essayez Pronounce par vous-m\u00eame.\" \/>\n<meta name=\"twitter:image\" content=\"https:\/\/pronounce.com\/app\/uploads\/2022\/04\/Homepage-Pronounce-social-Share.jpg\" \/>\n<script type=\"application\/ld+json\" class=\"yoast-schema-graph\">{\"@context\":\"https:\\\/\\\/schema.org\",\"@graph\":[{\"@type\":\"WebPage\",\"@id\":\"https:\\\/\\\/pronounce.com\\\/fr\\\/\",\"url\":\"https:\\\/\\\/pronounce.com\\\/fr\\\/\",\"name\":\"Am\u00e9liorez votre Anglais oral et votre prononciation avec Pronounce\u00ae\",\"isPartOf\":{\"@id\":\"https:\\\/\\\/pronounce.com\\\/fr\\\/#website\"},\"datePublished\":\"2021-08-06T09:06:15+00:00\",\"dateModified\":\"2023-08-11T08:02:24+00:00\",\"description\":\"D\u00e9couvrez le casque Pronounce\u00ae, la toute nouvelle m\u00e9thode pour perfectionner votre Anglais oral. Technologie issue des Neurosciences. R\u00e9sultats certifi\u00e9s.\",\"breadcrumb\":{\"@id\":\"https:\\\/\\\/pronounce.com\\\/fr\\\/#breadcrumb\"},\"inLanguage\":\"fr-FR\",\"potentialAction\":[{\"@type\":\"ReadAction\",\"target\":[\"https:\\\/\\\/pronounce.com\\\/fr\\\/\"]}]},{\"@type\":\"BreadcrumbList\",\"@id\":\"https:\\\/\\\/pronounce.com\\\/fr\\\/#breadcrumb\",\"itemListElement\":[{\"@type\":\"ListItem\",\"position\":1,\"name\":\"Home\",\"item\":\"https:\\\/\\\/pronounce.com\\\/fr\\\/\"},{\"@type\":\"ListItem\",\"position\":2,\"name\":\"Accueil\"}]},{\"@type\":\"WebSite\",\"@id\":\"https:\\\/\\\/pronounce.com\\\/fr\\\/#website\",\"url\":\"https:\\\/\\\/pronounce.com\\\/fr\\\/\",\"name\":\"Pronounce\",\"description\":\"\",\"potentialAction\":[{\"@type\":\"SearchAction\",\"target\":{\"@type\":\"EntryPoint\",\"urlTemplate\":\"https:\\\/\\\/pronounce.com\\\/fr\\\/?s={search_term_string}\"},\"query-input\":{\"@type\":\"PropertyValueSpecification\",\"valueRequired\":true,\"valueName\":\"search_term_string\"}}],\"inLanguage\":\"fr-FR\"}]}<\/script>\n<!-- \/ Yoast SEO plugin. -->","yoast_head_json":{"title":"Am\u00e9liorez votre Anglais oral et votre prononciation avec Pronounce\u00ae","description":"D\u00e9couvrez le casque Pronounce\u00ae, la toute nouvelle m\u00e9thode pour perfectionner votre Anglais oral. Technologie issue des Neurosciences. R\u00e9sultats certifi\u00e9s.","robots":{"index":"index","follow":"follow","max-snippet":"max-snippet:-1","max-image-preview":"max-image-preview:large","max-video-preview":"max-video-preview:-1"},"canonical":"https:\/\/pronounce.com\/fr\/","og_locale":"fr_FR","og_type":"article","og_title":"Parler anglais naturellement","og_description":"Am\u00e9liorez votre prononciation et gagnez en fluidit\u00e9 en anglais avec le casque Pronounce. Profitez de notre offre de remboursement de 30 jours et essayez Pronounce par vous-m\u00eame.","og_url":"https:\/\/pronounce.com\/fr\/","og_site_name":"Pronounce","article_modified_time":"2023-08-11T08:02:24+00:00","twitter_card":"summary_large_image","twitter_title":"Parler anglais naturellement","twitter_description":"Am\u00e9liorez votre prononciation et gagnez en fluidit\u00e9 en anglais avec le casque Pronounce. Profitez de notre offre de remboursement de 30 jours et essayez Pronounce par vous-m\u00eame.","twitter_image":"https:\/\/pronounce.com\/app\/uploads\/2022\/04\/Homepage-Pronounce-social-Share.jpg","schema":{"@context":"https:\/\/schema.org","@graph":[{"@type":"WebPage","@id":"https:\/\/pronounce.com\/fr\/","url":"https:\/\/pronounce.com\/fr\/","name":"Am\u00e9liorez votre Anglais oral et votre prononciation avec Pronounce\u00ae","isPartOf":{"@id":"https:\/\/pronounce.com\/fr\/#website"},"datePublished":"2021-08-06T09:06:15+00:00","dateModified":"2023-08-11T08:02:24+00:00","description":"D\u00e9couvrez le casque Pronounce\u00ae, la toute nouvelle m\u00e9thode pour perfectionner votre Anglais oral. Technologie issue des Neurosciences. R\u00e9sultats certifi\u00e9s.","breadcrumb":{"@id":"https:\/\/pronounce.com\/fr\/#breadcrumb"},"inLanguage":"fr-FR","potentialAction":[{"@type":"ReadAction","target":["https:\/\/pronounce.com\/fr\/"]}]},{"@type":"BreadcrumbList","@id":"https:\/\/pronounce.com\/fr\/#breadcrumb","itemListElement":[{"@type":"ListItem","position":1,"name":"Home","item":"https:\/\/pronounce.com\/fr\/"},{"@type":"ListItem","position":2,"name":"Accueil"}]},{"@type":"WebSite","@id":"https:\/\/pronounce.com\/fr\/#website","url":"https:\/\/pronounce.com\/fr\/","name":"Pronounce","description":"","potentialAction":[{"@type":"SearchAction","target":{"@type":"EntryPoint","urlTemplate":"https:\/\/pronounce.com\/fr\/?s={search_term_string}"},"query-input":{"@type":"PropertyValueSpecification","valueRequired":true,"valueName":"search_term_string"}}],"inLanguage":"fr-FR"}]}},"_links":{"self":[{"href":"https:\/\/pronounce.com\/fr\/wp-json\/wp\/v2\/pages\/13","targetHints":{"allow":["GET"]}}],"collection":[{"href":"https:\/\/pronounce.com\/fr\/wp-json\/wp\/v2\/pages"}],"about":[{"href":"https:\/\/pronounce.com\/fr\/wp-json\/wp\/v2\/types\/page"}],"author":[{"embeddable":true,"href":"https:\/\/pronounce.com\/fr\/wp-json\/wp\/v2\/users\/1"}],"replies":[{"embeddable":true,"href":"https:\/\/pronounce.com\/fr\/wp-json\/wp\/v2\/comments?post=13"}],"version-history":[{"count":42,"href":"https:\/\/pronounce.com\/fr\/wp-json\/wp\/v2\/pages\/13\/revisions"}],"predecessor-version":[{"id":18164,"href":"https:\/\/pronounce.com\/fr\/wp-json\/wp\/v2\/pages\/13\/revisions\/18164"}],"wp:attachment":[{"href":"https:\/\/pronounce.com\/fr\/wp-json\/wp\/v2\/media?parent=13"}],"curies":[{"name":"wp","href":"https:\/\/api.w.org\/{rel}","templated":true}]}}