{"id":14742,"date":"2022-08-31T07:24:43","date_gmt":"2022-08-31T07:24:43","guid":{"rendered":"https:\/\/pronounce.com\/?page_id=14742"},"modified":"2024-02-02T10:44:18","modified_gmt":"2024-02-02T10:44:18","slug":"garantia-y-devoluciones","status":"publish","type":"page","link":"https:\/\/pronounce.com\/es\/juridico\/garantia-y-devoluciones\/","title":{"rendered":"Garant\u00eda y devoluciones"},"content":{"rendered":"\t\t<div data-elementor-type=\"wp-page\" data-elementor-id=\"14742\" class=\"elementor elementor-14742 elementor-5732\" data-elementor-post-type=\"page\">\n\t\t\t\t\t\t<section class=\"elementor-section elementor-top-section elementor-element elementor-element-5cdaa91 con-frs elementor-section-boxed elementor-section-height-default elementor-section-height-default\" data-id=\"5cdaa91\" data-element_type=\"section\" data-e-type=\"section\">\n\t\t\t\t\t\t<div class=\"elementor-container elementor-column-gap-default\">\n\t\t\t\t\t<div class=\"elementor-column elementor-col-100 elementor-top-column elementor-element elementor-element-b69b890\" data-id=\"b69b890\" data-element_type=\"column\" data-e-type=\"column\">\n\t\t\t<div class=\"elementor-widget-wrap elementor-element-populated\">\n\t\t\t\t\t\t<div class=\"elementor-element elementor-element-08d445c elementor-widget elementor-widget-heading\" data-id=\"08d445c\" data-element_type=\"widget\" data-e-type=\"widget\" data-widget_type=\"heading.default\">\n\t\t\t\t<div class=\"elementor-widget-container\">\n\t\t\t\t\t<h1 class=\"elementor-heading-title elementor-size-default\">Garant\u00eda limitada de 2 a\u00f1os<\/h1>\t\t\t\t<\/div>\n\t\t\t\t<\/div>\n\t\t\t\t<div class=\"elementor-element elementor-element-df21e6c elementor-widget elementor-widget-text-editor\" data-id=\"df21e6c\" data-element_type=\"widget\" data-e-type=\"widget\" data-widget_type=\"text-editor.default\">\n\t\t\t\t<div class=\"elementor-widget-container\">\n\t\t\t\t\t\t\t\t\t<p>Pronounce tiene una garant\u00eda limitada de 2 a\u00f1os que cubre un uso normal. POLYGLOT SA garantiza al comprador o usuario inicial que el dispositivo Pronounce estar\u00e1 libre de defectos de fabricaci\u00f3n o material. Si durante la vida \u00fatil del producto se pone de manifiesto cualquier incumplimiento de esta garant\u00eda, Polyglot SA, previa notificaci\u00f3n por escrito y devoluci\u00f3n de los productos o piezas defectuosas, reparar\u00e1 o sustituir\u00e1 el producto o las piezas defectuosas.<\/p>\t\t\t\t\t\t\t\t<\/div>\n\t\t\t\t<\/div>\n\t\t\t\t\t<\/div>\n\t\t<\/div>\n\t\t\t\t\t<\/div>\n\t\t<\/section>\n\t\t\t\t<section class=\"elementor-section elementor-top-section elementor-element elementor-element-3b7c871 con-frs elementor-section-boxed elementor-section-height-default elementor-section-height-default\" data-id=\"3b7c871\" data-element_type=\"section\" data-e-type=\"section\">\n\t\t\t\t\t\t<div class=\"elementor-container elementor-column-gap-default\">\n\t\t\t\t\t<div class=\"elementor-column elementor-col-100 elementor-top-column elementor-element elementor-element-c7d55e7\" data-id=\"c7d55e7\" data-element_type=\"column\" data-e-type=\"column\">\n\t\t\t<div class=\"elementor-widget-wrap elementor-element-populated\">\n\t\t\t\t\t\t<div class=\"elementor-element elementor-element-658b8a7 elementor-widget elementor-widget-heading\" data-id=\"658b8a7\" data-element_type=\"widget\" data-e-type=\"widget\" data-widget_type=\"heading.default\">\n\t\t\t\t<div class=\"elementor-widget-container\">\n\t\t\t\t\t<h3 class=\"elementor-heading-title elementor-size-default\">Garant\u00eda de devoluci\u00f3n en 30 d\u00edas<\/h3>\t\t\t\t<\/div>\n\t\t\t\t<\/div>\n\t\t\t\t<div class=\"elementor-element elementor-element-10583f9 elementor-widget elementor-widget-text-editor\" data-id=\"10583f9\" data-element_type=\"widget\" data-e-type=\"widget\" data-widget_type=\"text-editor.default\">\n\t\t\t\t<div class=\"elementor-widget-container\">\n\t\t\t\t\t\t\t\t\t<p>Pronounce tiene una garant\u00eda de satisfacci\u00f3n de 30 d\u00edas o te rembolsamos tu pedido. Si por alguna raz\u00f3n quieres devolver los auriculares Pronounce, h\u00e1znoslo saber en un plazo de 30 d\u00edas despu\u00e9s de recibir el producto, y te rembolsaremos la totalidad de tu pago. Para iniciar el procedimiento de devoluci\u00f3n, rellena el siguiente formulario de garant\u00eda de devoluci\u00f3n de 30 d\u00edas.<\/p>\t\t\t\t\t\t\t\t<\/div>\n\t\t\t\t<\/div>\n\t\t\t\t\t<\/div>\n\t\t<\/div>\n\t\t\t\t\t<\/div>\n\t\t<\/section>\n\t\t\t\t<section class=\"elementor-section elementor-top-section elementor-element elementor-element-e6d620d con-tabs elementor-section-boxed elementor-section-height-default elementor-section-height-default\" data-id=\"e6d620d\" data-element_type=\"section\" data-e-type=\"section\">\n\t\t\t\t\t\t<div class=\"elementor-container elementor-column-gap-default\">\n\t\t\t\t\t<div class=\"elementor-column elementor-col-100 elementor-top-column elementor-element elementor-element-9bcd59a\" data-id=\"9bcd59a\" data-element_type=\"column\" data-e-type=\"column\">\n\t\t\t<div class=\"elementor-widget-wrap elementor-element-populated\">\n\t\t\t\t\t\t<div class=\"elementor-element elementor-element-d24914a elementor-tabs-alignment-center elementor-tabs-view-horizontal elementor-widget elementor-widget-tabs\" data-id=\"d24914a\" data-element_type=\"widget\" data-e-type=\"widget\" data-widget_type=\"tabs.default\">\n\t\t\t\t<div class=\"elementor-widget-container\">\n\t\t\t\t\t\t\t<div class=\"elementor-tabs\">\n\t\t\t<div class=\"elementor-tabs-wrapper\" role=\"tablist\" >\n\t\t\t\t\t\t\t\t\t<div id=\"elementor-tab-title-2201\" class=\"elementor-tab-title elementor-tab-desktop-title\" aria-selected=\"true\" data-tab=\"1\" role=\"tab\" tabindex=\"0\" aria-controls=\"elementor-tab-content-2201\" aria-expanded=\"false\">Garant\u00eda limitada de 2 a\u00f1os<\/div>\n\t\t\t\t\t\t\t\t\t<div id=\"elementor-tab-title-2202\" class=\"elementor-tab-title elementor-tab-desktop-title\" aria-selected=\"false\" data-tab=\"2\" role=\"tab\" tabindex=\"-1\" aria-controls=\"elementor-tab-content-2202\" aria-expanded=\"false\">Garant\u00eda de devoluci\u00f3n en 30 d\u00edas<\/div>\n\t\t\t\t\t\t\t<\/div>\n\t\t\t<div class=\"elementor-tabs-content-wrapper\" role=\"tablist\" aria-orientation=\"vertical\">\n\t\t\t\t\t\t\t\t\t<div class=\"elementor-tab-title elementor-tab-mobile-title\" aria-selected=\"true\" data-tab=\"1\" role=\"tab\" tabindex=\"0\" aria-controls=\"elementor-tab-content-2201\" aria-expanded=\"false\">Garant\u00eda limitada de 2 a\u00f1os<\/div>\n\t\t\t\t\t<div id=\"elementor-tab-content-2201\" class=\"elementor-tab-content elementor-clearfix\" data-tab=\"1\" role=\"tabpanel\" aria-labelledby=\"elementor-tab-title-2201\" tabindex=\"0\" hidden=\"false\"><p class=\"con-t-p1\">Llenar y enviar mi solicitud de reembolso (garant\u00eda de devoluci\u00f3n de 30 d\u00edas):<\/p>\n<p class=\"con-t-p2\">\u00a0Rellene este formulario si deseas devolver el auricular y obtener el reembolso. Esto s\u00f3lo se aplica a los pedidos recibidos durante los \u00faltimos 30 d\u00edas.<\/p>\n\n<div class=\"con-t-forms\">\n\n<script charset=\"utf-8\" type=\"text\/javascript\" src=\"\/\/js.hsforms.net\/forms\/embed\/v2.js\"><\/script>\n<script>\n  hbspt.forms.create({\n    region: \"na1\",\n    portalId: \"4540908\",\n    formId: \"1e6cccf5-f0b1-423b-af7b-6287d464c994\",\n    version: \"V2_PRERELEASE\"\n  });\n<\/script>\n\n<\/div><\/div>\n\t\t\t\t\t\t\t\t\t<div class=\"elementor-tab-title elementor-tab-mobile-title\" aria-selected=\"false\" data-tab=\"2\" role=\"tab\" tabindex=\"-1\" aria-controls=\"elementor-tab-content-2202\" aria-expanded=\"false\">Garant\u00eda de devoluci\u00f3n en 30 d\u00edas<\/div>\n\t\t\t\t\t<div id=\"elementor-tab-content-2202\" class=\"elementor-tab-content elementor-clearfix\" data-tab=\"2\" role=\"tabpanel\" aria-labelledby=\"elementor-tab-title-2202\" tabindex=\"0\" hidden=\"hidden\"><p class=\"con-t-p1\">\u00a0Llenar y enviar mi solicitud de reembolso (garant\u00eda de devoluci\u00f3n de 30 d\u00edas):<\/p>\n<p class=\"con-t-p2\">\u00a0Rellene este formulario si deseas devolver el auricular y obtener el reembolso. Esto s\u00f3lo se aplica a los pedidos recibidos durante los \u00faltimos 30 d\u00edas.<\/p>\n\n<div class=\"con-t-forms\"><script charset=\"utf-8\" type=\"text\/javascript\" src=\"\/\/js.hsforms.net\/forms\/embed\/v2.js\"><\/script>\n<script>\n  hbspt.forms.create({\n    region: \"na1\",\n    portalId: \"4540908\",\n    formId: \"28b2c0ab-0933-4f12-80c5-46eb9106bb62\",\n    version: \"V2_PRERELEASE\"\n  });\n<\/script><\/div><\/div>\n\t\t\t\t\t\t\t<\/div>\n\t\t<\/div>\n\t\t\t\t\t\t<\/div>\n\t\t\t\t<\/div>\n\t\t\t\t\t<\/div>\n\t\t<\/div>\n\t\t\t\t\t<\/div>\n\t\t<\/section>\n\t\t\t\t<section class=\"elementor-section elementor-top-section elementor-element elementor-element-1798c10d elementor-section-height-min-height elementor-section-boxed elementor-section-height-default elementor-section-items-middle\" data-id=\"1798c10d\" data-element_type=\"section\" data-e-type=\"section\" data-settings=\"{&quot;background_background&quot;:&quot;classic&quot;}\">\n\t\t\t\t\t\t<div class=\"elementor-container elementor-column-gap-default\">\n\t\t\t\t\t<div class=\"elementor-column elementor-col-100 elementor-top-column elementor-element elementor-element-6404f453\" data-id=\"6404f453\" data-element_type=\"column\" data-e-type=\"column\">\n\t\t\t<div class=\"elementor-widget-wrap elementor-element-populated\">\n\t\t\t\t\t\t<section class=\"elementor-section elementor-inner-section elementor-element elementor-element-17d32f7c c-flex elementor-section-boxed elementor-section-height-default elementor-section-height-default\" data-id=\"17d32f7c\" data-element_type=\"section\" data-e-type=\"section\">\n\t\t\t\t\t\t<div class=\"elementor-container elementor-column-gap-default\">\n\t\t\t\t\t<div class=\"elementor-column elementor-col-100 elementor-inner-column elementor-element elementor-element-2b3c161\" data-id=\"2b3c161\" data-element_type=\"column\" data-e-type=\"column\">\n\t\t\t<div class=\"elementor-widget-wrap elementor-element-populated\">\n\t\t\t\t\t\t<div class=\"elementor-element elementor-element-49466283 elementor-widget elementor-widget-heading\" data-id=\"49466283\" data-element_type=\"widget\" data-e-type=\"widget\" data-widget_type=\"heading.default\">\n\t\t\t\t<div class=\"elementor-widget-container\">\n\t\t\t\t\t<h2 class=\"elementor-heading-title elementor-size-default\">\u00bfNecesitas ayuda? Estamos a tu disposici\u00f3n<span class=\"red-span\">.<\/span><\/h2>\t\t\t\t<\/div>\n\t\t\t\t<\/div>\n\t\t\t\t\t<\/div>\n\t\t<\/div>\n\t\t\t\t\t<\/div>\n\t\t<\/section>\n\t\t\t\t<section class=\"elementor-section elementor-inner-section elementor-element elementor-element-7d073fb5 c-flex elementor-section-boxed elementor-section-height-default elementor-section-height-default\" data-id=\"7d073fb5\" data-element_type=\"section\" data-e-type=\"section\">\n\t\t\t\t\t\t<div class=\"elementor-container elementor-column-gap-default\">\n\t\t\t\t\t<div class=\"elementor-column elementor-col-33 elementor-inner-column elementor-element elementor-element-650b4ca5\" data-id=\"650b4ca5\" data-element_type=\"column\" data-e-type=\"column\">\n\t\t\t<div class=\"elementor-widget-wrap elementor-element-populated\">\n\t\t\t\t\t\t<div class=\"elementor-element elementor-element-385e15c beson_height elementor-widget__width-initial elementor-widget elementor-widget-html\" data-id=\"385e15c\" data-element_type=\"widget\" data-e-type=\"widget\" data-widget_type=\"html.default\">\n\t\t\t\t<div class=\"elementor-widget-container\">\n\t\t\t\t\t<a href=\"mailto:contact@pronounce.com\">\r\n<div class=\"besion-daide\">\r\n<div class=\"beson_icon\"><img decoding=\"async\" src=\"\/app\/uploads\/2022\/03\/Ellipse-54.png\" alt=\"\" width=\"122px\" height=\"122px\" \/>\r\n<img decoding=\"async\" class=\"i2-i1\" src=\"\/app\/uploads\/2022\/03\/Pronounce-Email.png\" width=\"37px\" height=\"24px\" \/><\/div>\r\n<strong>Por correo electr\u00f3nico\r\n<\/strong>\r\n<p class=\"\">Nuestro equipo estar\u00e1 encantado de responder<br class=\"\" \/>a tus preguntas.<\/p>\r\n\r\n<\/div>\r\n<\/a>\t\t\t\t<\/div>\n\t\t\t\t<\/div>\n\t\t\t\t\t<\/div>\n\t\t<\/div>\n\t\t\t\t<div class=\"elementor-column elementor-col-33 elementor-inner-column elementor-element elementor-element-3e31054f\" data-id=\"3e31054f\" data-element_type=\"column\" data-e-type=\"column\">\n\t\t\t<div class=\"elementor-widget-wrap elementor-element-populated\">\n\t\t\t\t\t\t<div class=\"elementor-element elementor-element-6032fb4 beson_height elementor-widget__width-initial elementor-widget elementor-widget-html\" data-id=\"6032fb4\" data-element_type=\"widget\" data-e-type=\"widget\" data-widget_type=\"html.default\">\n\t\t\t\t<div class=\"elementor-widget-container\">\n\t\t\t\t\t<a href=\"#hs-chat-open\">\r\n<div class=\"besion-daide\">\r\n<div class=\"beson_icon\"><img decoding=\"async\" src=\"\/app\/uploads\/2022\/03\/Ellipse-54.png\" alt=\"\" width=\"122px\" height=\"122px\" \/>\r\n<img decoding=\"async\" class=\"i2\" src=\"\/app\/uploads\/2022\/03\/Pronounce-chat.png\" width=\"37px\" height=\"24px\" \/><\/div>\r\n<strong>Por chat<\/strong>\r\n<p class=\"\">De lunes a viernes de las<br class=\"\" \/>9 a las 17 horas (GMT+1)<\/p>\r\n\r\n<\/div>\r\n<\/a>\t\t\t\t<\/div>\n\t\t\t\t<\/div>\n\t\t\t\t\t<\/div>\n\t\t<\/div>\n\t\t\t\t<div class=\"elementor-column elementor-col-33 elementor-inner-column elementor-element elementor-element-11ca7898\" data-id=\"11ca7898\" data-element_type=\"column\" data-e-type=\"column\">\n\t\t\t<div class=\"elementor-widget-wrap elementor-element-populated\">\n\t\t\t\t\t\t<div class=\"elementor-element elementor-element-08668d5 beson_height elementor-widget__width-initial elementor-widget elementor-widget-html\" data-id=\"08668d5\" data-element_type=\"widget\" data-e-type=\"widget\" data-widget_type=\"html.default\">\n\t\t\t\t<div class=\"elementor-widget-container\">\n\t\t\t\t\t<a href=\"\/es\/preguntas-frecuentes\/\">\r\n<div class=\"besion-daide\">\r\n<div class=\"beson_icon\"><img decoding=\"async\" src=\"\/app\/uploads\/2022\/03\/Ellipse-54.png\" alt=\"\" width=\"122px\" height=\"122px\" \/>\r\n<img decoding=\"async\" class=\"i2\" src=\"\/app\/uploads\/2022\/03\/Pronounce-FAQ.png\" width=\"37px\" height=\"24px\" \/><\/div>\r\n<strong>Preguntas frecuentes<\/strong>\r\n<p class=\"\">La respuesta a tu pregunta est\u00e1<br class=\"\" \/>probablemente en esta secci\u00f3n.<\/p>\r\n\r\n<\/div>\r\n<\/a>\t\t\t\t<\/div>\n\t\t\t\t<\/div>\n\t\t\t\t\t<\/div>\n\t\t<\/div>\n\t\t\t\t\t<\/div>\n\t\t<\/section>\n\t\t\t\t\t<\/div>\n\t\t<\/div>\n\t\t\t\t\t<\/div>\n\t\t<\/section>\n\t\t\t\t<\/div>\n\t\t","protected":false},"excerpt":{"rendered":"<p>Garant\u00eda limitada de 2 a\u00f1os Pronounce tiene una garant\u00eda limitada de 2 a\u00f1os que cubre un uso normal. POLYGLOT SA garantiza al comprador o usuario inicial que el dispositivo Pronounce estar\u00e1 libre de defectos de fabricaci\u00f3n o material. Si durante la vida \u00fatil del producto se pone de manifiesto cualquier incumplimiento de esta garant\u00eda, Polyglot [&hellip;]<\/p>\n","protected":false},"author":22,"featured_media":0,"parent":14723,"menu_order":0,"comment_status":"closed","ping_status":"closed","template":"","meta":{"_acf_changed":false,"footnotes":""},"class_list":["post-14742","page","type-page","status-publish","hentry"],"acf":[],"yoast_head":"<!-- This site is optimized with the Yoast SEO plugin v27.4 - https:\/\/yoast.com\/product\/yoast-seo-wordpress\/ -->\n<title>Garant\u00eda y devoluciones - Pronounce<\/title>\n<meta name=\"robots\" content=\"noindex, follow\" \/>\n<meta property=\"og:locale\" content=\"es_ES\" \/>\n<meta property=\"og:type\" content=\"article\" \/>\n<meta property=\"og:title\" content=\"Garant\u00eda y devoluciones - Pronounce\" \/>\n<meta property=\"og:description\" content=\"Garant\u00eda limitada de 2 a\u00f1os Pronounce tiene una garant\u00eda limitada de 2 a\u00f1os que cubre un uso normal. POLYGLOT SA garantiza al comprador o usuario inicial que el dispositivo Pronounce estar\u00e1 libre de defectos de fabricaci\u00f3n o material. Si durante la vida \u00fatil del producto se pone de manifiesto cualquier incumplimiento de esta garant\u00eda, Polyglot [&hellip;]\" \/>\n<meta property=\"og:url\" content=\"https:\/\/pronounce.com\/es\/juridico\/garantia-y-devoluciones\/\" \/>\n<meta property=\"og:site_name\" content=\"Pronounce\" \/>\n<meta property=\"article:modified_time\" content=\"2024-02-02T10:44:18+00:00\" \/>\n<meta name=\"twitter:card\" content=\"summary_large_image\" \/>\n<meta name=\"twitter:label1\" content=\"Est. reading time\" \/>\n\t<meta name=\"twitter:data1\" content=\"3 minutes\" \/>\n<script type=\"application\/ld+json\" class=\"yoast-schema-graph\">{\"@context\":\"https:\\\/\\\/schema.org\",\"@graph\":[{\"@type\":\"WebPage\",\"@id\":\"https:\\\/\\\/pronounce.com\\\/es\\\/juridico\\\/garantia-y-devoluciones\\\/\",\"url\":\"https:\\\/\\\/pronounce.com\\\/es\\\/juridico\\\/garantia-y-devoluciones\\\/\",\"name\":\"Garant\u00eda y devoluciones - Pronounce\",\"isPartOf\":{\"@id\":\"https:\\\/\\\/pronounce.com\\\/es\\\/#website\"},\"datePublished\":\"2022-08-31T07:24:43+00:00\",\"dateModified\":\"2024-02-02T10:44:18+00:00\",\"breadcrumb\":{\"@id\":\"https:\\\/\\\/pronounce.com\\\/es\\\/juridico\\\/garantia-y-devoluciones\\\/#breadcrumb\"},\"inLanguage\":\"es-ES\",\"potentialAction\":[{\"@type\":\"ReadAction\",\"target\":[\"https:\\\/\\\/pronounce.com\\\/es\\\/juridico\\\/garantia-y-devoluciones\\\/\"]}]},{\"@type\":\"BreadcrumbList\",\"@id\":\"https:\\\/\\\/pronounce.com\\\/es\\\/juridico\\\/garantia-y-devoluciones\\\/#breadcrumb\",\"itemListElement\":[{\"@type\":\"ListItem\",\"position\":1,\"name\":\"Home\",\"item\":\"https:\\\/\\\/pronounce.com\\\/es\\\/\"},{\"@type\":\"ListItem\",\"position\":2,\"name\":\"jur\u00eddico\",\"item\":\"https:\\\/\\\/pronounce.com\\\/es\\\/juridico\\\/\"},{\"@type\":\"ListItem\",\"position\":3,\"name\":\"Garant\u00eda y devoluciones\"}]},{\"@type\":\"WebSite\",\"@id\":\"https:\\\/\\\/pronounce.com\\\/es\\\/#website\",\"url\":\"https:\\\/\\\/pronounce.com\\\/es\\\/\",\"name\":\"Pronounce\",\"description\":\"\",\"potentialAction\":[{\"@type\":\"SearchAction\",\"target\":{\"@type\":\"EntryPoint\",\"urlTemplate\":\"https:\\\/\\\/pronounce.com\\\/es\\\/?s={search_term_string}\"},\"query-input\":{\"@type\":\"PropertyValueSpecification\",\"valueRequired\":true,\"valueName\":\"search_term_string\"}}],\"inLanguage\":\"es-ES\"}]}<\/script>\n<!-- \/ Yoast SEO plugin. -->","yoast_head_json":{"title":"Garant\u00eda y devoluciones - Pronounce","robots":{"index":"noindex","follow":"follow"},"og_locale":"es_ES","og_type":"article","og_title":"Garant\u00eda y devoluciones - Pronounce","og_description":"Garant\u00eda limitada de 2 a\u00f1os Pronounce tiene una garant\u00eda limitada de 2 a\u00f1os que cubre un uso normal. POLYGLOT SA garantiza al comprador o usuario inicial que el dispositivo Pronounce estar\u00e1 libre de defectos de fabricaci\u00f3n o material. Si durante la vida \u00fatil del producto se pone de manifiesto cualquier incumplimiento de esta garant\u00eda, Polyglot [&hellip;]","og_url":"https:\/\/pronounce.com\/es\/juridico\/garantia-y-devoluciones\/","og_site_name":"Pronounce","article_modified_time":"2024-02-02T10:44:18+00:00","twitter_card":"summary_large_image","twitter_misc":{"Est. reading time":"3 minutes"},"schema":{"@context":"https:\/\/schema.org","@graph":[{"@type":"WebPage","@id":"https:\/\/pronounce.com\/es\/juridico\/garantia-y-devoluciones\/","url":"https:\/\/pronounce.com\/es\/juridico\/garantia-y-devoluciones\/","name":"Garant\u00eda y devoluciones - Pronounce","isPartOf":{"@id":"https:\/\/pronounce.com\/es\/#website"},"datePublished":"2022-08-31T07:24:43+00:00","dateModified":"2024-02-02T10:44:18+00:00","breadcrumb":{"@id":"https:\/\/pronounce.com\/es\/juridico\/garantia-y-devoluciones\/#breadcrumb"},"inLanguage":"es-ES","potentialAction":[{"@type":"ReadAction","target":["https:\/\/pronounce.com\/es\/juridico\/garantia-y-devoluciones\/"]}]},{"@type":"BreadcrumbList","@id":"https:\/\/pronounce.com\/es\/juridico\/garantia-y-devoluciones\/#breadcrumb","itemListElement":[{"@type":"ListItem","position":1,"name":"Home","item":"https:\/\/pronounce.com\/es\/"},{"@type":"ListItem","position":2,"name":"jur\u00eddico","item":"https:\/\/pronounce.com\/es\/juridico\/"},{"@type":"ListItem","position":3,"name":"Garant\u00eda y devoluciones"}]},{"@type":"WebSite","@id":"https:\/\/pronounce.com\/es\/#website","url":"https:\/\/pronounce.com\/es\/","name":"Pronounce","description":"","potentialAction":[{"@type":"SearchAction","target":{"@type":"EntryPoint","urlTemplate":"https:\/\/pronounce.com\/es\/?s={search_term_string}"},"query-input":{"@type":"PropertyValueSpecification","valueRequired":true,"valueName":"search_term_string"}}],"inLanguage":"es-ES"}]}},"_links":{"self":[{"href":"https:\/\/pronounce.com\/es\/wp-json\/wp\/v2\/pages\/14742","targetHints":{"allow":["GET"]}}],"collection":[{"href":"https:\/\/pronounce.com\/es\/wp-json\/wp\/v2\/pages"}],"about":[{"href":"https:\/\/pronounce.com\/es\/wp-json\/wp\/v2\/types\/page"}],"author":[{"embeddable":true,"href":"https:\/\/pronounce.com\/es\/wp-json\/wp\/v2\/users\/22"}],"replies":[{"embeddable":true,"href":"https:\/\/pronounce.com\/es\/wp-json\/wp\/v2\/comments?post=14742"}],"version-history":[{"count":33,"href":"https:\/\/pronounce.com\/es\/wp-json\/wp\/v2\/pages\/14742\/revisions"}],"predecessor-version":[{"id":18557,"href":"https:\/\/pronounce.com\/es\/wp-json\/wp\/v2\/pages\/14742\/revisions\/18557"}],"up":[{"embeddable":true,"href":"https:\/\/pronounce.com\/es\/wp-json\/wp\/v2\/pages\/14723"}],"wp:attachment":[{"href":"https:\/\/pronounce.com\/es\/wp-json\/wp\/v2\/media?parent=14742"}],"curies":[{"name":"wp","href":"https:\/\/api.w.org\/{rel}","templated":true}]}}