{"id":14693,"date":"2022-08-30T12:48:12","date_gmt":"2022-08-30T12:48:12","guid":{"rendered":"https:\/\/pronounce.com\/?page_id=14693"},"modified":"2024-02-02T13:57:36","modified_gmt":"2024-02-02T13:57:36","slug":"contacto","status":"publish","type":"page","link":"https:\/\/pronounce.com\/es\/quienes-somos\/contacto\/","title":{"rendered":"Contacto"},"content":{"rendered":"\t\t<div data-elementor-type=\"wp-page\" data-elementor-id=\"14693\" class=\"elementor elementor-14693 elementor-5730\" data-elementor-post-type=\"page\">\n\t\t\t\t\t\t<section class=\"elementor-section elementor-top-section elementor-element elementor-element-7255253 con-top elementor-section-boxed elementor-section-height-default elementor-section-height-default\" data-id=\"7255253\" data-element_type=\"section\" data-e-type=\"section\">\n\t\t\t\t\t\t<div class=\"elementor-container elementor-column-gap-default\">\n\t\t\t\t\t<div class=\"elementor-column elementor-col-100 elementor-top-column elementor-element elementor-element-23fc04b\" data-id=\"23fc04b\" data-element_type=\"column\" data-e-type=\"column\">\n\t\t\t<div class=\"elementor-widget-wrap elementor-element-populated\">\n\t\t\t\t\t\t<div class=\"elementor-element elementor-element-80d2109 elementor-widget elementor-widget-heading\" data-id=\"80d2109\" data-element_type=\"widget\" data-e-type=\"widget\" data-widget_type=\"heading.default\">\n\t\t\t\t<div class=\"elementor-widget-container\">\n\t\t\t\t\t<h1 class=\"elementor-heading-title elementor-size-default\">Irene y su equipo estar\u00e1n encantados de responderte lo antes posible.<\/h1>\t\t\t\t<\/div>\n\t\t\t\t<\/div>\n\t\t\t\t<div class=\"elementor-element elementor-element-9ffb880 elementor-widget elementor-widget-text-editor\" data-id=\"9ffb880\" data-element_type=\"widget\" data-e-type=\"widget\" data-widget_type=\"text-editor.default\">\n\t\t\t\t<div class=\"elementor-widget-container\">\n\t\t\t\t\t\t\t\t\t<p>Tu pregunta ya puede tener respuesta en nuestra secci\u00f3n de preguntas frecuentes, te invitamos a consultarla aqu\u00ed:<\/p>\t\t\t\t\t\t\t\t<\/div>\n\t\t\t\t<\/div>\n\t\t\t\t<div class=\"elementor-element elementor-element-496e758 elementor-widget elementor-widget-text-editor\" data-id=\"496e758\" data-element_type=\"widget\" data-e-type=\"widget\" data-widget_type=\"text-editor.default\">\n\t\t\t\t<div class=\"elementor-widget-container\">\n\t\t\t\t\t\t\t\t\t<div class=\"cta-wrapper\"><a class=\"cta icon-logo\" href=\"https:\/\/pronounce.com\/es\/faq\/\">Ir a Preguntas Frecuentes<\/a><\/div>\t\t\t\t\t\t\t\t<\/div>\n\t\t\t\t<\/div>\n\t\t\t\t\t<\/div>\n\t\t<\/div>\n\t\t\t\t\t<\/div>\n\t\t<\/section>\n\t\t\t\t<section class=\"elementor-section elementor-top-section elementor-element elementor-element-69399e2 que-form elementor-section-full_width elementor-reverse-mobile elementor-section-height-default elementor-section-height-default\" data-id=\"69399e2\" data-element_type=\"section\" data-e-type=\"section\">\n\t\t\t\t\t\t<div class=\"elementor-container elementor-column-gap-default\">\n\t\t\t\t\t<div class=\"elementor-column elementor-col-50 elementor-top-column elementor-element elementor-element-38ddcab rev-block\" data-id=\"38ddcab\" data-element_type=\"column\" data-e-type=\"column\">\n\t\t\t<div class=\"elementor-widget-wrap elementor-element-populated\">\n\t\t\t\t\t\t<div class=\"elementor-element elementor-element-21c2178 elementor-widget elementor-widget-text-editor\" data-id=\"21c2178\" data-element_type=\"widget\" data-e-type=\"widget\" data-widget_type=\"text-editor.default\">\n\t\t\t\t<div class=\"elementor-widget-container\">\n\t\t\t\t\t\t\t\t\t<div class=\"img-text\"><p class=\"img-text-p\">No dudes en enviarnos tu pregunta, mi equipo y yo te responderemos en franc\u00e9s, ingl\u00e9s o espa\u00f1ol.<\/p><\/div>\t\t\t\t\t\t\t\t<\/div>\n\t\t\t\t<\/div>\n\t\t\t\t<div class=\"elementor-element elementor-element-a4b6b68 elementor-widget elementor-widget-image\" data-id=\"a4b6b68\" data-element_type=\"widget\" data-e-type=\"widget\" data-widget_type=\"image.default\">\n\t\t\t\t<div class=\"elementor-widget-container\">\n\t\t\t\t\t\t\t\t\t\t\t\t\t\t\t<img fetchpriority=\"high\" decoding=\"async\" width=\"464\" height=\"443\" src=\"https:\/\/pronounce.com\/app\/uploads\/2022\/03\/MG_6474_720x687px.png\" class=\"attachment-full size-full wp-image-6901\" alt=\"Irene Pronounce\" srcset=\"https:\/\/pronounce.com\/app\/uploads\/2022\/03\/MG_6474_720x687px.png 464w, https:\/\/pronounce.com\/app\/uploads\/2022\/03\/MG_6474_720x687px-300x286.png 300w\" sizes=\"(max-width: 464px) 100vw, 464px\" \/>\t\t\t\t\t\t\t\t\t\t\t\t\t\t\t<\/div>\n\t\t\t\t<\/div>\n\t\t\t\t\t<\/div>\n\t\t<\/div>\n\t\t\t\t<div class=\"elementor-column elementor-col-50 elementor-top-column elementor-element elementor-element-4f16c1c\" data-id=\"4f16c1c\" data-element_type=\"column\" data-e-type=\"column\">\n\t\t\t<div class=\"elementor-widget-wrap elementor-element-populated\">\n\t\t\t\t\t\t<div class=\"elementor-element elementor-element-7cdf1f5 elementor-widget elementor-widget-html\" data-id=\"7cdf1f5\" data-element_type=\"widget\" data-e-type=\"widget\" data-widget_type=\"html.default\">\n\t\t\t\t<div class=\"elementor-widget-container\">\n\t\t\t\t\t<!--[if lte IE 8]>\r\n<script charset=\"utf-8\" type=\"text\/javascript\" src=\"\/\/js-eu1.hsforms.net\/forms\/v2-legacy.js\"><\/script>\r\n<![endif]-->\r\n<script charset=\"utf-8\" type=\"text\/javascript\" src=\"\/\/js.hsforms.net\/forms\/embed\/v2.js\"><\/script>\r\n<script>\r\n  hbspt.forms.create({\r\n    region: \"na1\",\r\n    portalId: \"4540908\",\r\n    formId: \"4051206d-6873-4e0e-93d7-46b4bf53a9e2\"\r\n  });\r\n<\/script>\t\t\t\t<\/div>\n\t\t\t\t<\/div>\n\t\t\t\t\t<\/div>\n\t\t<\/div>\n\t\t\t\t\t<\/div>\n\t\t<\/section>\n\t\t\t\t<section class=\"elementor-section elementor-top-section elementor-element elementor-element-4b90f1c3 elementor-section-height-min-height elementor-section-boxed elementor-section-height-default elementor-section-items-middle\" data-id=\"4b90f1c3\" data-element_type=\"section\" data-e-type=\"section\" data-settings=\"{&quot;background_background&quot;:&quot;classic&quot;}\">\n\t\t\t\t\t\t<div class=\"elementor-container elementor-column-gap-default\">\n\t\t\t\t\t<div class=\"elementor-column elementor-col-100 elementor-top-column elementor-element elementor-element-300a79a3\" data-id=\"300a79a3\" data-element_type=\"column\" data-e-type=\"column\">\n\t\t\t<div class=\"elementor-widget-wrap elementor-element-populated\">\n\t\t\t\t\t\t<section class=\"elementor-section elementor-inner-section elementor-element elementor-element-5514bd16 c-flex elementor-section-boxed elementor-section-height-default elementor-section-height-default\" data-id=\"5514bd16\" data-element_type=\"section\" data-e-type=\"section\">\n\t\t\t\t\t\t<div class=\"elementor-container elementor-column-gap-default\">\n\t\t\t\t\t<div class=\"elementor-column elementor-col-100 elementor-inner-column elementor-element elementor-element-1823a423\" data-id=\"1823a423\" data-element_type=\"column\" data-e-type=\"column\">\n\t\t\t<div class=\"elementor-widget-wrap elementor-element-populated\">\n\t\t\t\t\t\t<div class=\"elementor-element elementor-element-7e2e5931 elementor-widget elementor-widget-heading\" data-id=\"7e2e5931\" data-element_type=\"widget\" data-e-type=\"widget\" data-widget_type=\"heading.default\">\n\t\t\t\t<div class=\"elementor-widget-container\">\n\t\t\t\t\t<h2 class=\"elementor-heading-title elementor-size-default\">\u00bfNecesitas ayuda? Estamos a tu disposici\u00f3n.<\/h2>\t\t\t\t<\/div>\n\t\t\t\t<\/div>\n\t\t\t\t\t<\/div>\n\t\t<\/div>\n\t\t\t\t\t<\/div>\n\t\t<\/section>\n\t\t\t\t<section class=\"elementor-section elementor-inner-section elementor-element elementor-element-3fa29d66 c-flex elementor-section-boxed elementor-section-height-default elementor-section-height-default\" data-id=\"3fa29d66\" data-element_type=\"section\" data-e-type=\"section\">\n\t\t\t\t\t\t<div class=\"elementor-container elementor-column-gap-default\">\n\t\t\t\t\t<div class=\"elementor-column elementor-col-33 elementor-inner-column elementor-element elementor-element-5b143a4c\" data-id=\"5b143a4c\" data-element_type=\"column\" data-e-type=\"column\">\n\t\t\t<div class=\"elementor-widget-wrap elementor-element-populated\">\n\t\t\t\t\t\t<div class=\"elementor-element elementor-element-9167621 beson_height elementor-widget__width-initial elementor-widget elementor-widget-html\" data-id=\"9167621\" data-element_type=\"widget\" data-e-type=\"widget\" data-widget_type=\"html.default\">\n\t\t\t\t<div class=\"elementor-widget-container\">\n\t\t\t\t\t<a href=\"mailto:contact@pronounce.com\">\r\n<div class=\"besion-daide\">\r\n<div class=\"beson_icon\"><img decoding=\"async\" src=\"\/app\/uploads\/2022\/03\/Ellipse-54.png\" alt=\"\" width=\"122px\" height=\"122px\" \/>\r\n<img decoding=\"async\" class=\"i2-i1\" src=\"\/app\/uploads\/2022\/03\/Pronounce-Email.png\" width=\"37px\" height=\"24px\" \/><\/div>\r\n<strong>Por correo electr\u00f3nico<\/strong>\r\n<p class=\"\">Nuestro equipo estar\u00e1 encantado de\r\n responder a tus preguntas.<\/p>\r\n\r\n<\/div>\r\n<\/a>\t\t\t\t<\/div>\n\t\t\t\t<\/div>\n\t\t\t\t\t<\/div>\n\t\t<\/div>\n\t\t\t\t<div class=\"elementor-column elementor-col-33 elementor-inner-column elementor-element elementor-element-17c4c465\" data-id=\"17c4c465\" data-element_type=\"column\" data-e-type=\"column\">\n\t\t\t<div class=\"elementor-widget-wrap elementor-element-populated\">\n\t\t\t\t\t\t<div class=\"elementor-element elementor-element-7fec704 beson_height elementor-widget__width-initial elementor-widget elementor-widget-html\" data-id=\"7fec704\" data-element_type=\"widget\" data-e-type=\"widget\" data-widget_type=\"html.default\">\n\t\t\t\t<div class=\"elementor-widget-container\">\n\t\t\t\t\t<a href=\"#hs-chat-open\"><div class=\"besion-daide\">\r\n<div class=\"beson_icon\"><img decoding=\"async\" src=\"\/app\/uploads\/2022\/03\/Ellipse-54.png\" alt=\"\" width=\"122px\" height=\"122px\" \/>\r\n<img decoding=\"async\" class=\"i2\" src=\"\/app\/uploads\/2022\/03\/Pronounce-chat.png\" width=\"37px\" height=\"24px\" \/><\/div>\r\n<strong>Por chat<\/strong>\r\n<p class=\"\"> De lunes a viernes de\r\n las 9 a las 17 horas (GMT+1)<\/p>\r\n<\/div><\/a>\t\t\t\t<\/div>\n\t\t\t\t<\/div>\n\t\t\t\t\t<\/div>\n\t\t<\/div>\n\t\t\t\t<div class=\"elementor-column elementor-col-33 elementor-inner-column elementor-element elementor-element-3f2f5f86\" data-id=\"3f2f5f86\" data-element_type=\"column\" data-e-type=\"column\">\n\t\t\t<div class=\"elementor-widget-wrap elementor-element-populated\">\n\t\t\t\t\t\t<div class=\"elementor-element elementor-element-2391c02 beson_height elementor-widget__width-initial elementor-widget elementor-widget-html\" data-id=\"2391c02\" data-element_type=\"widget\" data-e-type=\"widget\" data-widget_type=\"html.default\">\n\t\t\t\t<div class=\"elementor-widget-container\">\n\t\t\t\t\t<a href=\"https:\/\/pronounce.com\/es\/faq\/\">\r\n<div class=\"besion-daide\">\r\n<div class=\"beson_icon\"><img decoding=\"async\" src=\"\/app\/uploads\/2022\/03\/Ellipse-54.png\" alt=\"\" width=\"122px\" height=\"122px\" \/>\r\n<img decoding=\"async\" class=\"i2\" src=\"\/app\/uploads\/2022\/03\/Pronounce-FAQ.png\" width=\"37px\" height=\"24px\" \/><\/div>\r\n<strong> Preguntas frecuentes en l\u00ednea<\/strong>\r\n<p class=\"\">La respuesta a tu pregunta est\u00e1 probablemente en esta secci\u00f3n<\/p>\r\n\r\n<\/div>\r\n<\/a>\t\t\t\t<\/div>\n\t\t\t\t<\/div>\n\t\t\t\t\t<\/div>\n\t\t<\/div>\n\t\t\t\t\t<\/div>\n\t\t<\/section>\n\t\t\t\t\t<\/div>\n\t\t<\/div>\n\t\t\t\t\t<\/div>\n\t\t<\/section>\n\t\t\t\t<section class=\"elementor-section elementor-top-section elementor-element elementor-element-7f92fed elementor-section-boxed elementor-section-height-default elementor-section-height-default\" data-id=\"7f92fed\" data-element_type=\"section\" data-e-type=\"section\">\n\t\t\t\t\t\t<div class=\"elementor-container elementor-column-gap-default\">\n\t\t\t\t\t<div class=\"elementor-column elementor-col-100 elementor-top-column elementor-element elementor-element-e2f3c91\" data-id=\"e2f3c91\" data-element_type=\"column\" data-e-type=\"column\">\n\t\t\t<div class=\"elementor-widget-wrap elementor-element-populated\">\n\t\t\t\t\t\t<div class=\"elementor-element elementor-element-77defac elementor-widget elementor-widget-html\" data-id=\"77defac\" data-element_type=\"widget\" data-e-type=\"widget\" data-widget_type=\"html.default\">\n\t\t\t\t<div class=\"elementor-widget-container\">\n\t\t\t\t\t<script>\nif ($(window).width() < 768) {\n   $('.image').children('img').remove();\n   $('.image').append(\"<img src='\/app\/uploads\/2022\/03\/resized2.jpg'\/>\");\n}\n\n$( window ).resize(function() {\n    \nif ($(window).width() > 768) {\n    $('.image').children('img').attr(\"src\", \"\/app\/uploads\/2022\/03\/Groupe-de-masques-2-2.jpg\")\n}\nelse if ($(window).width() < 768) {\n    $('.image').children('img').attr(\"src\", \"\/app\/uploads\/2022\/03\/resized2.jpg\")\n}\n});\n<\/script>\t\t\t\t<\/div>\n\t\t\t\t<\/div>\n\t\t\t\t\t<\/div>\n\t\t<\/div>\n\t\t\t\t\t<\/div>\n\t\t<\/section>\n\t\t\t\t<\/div>\n\t\t","protected":false},"excerpt":{"rendered":"<p>Irene y su equipo estar\u00e1n encantados de responderte lo antes posible. Tu pregunta ya puede tener respuesta en nuestra secci\u00f3n de preguntas frecuentes, te invitamos a consultarla aqu\u00ed: Ir a Preguntas Frecuentes No dudes en enviarnos tu pregunta, mi equipo y yo te responderemos en franc\u00e9s, ingl\u00e9s o espa\u00f1ol. \u00bfNecesitas ayuda? Estamos a tu disposici\u00f3n. [&hellip;]<\/p>\n","protected":false},"author":22,"featured_media":0,"parent":14554,"menu_order":0,"comment_status":"closed","ping_status":"closed","template":"","meta":{"_acf_changed":false,"footnotes":""},"class_list":["post-14693","page","type-page","status-publish","hentry"],"acf":[],"yoast_head":"<!-- This site is optimized with the Yoast SEO plugin v27.4 - https:\/\/yoast.com\/product\/yoast-seo-wordpress\/ -->\n<title>Contacto - Pronounce<\/title>\n<meta name=\"description\" content=\"\u00bfTienes pregunta sobre Pronounce\u00ae? Ponte en contacto con nosotros por chat, correo electr\u00f3nico o tel\u00e9fono.\" \/>\n<meta name=\"robots\" content=\"index, follow, max-snippet:-1, max-image-preview:large, max-video-preview:-1\" \/>\n<link rel=\"canonical\" href=\"https:\/\/pronounce.com\/es\/quienes-somos\/contacto\/\" \/>\n<meta property=\"og:locale\" content=\"es_ES\" \/>\n<meta property=\"og:type\" content=\"article\" \/>\n<meta property=\"og:title\" content=\"Contacto - Pronounce\" \/>\n<meta property=\"og:description\" content=\"\u00bfTienes pregunta sobre Pronounce\u00ae? Ponte en contacto con nosotros por chat, correo electr\u00f3nico o tel\u00e9fono.\" \/>\n<meta property=\"og:url\" content=\"https:\/\/pronounce.com\/es\/quienes-somos\/contacto\/\" \/>\n<meta property=\"og:site_name\" content=\"Pronounce\" \/>\n<meta property=\"article:modified_time\" content=\"2024-02-02T13:57:36+00:00\" \/>\n<meta property=\"og:image\" content=\"https:\/\/pronounce.com\/app\/uploads\/2022\/03\/MG_6474_720x687px.png\" \/>\n<meta name=\"twitter:card\" content=\"summary_large_image\" \/>\n<meta name=\"twitter:label1\" content=\"Est. reading time\" \/>\n\t<meta name=\"twitter:data1\" content=\"2 minutes\" \/>\n<script type=\"application\/ld+json\" class=\"yoast-schema-graph\">{\"@context\":\"https:\\\/\\\/schema.org\",\"@graph\":[{\"@type\":\"WebPage\",\"@id\":\"https:\\\/\\\/pronounce.com\\\/es\\\/quienes-somos\\\/contacto\\\/\",\"url\":\"https:\\\/\\\/pronounce.com\\\/es\\\/quienes-somos\\\/contacto\\\/\",\"name\":\"Contacto - Pronounce\",\"isPartOf\":{\"@id\":\"https:\\\/\\\/pronounce.com\\\/es\\\/#website\"},\"primaryImageOfPage\":{\"@id\":\"https:\\\/\\\/pronounce.com\\\/es\\\/quienes-somos\\\/contacto\\\/#primaryimage\"},\"image\":{\"@id\":\"https:\\\/\\\/pronounce.com\\\/es\\\/quienes-somos\\\/contacto\\\/#primaryimage\"},\"thumbnailUrl\":\"https:\\\/\\\/pronounce.com\\\/app\\\/uploads\\\/2022\\\/03\\\/MG_6474_720x687px.png\",\"datePublished\":\"2022-08-30T12:48:12+00:00\",\"dateModified\":\"2024-02-02T13:57:36+00:00\",\"description\":\"\u00bfTienes pregunta sobre Pronounce\u00ae? Ponte en contacto con nosotros por chat, correo electr\u00f3nico o tel\u00e9fono.\",\"breadcrumb\":{\"@id\":\"https:\\\/\\\/pronounce.com\\\/es\\\/quienes-somos\\\/contacto\\\/#breadcrumb\"},\"inLanguage\":\"es-ES\",\"potentialAction\":[{\"@type\":\"ReadAction\",\"target\":[\"https:\\\/\\\/pronounce.com\\\/es\\\/quienes-somos\\\/contacto\\\/\"]}]},{\"@type\":\"ImageObject\",\"inLanguage\":\"es-ES\",\"@id\":\"https:\\\/\\\/pronounce.com\\\/es\\\/quienes-somos\\\/contacto\\\/#primaryimage\",\"url\":\"https:\\\/\\\/pronounce.com\\\/app\\\/uploads\\\/2022\\\/03\\\/MG_6474_720x687px.png\",\"contentUrl\":\"https:\\\/\\\/pronounce.com\\\/app\\\/uploads\\\/2022\\\/03\\\/MG_6474_720x687px.png\"},{\"@type\":\"BreadcrumbList\",\"@id\":\"https:\\\/\\\/pronounce.com\\\/es\\\/quienes-somos\\\/contacto\\\/#breadcrumb\",\"itemListElement\":[{\"@type\":\"ListItem\",\"position\":1,\"name\":\"Home\",\"item\":\"https:\\\/\\\/pronounce.com\\\/es\\\/\"},{\"@type\":\"ListItem\",\"position\":2,\"name\":\"\u00bfQuienes somos?\",\"item\":\"https:\\\/\\\/pronounce.com\\\/es\\\/o-nas\\\/\"},{\"@type\":\"ListItem\",\"position\":3,\"name\":\"Contacto\"}]},{\"@type\":\"WebSite\",\"@id\":\"https:\\\/\\\/pronounce.com\\\/es\\\/#website\",\"url\":\"https:\\\/\\\/pronounce.com\\\/es\\\/\",\"name\":\"Pronounce\",\"description\":\"\",\"potentialAction\":[{\"@type\":\"SearchAction\",\"target\":{\"@type\":\"EntryPoint\",\"urlTemplate\":\"https:\\\/\\\/pronounce.com\\\/es\\\/?s={search_term_string}\"},\"query-input\":{\"@type\":\"PropertyValueSpecification\",\"valueRequired\":true,\"valueName\":\"search_term_string\"}}],\"inLanguage\":\"es-ES\"}]}<\/script>\n<!-- \/ Yoast SEO plugin. -->","yoast_head_json":{"title":"Contacto - Pronounce","description":"\u00bfTienes pregunta sobre Pronounce\u00ae? Ponte en contacto con nosotros por chat, correo electr\u00f3nico o tel\u00e9fono.","robots":{"index":"index","follow":"follow","max-snippet":"max-snippet:-1","max-image-preview":"max-image-preview:large","max-video-preview":"max-video-preview:-1"},"canonical":"https:\/\/pronounce.com\/es\/quienes-somos\/contacto\/","og_locale":"es_ES","og_type":"article","og_title":"Contacto - Pronounce","og_description":"\u00bfTienes pregunta sobre Pronounce\u00ae? Ponte en contacto con nosotros por chat, correo electr\u00f3nico o tel\u00e9fono.","og_url":"https:\/\/pronounce.com\/es\/quienes-somos\/contacto\/","og_site_name":"Pronounce","article_modified_time":"2024-02-02T13:57:36+00:00","og_image":[{"url":"https:\/\/pronounce.com\/app\/uploads\/2022\/03\/MG_6474_720x687px.png","type":"","width":"","height":""}],"twitter_card":"summary_large_image","twitter_misc":{"Est. reading time":"2 minutes"},"schema":{"@context":"https:\/\/schema.org","@graph":[{"@type":"WebPage","@id":"https:\/\/pronounce.com\/es\/quienes-somos\/contacto\/","url":"https:\/\/pronounce.com\/es\/quienes-somos\/contacto\/","name":"Contacto - Pronounce","isPartOf":{"@id":"https:\/\/pronounce.com\/es\/#website"},"primaryImageOfPage":{"@id":"https:\/\/pronounce.com\/es\/quienes-somos\/contacto\/#primaryimage"},"image":{"@id":"https:\/\/pronounce.com\/es\/quienes-somos\/contacto\/#primaryimage"},"thumbnailUrl":"https:\/\/pronounce.com\/app\/uploads\/2022\/03\/MG_6474_720x687px.png","datePublished":"2022-08-30T12:48:12+00:00","dateModified":"2024-02-02T13:57:36+00:00","description":"\u00bfTienes pregunta sobre Pronounce\u00ae? Ponte en contacto con nosotros por chat, correo electr\u00f3nico o tel\u00e9fono.","breadcrumb":{"@id":"https:\/\/pronounce.com\/es\/quienes-somos\/contacto\/#breadcrumb"},"inLanguage":"es-ES","potentialAction":[{"@type":"ReadAction","target":["https:\/\/pronounce.com\/es\/quienes-somos\/contacto\/"]}]},{"@type":"ImageObject","inLanguage":"es-ES","@id":"https:\/\/pronounce.com\/es\/quienes-somos\/contacto\/#primaryimage","url":"https:\/\/pronounce.com\/app\/uploads\/2022\/03\/MG_6474_720x687px.png","contentUrl":"https:\/\/pronounce.com\/app\/uploads\/2022\/03\/MG_6474_720x687px.png"},{"@type":"BreadcrumbList","@id":"https:\/\/pronounce.com\/es\/quienes-somos\/contacto\/#breadcrumb","itemListElement":[{"@type":"ListItem","position":1,"name":"Home","item":"https:\/\/pronounce.com\/es\/"},{"@type":"ListItem","position":2,"name":"\u00bfQuienes somos?","item":"https:\/\/pronounce.com\/es\/o-nas\/"},{"@type":"ListItem","position":3,"name":"Contacto"}]},{"@type":"WebSite","@id":"https:\/\/pronounce.com\/es\/#website","url":"https:\/\/pronounce.com\/es\/","name":"Pronounce","description":"","potentialAction":[{"@type":"SearchAction","target":{"@type":"EntryPoint","urlTemplate":"https:\/\/pronounce.com\/es\/?s={search_term_string}"},"query-input":{"@type":"PropertyValueSpecification","valueRequired":true,"valueName":"search_term_string"}}],"inLanguage":"es-ES"}]}},"_links":{"self":[{"href":"https:\/\/pronounce.com\/es\/wp-json\/wp\/v2\/pages\/14693","targetHints":{"allow":["GET"]}}],"collection":[{"href":"https:\/\/pronounce.com\/es\/wp-json\/wp\/v2\/pages"}],"about":[{"href":"https:\/\/pronounce.com\/es\/wp-json\/wp\/v2\/types\/page"}],"author":[{"embeddable":true,"href":"https:\/\/pronounce.com\/es\/wp-json\/wp\/v2\/users\/22"}],"replies":[{"embeddable":true,"href":"https:\/\/pronounce.com\/es\/wp-json\/wp\/v2\/comments?post=14693"}],"version-history":[{"count":13,"href":"https:\/\/pronounce.com\/es\/wp-json\/wp\/v2\/pages\/14693\/revisions"}],"predecessor-version":[{"id":18590,"href":"https:\/\/pronounce.com\/es\/wp-json\/wp\/v2\/pages\/14693\/revisions\/18590"}],"up":[{"embeddable":true,"href":"https:\/\/pronounce.com\/es\/wp-json\/wp\/v2\/pages\/14554"}],"wp:attachment":[{"href":"https:\/\/pronounce.com\/es\/wp-json\/wp\/v2\/media?parent=14693"}],"curies":[{"name":"wp","href":"https:\/\/api.w.org\/{rel}","templated":true}]}}