{"id":14558,"date":"2022-08-29T12:11:23","date_gmt":"2022-08-29T12:11:23","guid":{"rendered":"https:\/\/pronounce.com\/?page_id=14558"},"modified":"2022-09-08T15:17:03","modified_gmt":"2022-09-08T15:17:03","slug":"nuestra-mision","status":"publish","type":"page","link":"https:\/\/pronounce.com\/es\/quienes-somos\/nuestra-mision\/","title":{"rendered":"Nuestra mision"},"content":{"rendered":"\t\t<div data-elementor-type=\"wp-page\" data-elementor-id=\"14558\" class=\"elementor elementor-14558 elementor-9912\" data-elementor-post-type=\"page\">\n\t\t\t\t\t\t<section class=\"elementor-section elementor-top-section elementor-element elementor-element-5da43d0 elementor-section-height-min-height elementor-section-boxed elementor-section-height-default elementor-section-items-middle\" data-id=\"5da43d0\" data-element_type=\"section\" data-e-type=\"section\" data-settings=\"{&quot;background_background&quot;:&quot;classic&quot;}\">\n\t\t\t\t\t\t<div class=\"elementor-container elementor-column-gap-default\">\n\t\t\t\t\t<div class=\"elementor-column elementor-col-100 elementor-top-column elementor-element elementor-element-f675b68\" data-id=\"f675b68\" data-element_type=\"column\" data-e-type=\"column\">\n\t\t\t<div class=\"elementor-widget-wrap elementor-element-populated\">\n\t\t\t\t\t\t<div class=\"elementor-element elementor-element-b61e8a3 elementor-widget elementor-widget-heading\" data-id=\"b61e8a3\" data-element_type=\"widget\" data-e-type=\"widget\" data-widget_type=\"heading.default\">\n\t\t\t\t<div class=\"elementor-widget-container\">\n\t\t\t\t\t<h1 class=\"elementor-heading-title elementor-size-default\">Nuestra misi\u00f3n<span>.<\/span><\/h1>\t\t\t\t<\/div>\n\t\t\t\t<\/div>\n\t\t\t\t\t<\/div>\n\t\t<\/div>\n\t\t\t\t\t<\/div>\n\t\t<\/section>\n\t\t\t\t<section class=\"elementor-section elementor-top-section elementor-element elementor-element-b92ea23 elementor-section-boxed elementor-section-height-default elementor-section-height-default\" data-id=\"b92ea23\" data-element_type=\"section\" data-e-type=\"section\" data-settings=\"{&quot;background_background&quot;:&quot;classic&quot;}\">\n\t\t\t\t\t\t<div class=\"elementor-container elementor-column-gap-no\">\n\t\t\t\t\t<div class=\"elementor-column elementor-col-100 elementor-top-column elementor-element elementor-element-ce579cc\" data-id=\"ce579cc\" data-element_type=\"column\" data-e-type=\"column\" data-settings=\"{&quot;background_background&quot;:&quot;classic&quot;}\">\n\t\t\t<div class=\"elementor-widget-wrap elementor-element-populated\">\n\t\t\t\t\t\t<section class=\"elementor-section elementor-inner-section elementor-element elementor-element-a6e6992 elementor-section-boxed elementor-section-height-default elementor-section-height-default\" data-id=\"a6e6992\" data-element_type=\"section\" data-e-type=\"section\">\n\t\t\t\t\t\t<div class=\"elementor-container elementor-column-gap-no\">\n\t\t\t\t\t<div class=\"elementor-column elementor-col-100 elementor-inner-column elementor-element elementor-element-a4f3964\" data-id=\"a4f3964\" data-element_type=\"column\" data-e-type=\"column\">\n\t\t\t<div class=\"elementor-widget-wrap elementor-element-populated\">\n\t\t\t\t\t\t<div class=\"elementor-element elementor-element-d968b9b elementor-widget elementor-widget-heading\" data-id=\"d968b9b\" data-element_type=\"widget\" data-e-type=\"widget\" data-widget_type=\"heading.default\">\n\t\t\t\t<div class=\"elementor-widget-container\">\n\t\t\t\t\t<h2 class=\"elementor-heading-title elementor-size-default\">Haz realidad tus sue\u00f1os hablando ingl\u00e9s con naturalidad<span class=\"redDot\">.<\/span><\/h2>\t\t\t\t<\/div>\n\t\t\t\t<\/div>\n\t\t\t\t<div class=\"elementor-element elementor-element-dd2aab4 elementor-widget elementor-widget-heading\" data-id=\"dd2aab4\" data-element_type=\"widget\" data-e-type=\"widget\" data-widget_type=\"heading.default\">\n\t\t\t\t<div class=\"elementor-widget-container\">\n\t\t\t\t\t<h3 class=\"elementor-heading-title elementor-size-default\">Nuestra visi\u00f3n<span class=\"redDot\">.<\/span><\/h3>\t\t\t\t<\/div>\n\t\t\t\t<\/div>\n\t\t\t\t<div class=\"elementor-element elementor-element-2037704 elementor-widget elementor-widget-text-editor\" data-id=\"2037704\" data-element_type=\"widget\" data-e-type=\"widget\" data-widget_type=\"text-editor.default\">\n\t\t\t\t<div class=\"elementor-widget-container\">\n\t\t\t\t\t\t\t\t\t<p>Rompe la barrera del idioma.<\/p>\t\t\t\t\t\t\t\t<\/div>\n\t\t\t\t<\/div>\n\t\t\t\t<div class=\"elementor-element elementor-element-a35e32b elementor-widget elementor-widget-text-editor\" data-id=\"a35e32b\" data-element_type=\"widget\" data-e-type=\"widget\" data-widget_type=\"text-editor.default\">\n\t\t\t\t<div class=\"elementor-widget-container\">\n\t\t\t\t\t\t\t\t\t<p>Creemos que la comunicaci\u00f3n oral est\u00e1 en el coraz\u00f3n de la humanidad. Nuestra voz refleja nuestra alma.<\/p><p>Queremos derribar las barreras ling\u00fc\u00edsticas y permitir que personas de todo el mundo se comuniquen f\u00e1cilmente y logren desarrollar su m\u00e1ximo potencial.<\/p><p>Queremos cambiar la vida de las personas y darles la posibilidad de crear sus propias oportunidades.<\/p><p>Queremos crear v\u00ednculos interpersonales e interculturales entre los ciudadanos del mundo a trav\u00e9s del ingl\u00e9s.<\/p>\t\t\t\t\t\t\t\t<\/div>\n\t\t\t\t<\/div>\n\t\t\t\t<div class=\"elementor-element elementor-element-d6b6a8a elementor-widget elementor-widget-heading\" data-id=\"d6b6a8a\" data-element_type=\"widget\" data-e-type=\"widget\" data-widget_type=\"heading.default\">\n\t\t\t\t<div class=\"elementor-widget-container\">\n\t\t\t\t\t<h3 class=\"elementor-heading-title elementor-size-default\">Nuestro concepto<span>.<\/span><\/h3>\t\t\t\t<\/div>\n\t\t\t\t<\/div>\n\t\t\t\t<div class=\"elementor-element elementor-element-34ac3c8 elementor-widget elementor-widget-text-editor\" data-id=\"34ac3c8\" data-element_type=\"widget\" data-e-type=\"widget\" data-widget_type=\"text-editor.default\">\n\t\t\t\t<div class=\"elementor-widget-container\">\n\t\t\t\t\t\t\t\t\t<p>La forma m\u00e1s natural de desarrollar tu fluidez en ingl\u00e9s.<\/p>\t\t\t\t\t\t\t\t<\/div>\n\t\t\t\t<\/div>\n\t\t\t\t<div class=\"elementor-element elementor-element-589f1f7 elementor-widget elementor-widget-text-editor\" data-id=\"589f1f7\" data-element_type=\"widget\" data-e-type=\"widget\" data-widget_type=\"text-editor.default\">\n\t\t\t\t<div class=\"elementor-widget-container\">\n\t\t\t\t\t\t\t\t\t<p>Todos nacemos pol\u00edglotas, capaces de diferenciar todos los sonidos en todos los idiomas, pero en cuanto nos arraigamos a nuestra lengua materna, perdemos la capacidad de o\u00edr ciertos sonidos, especialmente los que no existen en nuestra propia lengua.<\/p><p>Creemos que el sistema de ense\u00f1anza de lenguas extranjeras es muy acad\u00e9mico y se basa en mecanismos que nos limitan en lugar de agudizar nuestras habilidades y sentidos para percibir mejor el idioma. La oferta de propuestas y m\u00e9todos para aprender ingl\u00e9s es enorme pero pocos ofrecen soluciones innovadoras, tanto en el contenido pedag\u00f3gico como en el enfoque t\u00e9cnico.<\/p><p>Estamos convencidos de que es la falta de aprendizaje del ritmo y la musicalidad de la lengua lo que nos impide tener la suficiente fluidez para dominar plenamente su vocabulario y su sintaxis.<\/p><p>Por esta raz\u00f3n, al combinar en nuestro m\u00e9todo las tecnolog\u00edas de la neurociencia y un innovador proceso de aprendizaje basado en la pr\u00e1ctica, tendremos un impacto real y duradero en la capacidad de cada estudiante para entender y hablar ingl\u00e9s con fluidez.<\/p>\t\t\t\t\t\t\t\t<\/div>\n\t\t\t\t<\/div>\n\t\t\t\t<div class=\"elementor-element elementor-element-ff7934c elementor-widget elementor-widget-heading\" data-id=\"ff7934c\" data-element_type=\"widget\" data-e-type=\"widget\" data-widget_type=\"heading.default\">\n\t\t\t\t<div class=\"elementor-widget-container\">\n\t\t\t\t\t<h3 class=\"elementor-heading-title elementor-size-default\">Nuestro ADN<span class=\"redDot\">.<\/span><\/h3>\t\t\t\t<\/div>\n\t\t\t\t<\/div>\n\t\t\t\t<div class=\"elementor-element elementor-element-6784c65 elementor-widget elementor-widget-text-editor\" data-id=\"6784c65\" data-element_type=\"widget\" data-e-type=\"widget\" data-widget_type=\"text-editor.default\">\n\t\t\t\t<div class=\"elementor-widget-container\">\n\t\t\t\t\t\t\t\t\t<p>La forma m\u00e1s natural de desarrollar tu fluidez en ingl\u00e9s.<\/p>\t\t\t\t\t\t\t\t<\/div>\n\t\t\t\t<\/div>\n\t\t\t\t<div class=\"elementor-element elementor-element-0b9afce elementor-widget elementor-widget-text-editor\" data-id=\"0b9afce\" data-element_type=\"widget\" data-e-type=\"widget\" data-widget_type=\"text-editor.default\">\n\t\t\t\t<div class=\"elementor-widget-container\">\n\t\t\t\t\t\t\t\t\t<p>No buscamos diferenciarnos de otras ofertas del sector, porque somos por naturaleza diferentes y complementarios.<\/p><p>Desde hace 60 a\u00f1os, la neurociencia est\u00e1 al centro de nuestra pedagog\u00eda. Nos apoyamos sobre los resultados obtenidos a trav\u00e9s de los a\u00f1os con nuestra tecnolog\u00eda para probar la eficacia de nuestro enfoque.<\/p><p>\u00a0Desarrollar el patrimonio cient\u00edfico que hemos heredado forma parte de nuestro trabajo diario. Por eso es fundamental que demostremos su eficacia, midamos su impacto y, adem\u00e1s, lo hagamos m\u00e1s accesible.<\/p><p>Nos dedicamos a nuestra labor porque creemos que nuestro trabajo tiene el extraordinario poder de cambiar vidas.<\/p>\t\t\t\t\t\t\t\t<\/div>\n\t\t\t\t<\/div>\n\t\t\t\t<div class=\"elementor-element elementor-element-7647f6c elementor-widget elementor-widget-heading\" data-id=\"7647f6c\" data-element_type=\"widget\" data-e-type=\"widget\" data-widget_type=\"heading.default\">\n\t\t\t\t<div class=\"elementor-widget-container\">\n\t\t\t\t\t<h3 class=\"elementor-heading-title elementor-size-default\">Nuestra promesa<span class=\"redDot\">.<\/span><\/h3>\t\t\t\t<\/div>\n\t\t\t\t<\/div>\n\t\t\t\t<div class=\"elementor-element elementor-element-004550f elementor-widget elementor-widget-text-editor\" data-id=\"004550f\" data-element_type=\"widget\" data-e-type=\"widget\" data-widget_type=\"text-editor.default\">\n\t\t\t\t<div class=\"elementor-widget-container\">\n\t\t\t\t\t\t\t\t\t<p>Esfuerzo que da sus frutos.<\/p>\t\t\t\t\t\t\t\t<\/div>\n\t\t\t\t<\/div>\n\t\t\t\t<div class=\"elementor-element elementor-element-1e2970d elementor-widget elementor-widget-text-editor\" data-id=\"1e2970d\" data-element_type=\"widget\" data-e-type=\"widget\" data-widget_type=\"text-editor.default\">\n\t\t\t\t<div class=\"elementor-widget-container\">\n\t\t\t\t\t\t\t\t\t<p>\u201cMagic happens when you don\u2019t give up\u201d<\/p><p>No escatimamos en excelencia y eficiencia. Combinando nuestros esfuerzos con los tuyos es como triunfaremos juntos: s\u00f3lo la constancia y la pr\u00e1ctica dar\u00e1n frutos.<\/p><p>Nuestra historia y nuestro ADN cient\u00edfico nos proh\u00edben hacer promesas poco realistas o adoptar t\u00e9cnicas de marketing seductoras y opacas: promesas de resultados inmediatos, f\u00f3rmulas con costes ocultos, suscripciones&#8230; Para nosotros s\u00f3lo cuenta el resultado.<\/p>\t\t\t\t\t\t\t\t<\/div>\n\t\t\t\t<\/div>\n\t\t\t\t<div class=\"elementor-element elementor-element-26050e7 elementor-hidden-phone elementor-widget elementor-widget-image\" data-id=\"26050e7\" data-element_type=\"widget\" data-e-type=\"widget\" data-widget_type=\"image.default\">\n\t\t\t\t<div class=\"elementor-widget-container\">\n\t\t\t\t\t\t\t\t\t\t\t\t\t\t\t<img fetchpriority=\"high\" decoding=\"async\" width=\"1753\" height=\"1806\" src=\"https:\/\/pronounce.com\/app\/uploads\/2022\/03\/Asset-1-1.jpg\" class=\"attachment-full size-full wp-image-3777\" alt=\"\" srcset=\"https:\/\/pronounce.com\/app\/uploads\/2022\/03\/Asset-1-1.jpg 1753w, https:\/\/pronounce.com\/app\/uploads\/2022\/03\/Asset-1-1-600x618.jpg 600w, https:\/\/pronounce.com\/app\/uploads\/2022\/03\/Asset-1-1-291x300.jpg 291w, https:\/\/pronounce.com\/app\/uploads\/2022\/03\/Asset-1-1-994x1024.jpg 994w, https:\/\/pronounce.com\/app\/uploads\/2022\/03\/Asset-1-1-768x791.jpg 768w, https:\/\/pronounce.com\/app\/uploads\/2022\/03\/Asset-1-1-1491x1536.jpg 1491w, https:\/\/pronounce.com\/app\/uploads\/2022\/03\/Asset-1-1-1200x1236.jpg 1200w\" sizes=\"(max-width: 1753px) 100vw, 1753px\" \/>\t\t\t\t\t\t\t\t\t\t\t\t\t\t\t<\/div>\n\t\t\t\t<\/div>\n\t\t\t\t\t<\/div>\n\t\t<\/div>\n\t\t\t\t\t<\/div>\n\t\t<\/section>\n\t\t\t\t\t<\/div>\n\t\t<\/div>\n\t\t\t\t\t<\/div>\n\t\t<\/section>\n\t\t\t\t<\/div>\n\t\t","protected":false},"excerpt":{"rendered":"<p>Nuestra misi\u00f3n. Haz realidad tus sue\u00f1os hablando ingl\u00e9s con naturalidad. Nuestra visi\u00f3n. Rompe la barrera del idioma. Creemos que la comunicaci\u00f3n oral est\u00e1 en el coraz\u00f3n de la humanidad. Nuestra voz refleja nuestra alma. Queremos derribar las barreras ling\u00fc\u00edsticas y permitir que personas de todo el mundo se comuniquen f\u00e1cilmente y logren desarrollar su m\u00e1ximo [&hellip;]<\/p>\n","protected":false},"author":22,"featured_media":0,"parent":14554,"menu_order":0,"comment_status":"closed","ping_status":"closed","template":"templates\/template-custom.php","meta":{"_acf_changed":false,"footnotes":""},"class_list":["post-14558","page","type-page","status-publish","hentry"],"acf":[],"yoast_head":"<!-- This site is optimized with the Yoast SEO plugin v27.6 - https:\/\/yoast.com\/product\/yoast-seo-wordpress\/ -->\n<title>Nuestra mision - Pronounce<\/title>\n<meta name=\"robots\" content=\"index, follow, max-snippet:-1, max-image-preview:large, max-video-preview:-1\" \/>\n<link rel=\"canonical\" href=\"https:\/\/pronounce.com\/es\/quienes-somos\/nuestra-mision\/\" \/>\n<meta property=\"og:locale\" content=\"es_ES\" \/>\n<meta property=\"og:type\" content=\"article\" \/>\n<meta property=\"og:title\" content=\"Nuestra mision - Pronounce\" \/>\n<meta property=\"og:description\" content=\"Nuestra misi\u00f3n. Haz realidad tus sue\u00f1os hablando ingl\u00e9s con naturalidad. Nuestra visi\u00f3n. Rompe la barrera del idioma. Creemos que la comunicaci\u00f3n oral est\u00e1 en el coraz\u00f3n de la humanidad. Nuestra voz refleja nuestra alma. Queremos derribar las barreras ling\u00fc\u00edsticas y permitir que personas de todo el mundo se comuniquen f\u00e1cilmente y logren desarrollar su m\u00e1ximo [&hellip;]\" \/>\n<meta property=\"og:url\" content=\"https:\/\/pronounce.com\/es\/quienes-somos\/nuestra-mision\/\" \/>\n<meta property=\"og:site_name\" content=\"Pronounce\" \/>\n<meta property=\"article:modified_time\" content=\"2022-09-08T15:17:03+00:00\" \/>\n<meta property=\"og:image\" content=\"https:\/\/pronounce.com\/app\/uploads\/2022\/03\/Asset-1-1.jpg\" \/>\n<meta name=\"twitter:card\" content=\"summary_large_image\" \/>\n<meta name=\"twitter:label1\" content=\"Est. reading time\" \/>\n\t<meta name=\"twitter:data1\" content=\"3 minutes\" \/>\n<script type=\"application\/ld+json\" class=\"yoast-schema-graph\">{\"@context\":\"https:\\\/\\\/schema.org\",\"@graph\":[{\"@type\":\"WebPage\",\"@id\":\"https:\\\/\\\/pronounce.com\\\/es\\\/quienes-somos\\\/nuestra-mision\\\/\",\"url\":\"https:\\\/\\\/pronounce.com\\\/es\\\/quienes-somos\\\/nuestra-mision\\\/\",\"name\":\"Nuestra mision - Pronounce\",\"isPartOf\":{\"@id\":\"https:\\\/\\\/pronounce.com\\\/es\\\/#website\"},\"primaryImageOfPage\":{\"@id\":\"https:\\\/\\\/pronounce.com\\\/es\\\/quienes-somos\\\/nuestra-mision\\\/#primaryimage\"},\"image\":{\"@id\":\"https:\\\/\\\/pronounce.com\\\/es\\\/quienes-somos\\\/nuestra-mision\\\/#primaryimage\"},\"thumbnailUrl\":\"https:\\\/\\\/pronounce.com\\\/app\\\/uploads\\\/2022\\\/03\\\/Asset-1-1.jpg\",\"datePublished\":\"2022-08-29T12:11:23+00:00\",\"dateModified\":\"2022-09-08T15:17:03+00:00\",\"breadcrumb\":{\"@id\":\"https:\\\/\\\/pronounce.com\\\/es\\\/quienes-somos\\\/nuestra-mision\\\/#breadcrumb\"},\"inLanguage\":\"es-ES\",\"potentialAction\":[{\"@type\":\"ReadAction\",\"target\":[\"https:\\\/\\\/pronounce.com\\\/es\\\/quienes-somos\\\/nuestra-mision\\\/\"]}]},{\"@type\":\"ImageObject\",\"inLanguage\":\"es-ES\",\"@id\":\"https:\\\/\\\/pronounce.com\\\/es\\\/quienes-somos\\\/nuestra-mision\\\/#primaryimage\",\"url\":\"https:\\\/\\\/pronounce.com\\\/app\\\/uploads\\\/2022\\\/03\\\/Asset-1-1.jpg\",\"contentUrl\":\"https:\\\/\\\/pronounce.com\\\/app\\\/uploads\\\/2022\\\/03\\\/Asset-1-1.jpg\"},{\"@type\":\"BreadcrumbList\",\"@id\":\"https:\\\/\\\/pronounce.com\\\/es\\\/quienes-somos\\\/nuestra-mision\\\/#breadcrumb\",\"itemListElement\":[{\"@type\":\"ListItem\",\"position\":1,\"name\":\"Home\",\"item\":\"https:\\\/\\\/pronounce.com\\\/es\\\/\"},{\"@type\":\"ListItem\",\"position\":2,\"name\":\"\u00bfQuienes somos?\",\"item\":\"https:\\\/\\\/pronounce.com\\\/es\\\/o-nas\\\/\"},{\"@type\":\"ListItem\",\"position\":3,\"name\":\"Nuestra mision\"}]},{\"@type\":\"WebSite\",\"@id\":\"https:\\\/\\\/pronounce.com\\\/es\\\/#website\",\"url\":\"https:\\\/\\\/pronounce.com\\\/es\\\/\",\"name\":\"Pronounce\",\"description\":\"\",\"potentialAction\":[{\"@type\":\"SearchAction\",\"target\":{\"@type\":\"EntryPoint\",\"urlTemplate\":\"https:\\\/\\\/pronounce.com\\\/es\\\/?s={search_term_string}\"},\"query-input\":{\"@type\":\"PropertyValueSpecification\",\"valueRequired\":true,\"valueName\":\"search_term_string\"}}],\"inLanguage\":\"es-ES\"}]}<\/script>\n<!-- \/ Yoast SEO plugin. -->","yoast_head_json":{"title":"Nuestra mision - Pronounce","robots":{"index":"index","follow":"follow","max-snippet":"max-snippet:-1","max-image-preview":"max-image-preview:large","max-video-preview":"max-video-preview:-1"},"canonical":"https:\/\/pronounce.com\/es\/quienes-somos\/nuestra-mision\/","og_locale":"es_ES","og_type":"article","og_title":"Nuestra mision - Pronounce","og_description":"Nuestra misi\u00f3n. Haz realidad tus sue\u00f1os hablando ingl\u00e9s con naturalidad. Nuestra visi\u00f3n. Rompe la barrera del idioma. Creemos que la comunicaci\u00f3n oral est\u00e1 en el coraz\u00f3n de la humanidad. Nuestra voz refleja nuestra alma. Queremos derribar las barreras ling\u00fc\u00edsticas y permitir que personas de todo el mundo se comuniquen f\u00e1cilmente y logren desarrollar su m\u00e1ximo [&hellip;]","og_url":"https:\/\/pronounce.com\/es\/quienes-somos\/nuestra-mision\/","og_site_name":"Pronounce","article_modified_time":"2022-09-08T15:17:03+00:00","og_image":[{"url":"https:\/\/pronounce.com\/app\/uploads\/2022\/03\/Asset-1-1.jpg","type":"","width":"","height":""}],"twitter_card":"summary_large_image","twitter_misc":{"Est. reading time":"3 minutes"},"schema":{"@context":"https:\/\/schema.org","@graph":[{"@type":"WebPage","@id":"https:\/\/pronounce.com\/es\/quienes-somos\/nuestra-mision\/","url":"https:\/\/pronounce.com\/es\/quienes-somos\/nuestra-mision\/","name":"Nuestra mision - Pronounce","isPartOf":{"@id":"https:\/\/pronounce.com\/es\/#website"},"primaryImageOfPage":{"@id":"https:\/\/pronounce.com\/es\/quienes-somos\/nuestra-mision\/#primaryimage"},"image":{"@id":"https:\/\/pronounce.com\/es\/quienes-somos\/nuestra-mision\/#primaryimage"},"thumbnailUrl":"https:\/\/pronounce.com\/app\/uploads\/2022\/03\/Asset-1-1.jpg","datePublished":"2022-08-29T12:11:23+00:00","dateModified":"2022-09-08T15:17:03+00:00","breadcrumb":{"@id":"https:\/\/pronounce.com\/es\/quienes-somos\/nuestra-mision\/#breadcrumb"},"inLanguage":"es-ES","potentialAction":[{"@type":"ReadAction","target":["https:\/\/pronounce.com\/es\/quienes-somos\/nuestra-mision\/"]}]},{"@type":"ImageObject","inLanguage":"es-ES","@id":"https:\/\/pronounce.com\/es\/quienes-somos\/nuestra-mision\/#primaryimage","url":"https:\/\/pronounce.com\/app\/uploads\/2022\/03\/Asset-1-1.jpg","contentUrl":"https:\/\/pronounce.com\/app\/uploads\/2022\/03\/Asset-1-1.jpg"},{"@type":"BreadcrumbList","@id":"https:\/\/pronounce.com\/es\/quienes-somos\/nuestra-mision\/#breadcrumb","itemListElement":[{"@type":"ListItem","position":1,"name":"Home","item":"https:\/\/pronounce.com\/es\/"},{"@type":"ListItem","position":2,"name":"\u00bfQuienes somos?","item":"https:\/\/pronounce.com\/es\/o-nas\/"},{"@type":"ListItem","position":3,"name":"Nuestra mision"}]},{"@type":"WebSite","@id":"https:\/\/pronounce.com\/es\/#website","url":"https:\/\/pronounce.com\/es\/","name":"Pronounce","description":"","potentialAction":[{"@type":"SearchAction","target":{"@type":"EntryPoint","urlTemplate":"https:\/\/pronounce.com\/es\/?s={search_term_string}"},"query-input":{"@type":"PropertyValueSpecification","valueRequired":true,"valueName":"search_term_string"}}],"inLanguage":"es-ES"}]}},"_links":{"self":[{"href":"https:\/\/pronounce.com\/es\/wp-json\/wp\/v2\/pages\/14558","targetHints":{"allow":["GET"]}}],"collection":[{"href":"https:\/\/pronounce.com\/es\/wp-json\/wp\/v2\/pages"}],"about":[{"href":"https:\/\/pronounce.com\/es\/wp-json\/wp\/v2\/types\/page"}],"author":[{"embeddable":true,"href":"https:\/\/pronounce.com\/es\/wp-json\/wp\/v2\/users\/22"}],"replies":[{"embeddable":true,"href":"https:\/\/pronounce.com\/es\/wp-json\/wp\/v2\/comments?post=14558"}],"version-history":[{"count":3,"href":"https:\/\/pronounce.com\/es\/wp-json\/wp\/v2\/pages\/14558\/revisions"}],"predecessor-version":[{"id":15418,"href":"https:\/\/pronounce.com\/es\/wp-json\/wp\/v2\/pages\/14558\/revisions\/15418"}],"up":[{"embeddable":true,"href":"https:\/\/pronounce.com\/es\/wp-json\/wp\/v2\/pages\/14554"}],"wp:attachment":[{"href":"https:\/\/pronounce.com\/es\/wp-json\/wp\/v2\/media?parent=14558"}],"curies":[{"name":"wp","href":"https:\/\/api.w.org\/{rel}","templated":true}]}}